{"id":82368,"date":"2024-03-07T11:57:36","date_gmt":"2024-03-07T12:09:55","guid":{"rendered":"https:\/\/factory.sale\/?post_type=product&#038;p=82368"},"modified":"2026-03-23T22:24:46","modified_gmt":"2026-03-23T19:24:46","slug":"ulkosuihku","status":"publish","type":"product","link":"https:\/\/factory.sale\/fi\/tuote\/ulkosuihku\/","title":{"rendered":"Pihasuihku"},"content":{"rendered":"<p>Olitpa viilentym\u00e4ss\u00e4 saunan j\u00e4lkeen tai huuhtelemassa itse\u00e4si ennen porealtaaseen menoa, meid\u00e4n ulkosuihkumme lis\u00e4\u00e4 ulkoalueellesi luksuksen ja k\u00e4yt\u00e4nn\u00f6llisyyden kerroksen. Se on t\u00e4rke\u00e4 osa hyvinvointirutiiniasi, varmistaen, ett\u00e4 tunnet olosi virkistyneeksi ja valmiiksi rentoutumaan.<\/p>\n<p>&nbsp;<\/p>\n<p>Sein\u00e4n paksuus 38mm<\/p>\n<p>Mitat: 2200x1200mm<\/p>\n<p>&nbsp;<\/p>\n<p>&nbsp;<\/p>\n<p><strong>Puuvaihtoehdot:<\/strong><\/p>\n<ul>\n<li>Kuusi &#8211; 1035 \u20ac<\/li>\n<li>L\u00e4mp\u00f6k\u00e4sitelty puu &#8211; 1391,50 \u20ac<\/li>\n<\/ul>\n<p>&nbsp;<\/p>\n<p>&nbsp;<\/p>\n","protected":false},"excerpt":{"rendered":"<p>Nosta rentoutumiskokemuksesi uudelle tasolle meid\u00e4n ulkosuihkullamme, joka on t\u00e4ydellinen lis\u00e4 ulkosaunaasi tai tynnyrisaunaasi. Kuvittele astuvasi ulos saunasi h\u00f6yry\u00e4v\u00e4st\u00e4 l\u00e4mm\u00f6st\u00e4 tai porealtaan rauhoittavista kuplista ja siirtyv\u00e4si luonnollisen suihkun raikkaaseen syleilyyn, ymp\u00e4r\u00f6ityn\u00e4 oman takapihasi kauneudesta.<\/p>\n<p>&nbsp;<\/p>\n","protected":false},"featured_media":82349,"comment_status":"open","ping_status":"closed","template":"","meta":{"_acf_changed":false},"factory":[],"free-shipment":[],"product_brand":[],"product_cat":[1317,1644],"product_tag":[1488,2106,1612,617],"class_list":{"0":"post-82368","1":"product","2":"type-product","3":"status-publish","4":"has-post-thumbnail","6":"product_cat-sauna-fi","7":"product_cat-tynnyrisauna","8":"product_tag-garden-fi","9":"product_tag-sauna-fi","10":"product_tag-spruce-fi","11":"product_tag-wood-fi","13":"first","14":"instock","15":"sale","16":"taxable","17":"shipping-taxable","18":"purchasable","19":"product-type-simple"},"acf":[],"_links":{"self":[{"href":"https:\/\/factory.sale\/fi\/wp-json\/wp\/v2\/product\/82368","targetHints":{"allow":["GET"]}}],"collection":[{"href":"https:\/\/factory.sale\/fi\/wp-json\/wp\/v2\/product"}],"about":[{"href":"https:\/\/factory.sale\/fi\/wp-json\/wp\/v2\/types\/product"}],"replies":[{"embeddable":true,"href":"https:\/\/factory.sale\/fi\/wp-json\/wp\/v2\/comments?post=82368"}],"wp:featuredmedia":[{"embeddable":true,"href":"https:\/\/factory.sale\/fi\/wp-json\/wp\/v2\/media\/82349"}],"wp:attachment":[{"href":"https:\/\/factory.sale\/fi\/wp-json\/wp\/v2\/media?parent=82368"}],"wp:term":[{"taxonomy":"factory","embeddable":true,"href":"https:\/\/factory.sale\/fi\/wp-json\/wp\/v2\/factory?post=82368"},{"taxonomy":"free-shipment","embeddable":true,"href":"https:\/\/factory.sale\/fi\/wp-json\/wp\/v2\/free-shipment?post=82368"},{"taxonomy":"product_brand","embeddable":true,"href":"https:\/\/factory.sale\/fi\/wp-json\/wp\/v2\/product_brand?post=82368"},{"taxonomy":"product_cat","embeddable":true,"href":"https:\/\/factory.sale\/fi\/wp-json\/wp\/v2\/product_cat?post=82368"},{"taxonomy":"product_tag","embeddable":true,"href":"https:\/\/factory.sale\/fi\/wp-json\/wp\/v2\/product_tag?post=82368"}],"curies":[{"name":"wp","href":"https:\/\/api.w.org\/{rel}","templated":true}]}}