{"id":82317,"date":"2024-03-07T10:03:04","date_gmt":"2024-03-07T10:41:07","guid":{"rendered":"https:\/\/factory.sale\/?post_type=product&#038;p=82317"},"modified":"2024-07-18T13:57:08","modified_gmt":"2024-07-18T10:57:08","slug":"inmotion-v11-sahkoinen-yksipyorainen","status":"publish","type":"product","link":"https:\/\/factory.sale\/fi\/tuote\/inmotion-v11-sahkoinen-yksipyorainen\/","title":{"rendered":"InMotion V11 s\u00e4hk\u00f6inen yksipy\u00f6r\u00e4inen"},"content":{"rendered":"<p>Ammattipy\u00f6r\u00e4ilij\u00f6ille rakennetussa V11:ss\u00e4 on maailman ensimm\u00e4inen sis\u00e4\u00e4nrakennettu ilmajousipoljinjousitus, jonka jopa 3,3&#8243; pystysuuntainen liike vaimentaa mahdolliset kolhut ja kaatumiset. Lis\u00e4ksi V11:ss\u00e4 on 18&#8243; x 3&#8243; rengas, joka tarjoaa sinulle enemm\u00e4n vakautta.<\/p>\n<p>Hy\u00f6dynn\u00e4 V11:n kahta latausporttia 5 A:n yhdistettyyn lataukseen toisella laturilla!<\/p>\n<p>Etk\u00f6 halua kantaa mukana kahta laturia, mutta haluat silti 5A latauksen? Haluatko ladata akkusi osittain pident\u00e4\u00e4ksesi sen k\u00e4ytt\u00f6ik\u00e4\u00e4? Sitten t\u00e4m\u00e4 on laturi sinulle!<\/p>\n<p>Ensimm\u00e4inen s\u00e4hk\u00f6inen yksipy\u00f6r\u00e4, jossa on sis\u00e4\u00e4nrakennettu s\u00e4\u00e4dett\u00e4v\u00e4 jousitus.<\/p>\n<p><strong>Tekniset tiedot:<\/strong><\/p>\n<p>Kantama: ~60 mailia max<br \/>\nMoottorin teho: 2200 W (kest\u00e4\u00e4 pitki\u00e4 aikoja, voi olla paljon korkeampi)<br \/>\nAkku: 1500WH 84V<br \/>\nLatausaika: 5 tuntia kahdella laturilla (10 tuntia yhdell\u00e4 laturilla)<br \/>\nSuurin nopeus: 31 mph (huippunopeus ihanteellisissa olosuhteissa, 34 mph avattavissa sovelluksessa)<br \/>\nNousukulma: 35 astetta<br \/>\nRengas: 18 x 3 tuumaa<br \/>\nPaino: 60 lbs<br \/>\nKantavuus: 265 lbs<br \/>\nIP-luokitus: IP55<br \/>\nJohtava j\u00e4\u00e4hdytysj\u00e4rjestelm\u00e4 tehokkaaseen l\u00e4mm\u00f6npoistoon (konvektio, johtuminen, tuuletin)<br \/>\nValot: Edess\u00e4 (7800 luksia) ja takana autotason takavalo<br \/>\nLaturin l\u00e4ht\u00f6: DC 84V* 2,5A<br \/>\nKehittyneet sovelluksen sis\u00e4iset tilastot antavat sinulle p\u00e4\u00e4syn tietoihin, joiden avulla voit seurata suorituskyky\u00e4si ja k\u00e4ytt\u00f6tottumuksiasi. Suunniteltu alusta alkaen optimaaliseen painon jakautumiseen ja tinkim\u00e4tt\u00f6m\u00e4\u00e4n muotoon.<\/p>\n<p><strong>Taitettava kahva<\/strong><\/p>\n<p>Sinun ei tarvitse kantaa kyyti\u00e4si &#8211; vierit\u00e4 sit\u00e4 vierell\u00e4si kuin matkatavaraa.<\/p>\n<p><strong><img loading=\"lazy\" decoding=\"async\" class=\"alignnone wp-image-82255\" src=\"https:\/\/factory.sale\/wp-content\/uploads\/2024\/03\/fold-up-handle-300x209.png\" alt=\"\" width=\"413\" height=\"288\" srcset=\"https:\/\/factory.sale\/wp-content\/uploads\/2024\/03\/fold-up-handle-300x209.png 300w, https:\/\/factory.sale\/wp-content\/uploads\/2024\/03\/fold-up-handle-150x105.png 150w, https:\/\/factory.sale\/wp-content\/uploads\/2024\/03\/fold-up-handle-600x418.png 600w, https:\/\/factory.sale\/wp-content\/uploads\/2024\/03\/fold-up-handle.png 904w\" sizes=\"auto, (max-width: 413px) 100vw, 413px\" \/><\/strong><\/p>\n<p><strong>Mittatilausty\u00f6n\u00e4 valmistettu moottori<\/strong><\/p>\n<p>Parannetulla v\u00e4\u00e4nt\u00f6momentilla<\/p>\n<p><img loading=\"lazy\" decoding=\"async\" class=\"alignnone wp-image-82258\" src=\"https:\/\/factory.sale\/wp-content\/uploads\/2024\/03\/motor-300x212.png\" alt=\"\" width=\"418\" height=\"295\" srcset=\"https:\/\/factory.sale\/wp-content\/uploads\/2024\/03\/motor-300x212.png 300w, https:\/\/factory.sale\/wp-content\/uploads\/2024\/03\/motor-150x106.png 150w, https:\/\/factory.sale\/wp-content\/uploads\/2024\/03\/motor-600x424.png 600w, https:\/\/factory.sale\/wp-content\/uploads\/2024\/03\/motor.png 816w\" sizes=\"auto, (max-width: 418px) 100vw, 418px\" \/><\/p>\n<p><strong>Kaksi latausporttia<\/strong><\/p>\n<p>Lyhenn\u00e4 latausaikaa 2x<br \/>\n(mukana my\u00f6s USB-latausliit\u00e4nt\u00e4)<\/p>\n<p><img loading=\"lazy\" decoding=\"async\" class=\"alignnone wp-image-82261\" src=\"https:\/\/factory.sale\/wp-content\/uploads\/2024\/03\/charge-port-300x211.png\" alt=\"\" width=\"423\" height=\"298\" srcset=\"https:\/\/factory.sale\/wp-content\/uploads\/2024\/03\/charge-port-300x211.png 300w, https:\/\/factory.sale\/wp-content\/uploads\/2024\/03\/charge-port-150x105.png 150w, https:\/\/factory.sale\/wp-content\/uploads\/2024\/03\/charge-port-600x421.png 600w, https:\/\/factory.sale\/wp-content\/uploads\/2024\/03\/charge-port.png 818w\" sizes=\"auto, (max-width: 423px) 100vw, 423px\" \/><\/p>\n<p><strong>Responsiivinen jarruvalo<\/strong><\/p>\n<p>Ajoneuvomainen jarruvalo<\/p>\n<p><img loading=\"lazy\" decoding=\"async\" class=\"alignnone wp-image-82264\" src=\"https:\/\/factory.sale\/wp-content\/uploads\/2024\/03\/brake-light-300x218.png\" alt=\"\" width=\"422\" height=\"306\" srcset=\"https:\/\/factory.sale\/wp-content\/uploads\/2024\/03\/brake-light-300x218.png 300w, https:\/\/factory.sale\/wp-content\/uploads\/2024\/03\/brake-light-150x109.png 150w, https:\/\/factory.sale\/wp-content\/uploads\/2024\/03\/brake-light-600x435.png 600w, https:\/\/factory.sale\/wp-content\/uploads\/2024\/03\/brake-light.png 822w\" sizes=\"auto, (max-width: 422px) 100vw, 422px\" \/><\/p>\n<p><strong>Kirkas ajovalo<\/strong><\/p>\n<p>7800lux &#8211; markkinoiden kirkkain s\u00e4hk\u00f6inen yksipy\u00f6r\u00e4.<\/p>\n<p><img loading=\"lazy\" decoding=\"async\" class=\"alignnone wp-image-82268\" src=\"https:\/\/factory.sale\/wp-content\/uploads\/2024\/03\/headlight-300x228.png\" alt=\"\" width=\"422\" height=\"320\" srcset=\"https:\/\/factory.sale\/wp-content\/uploads\/2024\/03\/headlight-300x228.png 300w, https:\/\/factory.sale\/wp-content\/uploads\/2024\/03\/headlight-150x114.png 150w, https:\/\/factory.sale\/wp-content\/uploads\/2024\/03\/headlight-600x455.png 600w, https:\/\/factory.sale\/wp-content\/uploads\/2024\/03\/headlight.png 822w\" sizes=\"auto, (max-width: 422px) 100vw, 422px\" \/><\/p>\n<p><strong>Upotetut akut<\/strong><\/p>\n<p>Akut on upotettu moottoriin alemman painopisteen ja paremman k\u00e4sittelyn takaamiseksi.<\/p>\n<p><img loading=\"lazy\" decoding=\"async\" class=\"alignnone wp-image-82272\" src=\"https:\/\/factory.sale\/wp-content\/uploads\/2024\/03\/batteries-300x227.png\" alt=\"\" width=\"419\" height=\"317\" srcset=\"https:\/\/factory.sale\/wp-content\/uploads\/2024\/03\/batteries-300x227.png 300w, https:\/\/factory.sale\/wp-content\/uploads\/2024\/03\/batteries-150x114.png 150w, https:\/\/factory.sale\/wp-content\/uploads\/2024\/03\/batteries-600x454.png 600w, https:\/\/factory.sale\/wp-content\/uploads\/2024\/03\/batteries.png 822w\" sizes=\"auto, (max-width: 419px) 100vw, 419px\" \/><\/p>\n<p><strong>Johtava j\u00e4\u00e4hdytysj\u00e4rjestelm\u00e4<\/strong><\/p>\n<p>Kolminkertainen l\u00e4mm\u00f6npoisto (konvektio, johtuminen, tuuletin)<\/p>\n<p><img loading=\"lazy\" decoding=\"async\" class=\"alignnone wp-image-82277\" src=\"https:\/\/factory.sale\/wp-content\/uploads\/2024\/03\/cooling-system-300x230.png\" alt=\"\" width=\"421\" height=\"323\" srcset=\"https:\/\/factory.sale\/wp-content\/uploads\/2024\/03\/cooling-system-300x230.png 300w, https:\/\/factory.sale\/wp-content\/uploads\/2024\/03\/cooling-system-150x115.png 150w, https:\/\/factory.sale\/wp-content\/uploads\/2024\/03\/cooling-system-600x460.png 600w, https:\/\/factory.sale\/wp-content\/uploads\/2024\/03\/cooling-system.png 822w\" sizes=\"auto, (max-width: 421px) 100vw, 421px\" \/><\/p>\n<p><strong>Parannettu ohjauspaneeli<\/strong><\/p>\n<p>12 laadukasta MOSFETi\u00e4 tarkoittaa, ett\u00e4 t\u00e4rke\u00e4t komponentit ovat aina valmiina tukemaan sinua<\/p>\n<p><img loading=\"lazy\" decoding=\"async\" class=\"alignnone wp-image-82280\" src=\"https:\/\/factory.sale\/wp-content\/uploads\/2024\/03\/control-300x231.png\" alt=\"\" width=\"417\" height=\"321\" srcset=\"https:\/\/factory.sale\/wp-content\/uploads\/2024\/03\/control-300x231.png 300w, https:\/\/factory.sale\/wp-content\/uploads\/2024\/03\/control-150x115.png 150w, https:\/\/factory.sale\/wp-content\/uploads\/2024\/03\/control-600x462.png 600w, https:\/\/factory.sale\/wp-content\/uploads\/2024\/03\/control.png 826w\" sizes=\"auto, (max-width: 417px) 100vw, 417px\" \/><\/p>\n<p><strong>Suuret polkimet<\/strong><\/p>\n<p>Varustettu pitoteipill\u00e4 20 % kitkan lis\u00e4\u00e4mist\u00e4 varten<\/p>\n<p><img loading=\"lazy\" decoding=\"async\" class=\"alignnone wp-image-82283\" src=\"https:\/\/factory.sale\/wp-content\/uploads\/2024\/03\/large-pedals-300x234.png\" alt=\"\" width=\"416\" height=\"325\" srcset=\"https:\/\/factory.sale\/wp-content\/uploads\/2024\/03\/large-pedals-300x234.png 300w, https:\/\/factory.sale\/wp-content\/uploads\/2024\/03\/large-pedals-150x117.png 150w, https:\/\/factory.sale\/wp-content\/uploads\/2024\/03\/large-pedals-600x468.png 600w, https:\/\/factory.sale\/wp-content\/uploads\/2024\/03\/large-pedals.png 818w\" sizes=\"auto, (max-width: 416px) 100vw, 416px\" \/><\/p>\n<p><strong>Sis\u00e4\u00e4nrakennettu teline<\/strong><\/p>\n<p>Ensimm\u00e4inen s\u00e4hk\u00f6inen yksipy\u00f6r\u00e4, joka seisoo yksin\u00e4\u00e4n<\/p>\n<p><img loading=\"lazy\" decoding=\"async\" class=\"alignnone wp-image-82288\" src=\"https:\/\/factory.sale\/wp-content\/uploads\/2024\/03\/stand-300x240.png\" alt=\"\" width=\"410\" height=\"328\" srcset=\"https:\/\/factory.sale\/wp-content\/uploads\/2024\/03\/stand-300x240.png 300w, https:\/\/factory.sale\/wp-content\/uploads\/2024\/03\/stand-150x120.png 150w, https:\/\/factory.sale\/wp-content\/uploads\/2024\/03\/stand-600x479.png 600w, https:\/\/factory.sale\/wp-content\/uploads\/2024\/03\/stand.png 826w\" sizes=\"auto, (max-width: 410px) 100vw, 410px\" \/><\/p>\n<p><strong>Leve\u00e4mpi 3&#8243; rengas<\/strong><\/p>\n<p>Parempi pito, selvi\u00e4\u00e4 miss\u00e4 tahansa maastossa<\/p>\n<p><img loading=\"lazy\" decoding=\"async\" class=\"alignnone wp-image-82291\" src=\"https:\/\/factory.sale\/wp-content\/uploads\/2024\/03\/tire-300x245.png\" alt=\"\" width=\"413\" height=\"338\" srcset=\"https:\/\/factory.sale\/wp-content\/uploads\/2024\/03\/tire-300x245.png 300w, https:\/\/factory.sale\/wp-content\/uploads\/2024\/03\/tire-150x122.png 150w, https:\/\/factory.sale\/wp-content\/uploads\/2024\/03\/tire-600x489.png 600w, https:\/\/factory.sale\/wp-content\/uploads\/2024\/03\/tire.png 822w\" sizes=\"auto, (max-width: 413px) 100vw, 413px\" \/><\/p>\n<p><strong>Sis\u00e4\u00e4nrakennettu ilmajousitus<\/strong><\/p>\n<p>2,75&#8243; jousitusmatka<\/p>\n<p><img loading=\"lazy\" decoding=\"async\" class=\"alignnone wp-image-82294\" src=\"https:\/\/factory.sale\/wp-content\/uploads\/2024\/03\/air-suspension-300x244.png\" alt=\"\" width=\"411\" height=\"334\" srcset=\"https:\/\/factory.sale\/wp-content\/uploads\/2024\/03\/air-suspension-300x244.png 300w, https:\/\/factory.sale\/wp-content\/uploads\/2024\/03\/air-suspension-150x122.png 150w, https:\/\/factory.sale\/wp-content\/uploads\/2024\/03\/air-suspension-600x487.png 600w, https:\/\/factory.sale\/wp-content\/uploads\/2024\/03\/air-suspension.png 820w\" sizes=\"auto, (max-width: 411px) 100vw, 411px\" \/><\/p>\n<div class=\"video-wrapper \"><iframe loading=\"lazy\" title=\"InMotion V11 - Overview and Off-Road Comparison\" width=\"500\" height=\"281\" src=\"https:\/\/www.youtube.com\/embed\/eLRzXR5gKHQ?feature=oembed\" frameborder=\"0\" allow=\"accelerometer; autoplay; clipboard-write; encrypted-media; gyroscope; picture-in-picture; web-share\" referrerpolicy=\"strict-origin-when-cross-origin\" allowfullscreen><\/iframe><\/div>\n","protected":false},"excerpt":{"rendered":"<p>Ammattipy\u00f6r\u00e4ilij\u00f6ille rakennetussa V11:ss\u00e4 on maailman ensimm\u00e4inen sis\u00e4\u00e4nrakennettu ilmajousipoljinjousitus, jonka jopa 3,3&#8243; pystysuuntainen liike vaimentaa mahdolliset kolhut ja kaatumiset. Lis\u00e4ksi V11:ss\u00e4 on 18&#8243; x 3&#8243; rengas, joka tarjoaa sinulle enemm\u00e4n vakautta.<\/p>\n","protected":false},"featured_media":82301,"comment_status":"open","ping_status":"closed","template":"","meta":{"_acf_changed":false},"factory":[],"free-shipment":[],"product_brand":[],"product_cat":[1311,1314],"product_tag":[],"class_list":{"0":"post-82317","1":"product","2":"type-product","3":"status-publish","4":"has-post-thumbnail","6":"product_cat-viihde-elektroniikka","7":"product_cat-yksipyora","9":"first","10":"instock","11":"sale","12":"taxable","13":"shipping-taxable","14":"purchasable","15":"product-type-simple"},"acf":[],"_links":{"self":[{"href":"https:\/\/factory.sale\/fi\/wp-json\/wp\/v2\/product\/82317","targetHints":{"allow":["GET"]}}],"collection":[{"href":"https:\/\/factory.sale\/fi\/wp-json\/wp\/v2\/product"}],"about":[{"href":"https:\/\/factory.sale\/fi\/wp-json\/wp\/v2\/types\/product"}],"replies":[{"embeddable":true,"href":"https:\/\/factory.sale\/fi\/wp-json\/wp\/v2\/comments?post=82317"}],"wp:featuredmedia":[{"embeddable":true,"href":"https:\/\/factory.sale\/fi\/wp-json\/wp\/v2\/media\/82301"}],"wp:attachment":[{"href":"https:\/\/factory.sale\/fi\/wp-json\/wp\/v2\/media?parent=82317"}],"wp:term":[{"taxonomy":"factory","embeddable":true,"href":"https:\/\/factory.sale\/fi\/wp-json\/wp\/v2\/factory?post=82317"},{"taxonomy":"free-shipment","embeddable":true,"href":"https:\/\/factory.sale\/fi\/wp-json\/wp\/v2\/free-shipment?post=82317"},{"taxonomy":"product_brand","embeddable":true,"href":"https:\/\/factory.sale\/fi\/wp-json\/wp\/v2\/product_brand?post=82317"},{"taxonomy":"product_cat","embeddable":true,"href":"https:\/\/factory.sale\/fi\/wp-json\/wp\/v2\/product_cat?post=82317"},{"taxonomy":"product_tag","embeddable":true,"href":"https:\/\/factory.sale\/fi\/wp-json\/wp\/v2\/product_tag?post=82317"}],"curies":[{"name":"wp","href":"https:\/\/api.w.org\/{rel}","templated":true}]}}