{"id":81505,"date":"2024-03-04T09:09:21","date_gmt":"2024-03-04T09:26:03","guid":{"rendered":"https:\/\/factory.sale\/?post_type=product&#038;p=81505"},"modified":"2024-07-01T07:07:23","modified_gmt":"2024-07-01T07:07:23","slug":"hierontatuoli-beige","status":"publish","type":"product","link":"https:\/\/factory.sale\/fi\/tuote\/hierontatuoli-beige\/","title":{"rendered":"Hierontatuoli beige"},"content":{"rendered":"<p>Laadukkaalla keinonahkaverhoilulla ja tihe\u00e4ll\u00e4 pehmusteella varustettu py\u00f6riv\u00e4 nojatuoli tarjoaa ylimm\u00e4n mukavuuden. Nojatuolissa on py\u00f6riv\u00e4 j\u00e4rjestelm\u00e4, joka mahdollistaa 360 asteen n\u00e4kym\u00e4n huoneeseen. Keinuva hierontatuoli sis\u00e4lt\u00e4\u00e4 8 hierontanodulia koko kehon rentouttamiseen. L\u00e4mmityksen ansiosta nojatuoli s\u00e4teilee mukavaa l\u00e4mp\u00f6\u00e4, v\u00e4hent\u00e4en j\u00e4nnityst\u00e4. Selk\u00e4nojaa ja jalkatukea voidaan s\u00e4\u00e4t\u00e4\u00e4 tarpeen mukaan eri kulmiin. Mukana tulevaa kaukos\u00e4\u00e4dint\u00e4 voidaan s\u00e4ilytt\u00e4\u00e4 hierontatuolin sivutaskussa.<\/p>\n<p>&nbsp;<\/p>\n<p><strong>Tuotetiedot:<\/strong><\/p>\n<ul>\n<li>2 hierontavoimakkuutta, korkea\/matala<\/li>\n<li>8 hierontatyyny\u00e4<\/li>\n<li>S\u00e4\u00e4dett\u00e4v\u00e4 selk\u00e4- ja jalkatuki<\/li>\n<li>Tuoli py\u00f6rii 360\u00b0<\/li>\n<li>Mekanismituoliin sis\u00e4ltyy kaukos\u00e4\u00e4din<\/li>\n<li>Virtal\u00e4hde: 220 V<\/li>\n<li>Painorajoitus: 110 kg<\/li>\n<li>Materiaali: keinonahka<\/li>\n<li>Tuotteen paino: 56 kg<\/li>\n<li>V\u00e4ri: beige<\/li>\n<\/ul>\n","protected":false},"excerpt":{"rendered":"<p>Ammattimaisilla toiminnoilla varustettu hierontatuoli kotik\u00e4ytt\u00f6\u00f6n.<\/p>\n","protected":false},"featured_media":81480,"comment_status":"open","ping_status":"closed","template":"","meta":{"_acf_changed":false},"factory":[],"free-shipment":[],"product_brand":[],"product_cat":[1319],"product_tag":[],"class_list":{"0":"post-81505","1":"product","2":"type-product","3":"status-publish","4":"has-post-thumbnail","6":"product_cat-huonekalut","8":"first","9":"instock","10":"sale","11":"taxable","12":"shipping-taxable","13":"purchasable","14":"product-type-simple"},"acf":[],"_links":{"self":[{"href":"https:\/\/factory.sale\/fi\/wp-json\/wp\/v2\/product\/81505","targetHints":{"allow":["GET"]}}],"collection":[{"href":"https:\/\/factory.sale\/fi\/wp-json\/wp\/v2\/product"}],"about":[{"href":"https:\/\/factory.sale\/fi\/wp-json\/wp\/v2\/types\/product"}],"replies":[{"embeddable":true,"href":"https:\/\/factory.sale\/fi\/wp-json\/wp\/v2\/comments?post=81505"}],"wp:featuredmedia":[{"embeddable":true,"href":"https:\/\/factory.sale\/fi\/wp-json\/wp\/v2\/media\/81480"}],"wp:attachment":[{"href":"https:\/\/factory.sale\/fi\/wp-json\/wp\/v2\/media?parent=81505"}],"wp:term":[{"taxonomy":"factory","embeddable":true,"href":"https:\/\/factory.sale\/fi\/wp-json\/wp\/v2\/factory?post=81505"},{"taxonomy":"free-shipment","embeddable":true,"href":"https:\/\/factory.sale\/fi\/wp-json\/wp\/v2\/free-shipment?post=81505"},{"taxonomy":"product_brand","embeddable":true,"href":"https:\/\/factory.sale\/fi\/wp-json\/wp\/v2\/product_brand?post=81505"},{"taxonomy":"product_cat","embeddable":true,"href":"https:\/\/factory.sale\/fi\/wp-json\/wp\/v2\/product_cat?post=81505"},{"taxonomy":"product_tag","embeddable":true,"href":"https:\/\/factory.sale\/fi\/wp-json\/wp\/v2\/product_tag?post=81505"}],"curies":[{"name":"wp","href":"https:\/\/api.w.org\/{rel}","templated":true}]}}