{"id":79219,"date":"2024-02-25T21:50:18","date_gmt":"2024-02-25T22:04:45","guid":{"rendered":"https:\/\/factory.sale\/?post_type=product&#038;p=79219"},"modified":"2024-06-26T14:54:43","modified_gmt":"2024-06-26T14:54:43","slug":"suihkutila-vetro-501","status":"publish","type":"product","link":"https:\/\/factory.sale\/fi\/tuote\/suihkutila-vetro-501\/","title":{"rendered":"Suihkutila VETRO 501"},"content":{"rendered":"<p>T\u00e4ysin kehystetty suihkusein\u00e4 koostuu lasipaneelista ja asennuskehysprofiileista. Kiinte\u00e4 paneeli kiinnitet\u00e4\u00e4n sein\u00e4\u00e4n, lattiaan ja kattoon ruostumattomasta ter\u00e4ksest\u00e4 valmistetuilla profiileilla, joiden lis\u00e4ksi lasin etupuolelle kiinnitet\u00e4\u00e4n ruostumaton ter\u00e4sprofiili suihkun\u00e4yt\u00f6n t\u00e4ydelliseksi kehyst\u00e4miseksi. Kiinte\u00e4 suihkusein\u00e4 on tukeva ja sit\u00e4 voidaan k\u00e4ytt\u00e4\u00e4 tehokkaasti suojana vedelt\u00e4.<\/p>\n<p>&nbsp;<\/p>\n<p><strong>ASENNUS<\/strong><\/p>\n<p>Kehystetty sein\u00e4paneeli kiinnitet\u00e4\u00e4n ruuvaamalla kehysprofiilit sein\u00e4\u00e4n ja kattoon. Lasipaneeli liimataan kehysprofiileihin ja pehmennet\u00e4\u00e4n tiivisteill\u00e4.<\/p>\n<p>&nbsp;<\/p>\n<p><strong>KEHYKSEN V\u00c4RI<\/strong><\/p>\n<p>Paneelin reunoille kiinnitetyt profiilit on valmistettu ruostumattomasta ter\u00e4ksest\u00e4. Pintak\u00e4sittelyvaihtoehdot ovat kromattu, messinki ja mustaksi maalattu.<\/p>\n<ul>\n<li>Kromattu<\/li>\n<li>Messinki<\/li>\n<li>Mustaksi maalattu<\/li>\n<\/ul>\n<p>&nbsp;<\/p>\n<p><strong>LASIN V\u00c4RI<\/strong><\/p>\n<p>Tuote on valmistettu 8 mm paksuisesta karkaistusta turvalasista (EN 12150). L\u00e4pin\u00e4kyv\u00e4, harmaa ja ruskea ovat sile\u00e4pintaisia ja l\u00e4pin\u00e4kyvi\u00e4 paneeleita. Satinoidut paneelit eiv\u00e4t ole t\u00e4ysin l\u00e4pin\u00e4kyvi\u00e4, paneelin l\u00e4pi ei voi erottaa yksityiskohtia. Satinoidun paneelin toinen puoli on etsattu saavuttamaan samettinen tuntu ja toinen puoli on sile\u00e4. Valitessa satinoidun paneelin tuotetta, on otettava huomioon, ett\u00e4 paneelin etsattu pinta on herkk\u00e4 naarmuille ja tahroille.<\/p>\n<ul>\n<li>L\u00e4pin\u00e4kyv\u00e4<\/li>\n<li>Harmaa<\/li>\n<li>Ruskea<\/li>\n<li>Satinoitu<\/li>\n<li>Eritt\u00e4in kirkas<\/li>\n<li>Musta<\/li>\n<\/ul>\n<p>&nbsp;<\/p>\n<p><strong>TUOTTEEN KOKO<\/strong><\/p>\n<p>Suihkusein\u00e4 valmistetaan mittatilausty\u00f6n\u00e4.<\/p>\n<p>A 800<\/p>\n<p>B 2000<\/p>\n<p>&nbsp;<\/p>\n","protected":false},"excerpt":{"rendered":"<p>T\u00e4ysin kehystetty suihkusein\u00e4 koostuu lasipaneelista ja asennuskehysprofiileista. Kiinte\u00e4 paneeli kiinnitet\u00e4\u00e4n sein\u00e4\u00e4n, lattiaan ja kattoon ruostumattomasta ter\u00e4ksest\u00e4 valmistetuilla profiileilla, joiden lis\u00e4ksi lasin etupuolelle kiinnitet\u00e4\u00e4n ruostumaton ter\u00e4sprofiili suihkun\u00e4yt\u00f6n t\u00e4ydelliseksi kehyst\u00e4miseksi. Kiinte\u00e4 suihkusein\u00e4 on tukeva ja sit\u00e4 voidaan k\u00e4ytt\u00e4\u00e4 tehokkaasti suojana vedelt\u00e4.<\/p>\n","protected":false},"featured_media":79207,"comment_status":"open","ping_status":"closed","template":"","meta":{"_acf_changed":false},"factory":[],"free-shipment":[],"product_brand":[],"product_cat":[1335],"product_tag":[],"class_list":{"0":"post-79219","1":"product","2":"type-product","3":"status-publish","4":"has-post-thumbnail","6":"product_cat-suihkukaapit","8":"first","9":"instock","10":"sale","11":"taxable","12":"shipping-taxable","13":"purchasable","14":"product-type-simple"},"acf":[],"_links":{"self":[{"href":"https:\/\/factory.sale\/fi\/wp-json\/wp\/v2\/product\/79219","targetHints":{"allow":["GET"]}}],"collection":[{"href":"https:\/\/factory.sale\/fi\/wp-json\/wp\/v2\/product"}],"about":[{"href":"https:\/\/factory.sale\/fi\/wp-json\/wp\/v2\/types\/product"}],"replies":[{"embeddable":true,"href":"https:\/\/factory.sale\/fi\/wp-json\/wp\/v2\/comments?post=79219"}],"wp:featuredmedia":[{"embeddable":true,"href":"https:\/\/factory.sale\/fi\/wp-json\/wp\/v2\/media\/79207"}],"wp:attachment":[{"href":"https:\/\/factory.sale\/fi\/wp-json\/wp\/v2\/media?parent=79219"}],"wp:term":[{"taxonomy":"factory","embeddable":true,"href":"https:\/\/factory.sale\/fi\/wp-json\/wp\/v2\/factory?post=79219"},{"taxonomy":"free-shipment","embeddable":true,"href":"https:\/\/factory.sale\/fi\/wp-json\/wp\/v2\/free-shipment?post=79219"},{"taxonomy":"product_brand","embeddable":true,"href":"https:\/\/factory.sale\/fi\/wp-json\/wp\/v2\/product_brand?post=79219"},{"taxonomy":"product_cat","embeddable":true,"href":"https:\/\/factory.sale\/fi\/wp-json\/wp\/v2\/product_cat?post=79219"},{"taxonomy":"product_tag","embeddable":true,"href":"https:\/\/factory.sale\/fi\/wp-json\/wp\/v2\/product_tag?post=79219"}],"curies":[{"name":"wp","href":"https:\/\/api.w.org\/{rel}","templated":true}]}}