{"id":79177,"date":"2024-02-25T20:07:59","date_gmt":"2024-02-25T20:52:30","guid":{"rendered":"https:\/\/factory.sale\/?post_type=product&#038;p=79177"},"modified":"2025-11-28T13:17:05","modified_gmt":"2025-11-28T10:17:05","slug":"lasiovi-inne-m03-tokyo","status":"publish","type":"product","link":"https:\/\/factory.sale\/fi\/tuote\/lasiovi-inne-m03-tokyo\/","title":{"rendered":"Lasiovi INNE M03 TOKYO"},"content":{"rendered":"<p>Inne-ovet on valmistettu karkaistusta lasista ja alumiinista. Kehykset ovat my\u00f6s alumiinia, joten ovet soveltuvat my\u00f6s kosteisiin tiloihin. Ovi avautuu 180 astetta, ja avautumissuunta tulee valita tilattaessa. Tuotteeseen sis\u00e4ltyy kehykset, ovilehti, kahva, lukkokasetti ja lukon vastakappale. Kahva on vaihdettavissa toiseen Pohjoismaiden markkinoille tarkoitettuun ovenkahvaan. Ovi valmistetaan aina mittatilausty\u00f6n\u00e4.<\/p>\n<p>Helsinki-mallissa ovilehti on kehykset\u00f6n, joten ovilehden reunat ovat paljasta lasia. New Yorkin, Tokion ja Pariisin malleissa ovilehti on kehystetty. Tokion ja Pariisin malleissa on my\u00f6s lasiin liimatut alumiiniritil\u00e4t.<\/p>\n<p>&nbsp;<\/p>\n<p>&nbsp;<\/p>\n<p><strong>ASENNUS<\/strong><\/p>\n<p>Alumiinikehys kootaan ja kiinnitet\u00e4\u00e4n rakennuksen seiniin. Ovilehden saranat kiinnitet\u00e4\u00e4n kehykseen. Ovilehti kiinnitet\u00e4\u00e4n kehykseen kiinnitettyihin saranoihin. Tuotteen k\u00e4tisyys valitaan tilattaessa. Asennusohje<\/p>\n<p>&nbsp;<\/p>\n<p><strong>KEHYKSEN V\u00c4RI<\/strong><\/p>\n<p>Tuotteen karmien ja mallista riippuen mahdollisten ovilehden kehysten ja ritil\u00f6iden valmistusmateriaalina on alumiiniprofiilit. Saranat ja muut helat on valmistettu messinkiseoksesta. Alumiiniprofiilien ja helojen pinnat on jauhemaalattu mustaksi (RAL 9005).<\/p>\n<ul>\n<li>Valkoiseksi maalattu<\/li>\n<li>Mustaksi maalattu<\/li>\n<li>Hiekka<\/li>\n<li>Mokka<\/li>\n<li>Kaakao<\/li>\n<\/ul>\n<p>&nbsp;<\/p>\n<p><strong>LASIN V\u00c4RI<\/strong><\/p>\n<p>Tuote on valmistettu 8 mm paksusta karkaistusta turvalasista (EN 12150). Tarjolla on runsaasti lasivaihtoehtoja. L\u00e4pin\u00e4kyv\u00e4, harmaa, ruskea, superkirkas, peili, musta ja opaalilasi. Satinoidut lasit ovat saatavilla eri s\u00e4vyiss\u00e4 (satinoitu, ruskea satinoitu, harmaa satinoitu ja superkirkas satinoitu), my\u00f6s uurteisten lasien s\u00e4vyvaihtoehtoja on saatavilla (uurteinen, ruskea uurteinen ja harmaa uurteinen).<\/p>\n<p>Satinoitujen lasien toinen puoli on etsattu saavuttamaan samettinen tunne ja toinen puoli on sile\u00e4. Satinoitua lasia valitessa on otettava huomioon, ett\u00e4 paneelin etsattu pinta on herkk\u00e4 naarmuille ja tahroille.<br \/>\nPeililasien l\u00e4pin\u00e4kyvyys riippuu tilan valaistuksesta; kun taustapuoli on valaistu, lasi vaikuttaa l\u00e4pin\u00e4kyv\u00e4lt\u00e4, kun taustapuoli on himme\u00e4 tai pime\u00e4, peiliefekti astuu voimaan.<br \/>\nMusta lasi on my\u00f6s voimakkaassa valossa hieman l\u00e4pikuultava ja melkein l\u00e4pin\u00e4kym\u00e4t\u00f6n, jos tila on tummempi.<br \/>\nSuperkirkkaat lasit on valmistettu poistamalla rauta, poistaen suurimman osan lasin luonnollisesta vihert\u00e4v\u00e4st\u00e4 s\u00e4vyst\u00e4.<br \/>\nOpaalilasi on laminoitu lasi, joka on valkoiseksi s\u00e4vytetty ja l\u00e4pin\u00e4kym\u00e4t\u00f6n, mutta p\u00e4\u00e4st\u00e4\u00e4 l\u00e4pi suurimman osan valosta.<\/p>\n<ul>\n<li>L\u00e4pin\u00e4kyv\u00e4<\/li>\n<li>Harmaa<\/li>\n<li>Uurrettu<\/li>\n<li>Ruskea<\/li>\n<li>Satinoitu<\/li>\n<li>Ruskea satinoitu<\/li>\n<li>Harmaa satinoitu<\/li>\n<li>Peili<\/li>\n<li>Superkirkas<\/li>\n<li>Superkirkas satinoitu<\/li>\n<li>Musta<\/li>\n<li>Pronssi uurrettu<\/li>\n<li>Harmaa uurrettu<\/li>\n<li>Opaali<\/li>\n<\/ul>\n<p>&nbsp;<\/p>\n<p><strong>TUOTTEEN KOKO<\/strong><\/p>\n<p>Ovi valmistetaan mittatilausty\u00f6n\u00e4. Tilatessasi ilmoita asennusaukon leveys ja korkeus. Tuotteen kehysten ja m\u00e4\u00e4ritetyn asennusaukon v\u00e4lille j\u00e4tet\u00e4\u00e4n yhteens\u00e4 20 mm asennustilaa. Vapaa kulkuaukko on 110 mm pienempi kuin m\u00e4\u00e4ritetyn asennusaukon leveys. Kehyksen syvyys on 92 mm.<\/p>\n<p>&nbsp;<\/p>\n<p><strong>LIS\u00c4VARUSTEET<\/strong><\/p>\n<p>Oveen voidaan varustaa wc:n peukalolukonuppi (valinnainen). Nupin pinta on musta. Oveen voidaan my\u00f6s varustaa muilla Pohjoismaiden markkinoille tarkoitetuilla peukalolukoilla.<\/p>\n<p>&nbsp;<\/p>\n<p><strong>KAHVAVAIHTOEHDOT<\/strong><\/p>\n<p>Tuotteeseen sis\u00e4ltyy lukkokasetti, kahva ja peitelevy peukalolukon asennusrei\u00e4n peitt\u00e4miseksi. Wc-ovissa yleisesti k\u00e4ytetty peukalolukko on lis\u00e4varuste. Kahvan voi vaihtaa Pohjoismaiden markkinoilla yleisesti saatavilla oleviin muihin kahvoihin.<\/p>\n<p>&nbsp;<\/p>\n<p><strong>K\u00c4TISYYS<\/strong><\/p>\n<p>Oven saranoilla on k\u00e4tisyys, joka tulee valita tilattaessa. Ovea vasten seistess\u00e4 ja katsoessa tilaan, johon se avautuu, k\u00e4tisyys m\u00e4\u00e4ritt\u00e4\u00e4, kummalla puolella ovea saranat ovat.<\/p>\n<ul>\n<li>Oikea<\/li>\n<li>Vasen<\/li>\n<\/ul>\n<p><img loading=\"lazy\" decoding=\"async\" class=\"alignnone wp-image-79167\" src=\"https:\/\/factory.sale\/wp-content\/uploads\/2024\/02\/tokyo-2-300x236.png\" alt=\"\" width=\"304\" height=\"239\" srcset=\"https:\/\/factory.sale\/wp-content\/uploads\/2024\/02\/tokyo-2-300x236.png 300w, https:\/\/factory.sale\/wp-content\/uploads\/2024\/02\/tokyo-2-150x118.png 150w, https:\/\/factory.sale\/wp-content\/uploads\/2024\/02\/tokyo-2-600x472.png 600w, https:\/\/factory.sale\/wp-content\/uploads\/2024\/02\/tokyo-2.png 750w\" sizes=\"auto, (max-width: 304px) 100vw, 304px\" \/><img loading=\"lazy\" decoding=\"async\" class=\"alignnone size-medium wp-image-79170\" src=\"https:\/\/factory.sale\/wp-content\/uploads\/2024\/02\/tokyo-3-300x243.png\" alt=\"\" width=\"300\" height=\"243\" srcset=\"https:\/\/factory.sale\/wp-content\/uploads\/2024\/02\/tokyo-3-300x243.png 300w, https:\/\/factory.sale\/wp-content\/uploads\/2024\/02\/tokyo-3-150x122.png 150w, https:\/\/factory.sale\/wp-content\/uploads\/2024\/02\/tokyo-3-600x486.png 600w, https:\/\/factory.sale\/wp-content\/uploads\/2024\/02\/tokyo-3.png 740w\" sizes=\"auto, (max-width: 300px) 100vw, 300px\" \/><\/p>\n<p>&nbsp;<\/p>\n<p><strong>Warranty 20 years<\/strong><\/p>\n","protected":false},"excerpt":{"rendered":"<p>Inne-ovet on valmistettu karkaistusta lasista ja alumiinista. Kehykset ovat my\u00f6s alumiinia, joten ovet soveltuvat my\u00f6s kosteisiin tiloihin. Ovi avautuu 180 astetta, ja avautumissuunta tulee valita tilattaessa. Tuotteeseen sis\u00e4ltyy kehykset, ovilehti, kahva, lukkokasetti ja lukon vastakappale. Kahva on vaihdettavissa toiseen Pohjoismaiden markkinoille tarkoitettuun ovenkahvaan. Ovi valmistetaan aina mittatilausty\u00f6n\u00e4.<\/p>\n","protected":false},"featured_media":79144,"comment_status":"open","ping_status":"closed","template":"","meta":{"_acf_changed":false},"factory":[],"free-shipment":[],"product_brand":[],"product_cat":[2803,2806],"product_tag":[],"class_list":{"0":"post-79177","1":"product","2":"type-product","3":"status-publish","4":"has-post-thumbnail","6":"product_cat-ovet","7":"product_cat-sisaovet","9":"first","10":"instock","11":"sale","12":"taxable","13":"shipping-taxable","14":"purchasable","15":"product-type-simple"},"acf":[],"_links":{"self":[{"href":"https:\/\/factory.sale\/fi\/wp-json\/wp\/v2\/product\/79177","targetHints":{"allow":["GET"]}}],"collection":[{"href":"https:\/\/factory.sale\/fi\/wp-json\/wp\/v2\/product"}],"about":[{"href":"https:\/\/factory.sale\/fi\/wp-json\/wp\/v2\/types\/product"}],"replies":[{"embeddable":true,"href":"https:\/\/factory.sale\/fi\/wp-json\/wp\/v2\/comments?post=79177"}],"wp:featuredmedia":[{"embeddable":true,"href":"https:\/\/factory.sale\/fi\/wp-json\/wp\/v2\/media\/79144"}],"wp:attachment":[{"href":"https:\/\/factory.sale\/fi\/wp-json\/wp\/v2\/media?parent=79177"}],"wp:term":[{"taxonomy":"factory","embeddable":true,"href":"https:\/\/factory.sale\/fi\/wp-json\/wp\/v2\/factory?post=79177"},{"taxonomy":"free-shipment","embeddable":true,"href":"https:\/\/factory.sale\/fi\/wp-json\/wp\/v2\/free-shipment?post=79177"},{"taxonomy":"product_brand","embeddable":true,"href":"https:\/\/factory.sale\/fi\/wp-json\/wp\/v2\/product_brand?post=79177"},{"taxonomy":"product_cat","embeddable":true,"href":"https:\/\/factory.sale\/fi\/wp-json\/wp\/v2\/product_cat?post=79177"},{"taxonomy":"product_tag","embeddable":true,"href":"https:\/\/factory.sale\/fi\/wp-json\/wp\/v2\/product_tag?post=79177"}],"curies":[{"name":"wp","href":"https:\/\/api.w.org\/{rel}","templated":true}]}}