{"id":78965,"date":"2024-02-25T12:33:26","date_gmt":"2024-02-25T12:37:54","guid":{"rendered":"https:\/\/factory.sale\/?post_type=product&#038;p=78965"},"modified":"2024-06-26T15:35:00","modified_gmt":"2024-06-26T15:35:00","slug":"ovi-blak-780-tokyo","status":"publish","type":"product","link":"https:\/\/factory.sale\/fi\/tuote\/ovi-blak-780-tokyo\/","title":{"rendered":"Ovi BL\u00c4K 780 TOKYO"},"content":{"rendered":"<p>Ovet avautuvat 90 astetta ulosp\u00e4in ja niiss\u00e4 on s\u00e4\u00e4dett\u00e4v\u00e4 keskitys. Keskityksen toiminto on palauttaa ovi avoimeen ja suljettuun asentoon.<\/p>\n<p>&nbsp;<\/p>\n<p><strong>ASENNUS<\/strong><\/p>\n<p>Ovipaneelit kiinnitet\u00e4\u00e4n rakennuksen sein\u00e4\u00e4n k\u00e4ytt\u00e4en sein\u00e4kiinnitysprofiileja kummallakin puolella tilaa. Paneelit kiinnitet\u00e4\u00e4n itseporautuvilla ruuveilla. Lasisein\u00e4n yl\u00e4osa on molemmilta puolilta turvattu paneeliin ja kattoon kiinnitetyill\u00e4 profiileilla. Jokaiseen ovipaneeliin asennetaan magneettitiivisteet, jotta ovi pysyy tiukasti suljettuna.<\/p>\n<p>&nbsp;<\/p>\n<p><strong>KEHYKSEN V\u00c4RI<\/strong><\/p>\n<p>Valkoinen (RAL 9016), musta (RAL 9005), hiekka (RAL 1019) ja mokka (RAL 8025) pinnank\u00e4sittelyvaihtoehdot on valmistettu jauhemaalauksella. Tuotteessa k\u00e4ytetyt kiinnikkeet on valmistettu maalatusta messinkiseoksesta.<\/p>\n<ul>\n<li>Valkoiseksi maalattu<\/li>\n<li>Mustaksi maalattu<\/li>\n<li>Hiekka<\/li>\n<li>Mokka<\/li>\n<\/ul>\n<p>&nbsp;<\/p>\n<p><strong>LASIN V\u00c4RI<\/strong><\/p>\n<p>Tuote on valmistettu 6 mm paksusta karkaistusta turvalasista (EN 12150). Yksi sivuista on etsattu saavuttamaan samettinen tunne ja toinen puoli on sile\u00e4. Satinoitua paneelia valittaessa on otettava huomioon, ett\u00e4 paneelin etsattu pinta on herkk\u00e4 naarmuille ja tahroille.<\/p>\n<p>&nbsp;<\/p>\n<p><strong>TUOTTEEN KOKO<\/strong><\/p>\n<p>Yksikk\u00f6 valmistetaan aina mittatilausty\u00f6n\u00e4. Kokoa valittaessa anna aukon leveys ja aukon korkeus, sy\u00f6tt\u00e4en aukon pienimm\u00e4t mitat. Kun leveys koostuu useammasta paneelista, kaikkien sy\u00f6tettyjen leveysmittojen tulee yhteens\u00e4 vastata aukon kapeimman kohdan kokonaismittaa.<\/p>\n<p><strong>20 vuoden takuu<\/strong><\/p>\n","protected":false},"excerpt":{"rendered":"<p>Ovet avautuvat 90 astetta ulosp\u00e4in ja niiss\u00e4 on s\u00e4\u00e4dett\u00e4v\u00e4 keskitys. Keskityksen toiminto on palauttaa ovi avoimeen ja suljettuun asentoon.<\/p>\n","protected":false},"featured_media":78949,"comment_status":"open","ping_status":"closed","template":"","meta":{"_acf_changed":false},"factory":[],"free-shipment":[],"product_brand":[],"product_cat":[2803,2806],"product_tag":[],"class_list":{"0":"post-78965","1":"product","2":"type-product","3":"status-publish","4":"has-post-thumbnail","6":"product_cat-ovet","7":"product_cat-sisaovet","9":"first","10":"instock","11":"sale","12":"taxable","13":"shipping-taxable","14":"purchasable","15":"product-type-simple"},"acf":[],"_links":{"self":[{"href":"https:\/\/factory.sale\/fi\/wp-json\/wp\/v2\/product\/78965","targetHints":{"allow":["GET"]}}],"collection":[{"href":"https:\/\/factory.sale\/fi\/wp-json\/wp\/v2\/product"}],"about":[{"href":"https:\/\/factory.sale\/fi\/wp-json\/wp\/v2\/types\/product"}],"replies":[{"embeddable":true,"href":"https:\/\/factory.sale\/fi\/wp-json\/wp\/v2\/comments?post=78965"}],"wp:featuredmedia":[{"embeddable":true,"href":"https:\/\/factory.sale\/fi\/wp-json\/wp\/v2\/media\/78949"}],"wp:attachment":[{"href":"https:\/\/factory.sale\/fi\/wp-json\/wp\/v2\/media?parent=78965"}],"wp:term":[{"taxonomy":"factory","embeddable":true,"href":"https:\/\/factory.sale\/fi\/wp-json\/wp\/v2\/factory?post=78965"},{"taxonomy":"free-shipment","embeddable":true,"href":"https:\/\/factory.sale\/fi\/wp-json\/wp\/v2\/free-shipment?post=78965"},{"taxonomy":"product_brand","embeddable":true,"href":"https:\/\/factory.sale\/fi\/wp-json\/wp\/v2\/product_brand?post=78965"},{"taxonomy":"product_cat","embeddable":true,"href":"https:\/\/factory.sale\/fi\/wp-json\/wp\/v2\/product_cat?post=78965"},{"taxonomy":"product_tag","embeddable":true,"href":"https:\/\/factory.sale\/fi\/wp-json\/wp\/v2\/product_tag?post=78965"}],"curies":[{"name":"wp","href":"https:\/\/api.w.org\/{rel}","templated":true}]}}