{"id":78932,"date":"2024-02-25T11:52:50","date_gmt":"2024-02-25T12:08:02","guid":{"rendered":"https:\/\/factory.sale\/?post_type=product&#038;p=78932"},"modified":"2024-06-27T18:26:55","modified_gmt":"2024-06-27T18:26:55","slug":"saunan-lasiseina-vetro-s47","status":"publish","type":"product","link":"https:\/\/factory.sale\/fi\/tuote\/saunan-lasiseina-vetro-s47\/","title":{"rendered":"Saunan lasisein\u00e4 VETRO S47"},"content":{"rendered":"<p>Saunan lasisein\u00e4 kiinte\u00e4ll\u00e4 paneelilla kahvapuolella ja saranapuolella.<br \/>\nTuote soveltuu saunatilan jakamiseen. Ovessa ei ole kehyksi\u00e4, saranat on kiinnitetty suoraan sivupaneeliin saranapuolella. Sivupaneelit lis\u00e4\u00e4v\u00e4t tilaan valoa ja avaruuden tuntua.<\/p>\n<p>Saranoissa on 90 asteen k\u00e4\u00e4nt\u00f6s\u00e4de molempiin suuntiin ja ne on varustettu s\u00e4\u00e4dett\u00e4v\u00e4ll\u00e4 keskityksell\u00e4, jonka tavoitteena on palauttaa ovi avattuun ja suljettuun asentoon.<\/p>\n<p>Yl\u00e4ikkunat tai sivulasien profiilit on valmistettu ruostumattomasta ter\u00e4ksest\u00e4. Profiilit on pinnoitettu kehyksen v\u00e4rivalinnan mukaisesti ja valmistettu tarkasti mittojen mukaan (ei tarvetta leikata paikan p\u00e4\u00e4ll\u00e4). Profiileihin on lis\u00e4tty linkki- ja kulmakappaleet t\u00e4ydellisen viimeistelyn ja helpon s\u00e4\u00e4d\u00f6n varmistamiseksi.<\/p>\n<p>&nbsp;<\/p>\n<p><strong>ASENNUS<\/strong><\/p>\n<p>Ovi asennetaan saranoilla, jotka on kiinnitetty suoraan saranapuolen lasiin ja kiinnitt\u00e4m\u00e4ll\u00e4 saranat tiukasti lasiin. Yl\u00e4ikkunat asennetaan ruostumattomasta ter\u00e4ksest\u00e4 valmistetuilla profiileilla yl\u00e4osaan, joihin lasi on liimattu. Ter\u00e4sprofiilit on leikattu tarkasti oikeaan pituuteen ja varustettu kulma- ja linkkikappaleilla viimeistelyn t\u00e4ydent\u00e4miseksi sek\u00e4 jonkin verran s\u00e4\u00e4t\u00f6varaa varten. Yl\u00e4lasin kiinnitys tapahtuu lasipuristimien avulla. Kaikki sivupaneelit on asennettu ruostumattomasta ter\u00e4ksest\u00e4 valmistetuilla profiileilla, jotka kehyst\u00e4v\u00e4t lasien ulkoreunoja, joihin lasit on liimattu. Kokonaiskorkeiden sivupaneelien asentamisessa k\u00e4ytet\u00e4\u00e4n alaosassa lasipuristimia. Huomioithan, ett\u00e4 saranoita tulisi kirist\u00e4\u00e4 uudelleen noin viikon k\u00e4yt\u00f6n j\u00e4lkeen, koska l\u00e4mp\u00f6 vaikuttaa ensimm\u00e4isten k\u00e4ytt\u00f6kertojen aikana saranoiden asetteluun. Uudelleenkiristys tehd\u00e4\u00e4n kirist\u00e4m\u00e4ll\u00e4 kuusikulmakierretappi lasipuolella niin tiukasti kuin mahdollista. Kiristysvastuu on aina loppuk\u00e4ytt\u00e4j\u00e4ll\u00e4.<\/p>\n<p>&nbsp;<\/p>\n<p><strong>KEHYKSEN V\u00c4RI<\/strong><\/p>\n<p>Oven saranoissa ja sivuikkunan kiinnikkeiss\u00e4 on k\u00e4ytetty messinkiseosta. Pintak\u00e4sittelyvaihtoehtoja ovat kromattu, messinki ja mustaksi maalattu. Kahva on valinnan mukaan joko kromattu, messinki, mustaksi maalattu messinkiseos tai viimeistelem\u00e4t\u00f6n lepp\u00e4. Lasin kiinnitysprofiilit on valmistettu ruostumattomasta ter\u00e4ksest\u00e4. Profiilin v\u00e4ri vastaa valittua pintak\u00e4sittelyvaihtoehtoa.<\/p>\n<p>&nbsp;<\/p>\n<p><strong>LASIN V\u00c4RI<\/strong><\/p>\n<p>Tuote on valmistettu 8 mm paksusta karkaistusta turvalasista (EN 12150). Kirkas ja savu ovat sile\u00e4pintaisia ja l\u00e4pin\u00e4kyvi\u00e4 paneeleita.<\/p>\n<ul>\n<li>L\u00e4pin\u00e4kyv\u00e4<\/li>\n<li>Harmaa<\/li>\n<li>Ruskea<\/li>\n<li>Musta<\/li>\n<\/ul>\n<p>&nbsp;<\/p>\n<p><strong>TUOTTEEN KOKO<\/strong><\/p>\n<p>Suihkuoven koko voidaan valita vakiomitoista (700\/800\/900 x 2000) tai se voidaan valmistaa erikoismittojen mukaan; sivupaneelit valmistetaan aina erikoismittojen mukaan. Oven kokoa valittaessa leveys on asennusaukon leveys ja korkeus on paneelin korkeus. Oven asennusaukon korkeutta mitattaessa j\u00e4tet\u00e4\u00e4n automaattisesti yl\u00e4reunaan 5 mm varaa ja alareunaan 110 mm varaa. Sivupaneelia valittaessa leveys ja korkeus ovat asennusaukon leveys ja korkeus. Asennus- ja s\u00e4\u00e4t\u00f6v\u00e4lit sis\u00e4llytet\u00e4\u00e4n automaattisesti sivupaneelien paneelilevyjen mitoitukseen. Jos oven koko ylitt\u00e4\u00e4 1,7m2, tarvitaan lis\u00e4sarana lis\u00e4tuen antamiseksi.<\/p>\n<p>&nbsp;<\/p>\n<p><strong>KAHVAVAIHTOEHDOT<\/strong><\/p>\n<p>Py\u00f6re\u00e4 metallikahva ja lyhyt metallikahva on valmistettu kromatusta messinkiseoksesta. Lyhyt puukahva on viimeistelem\u00e4t\u00f6n lepp\u00e4. Kahvavaihtoehdoista py\u00f6re\u00e4 metallikahva ja lyhyt puukahva soveltuvat my\u00f6s saunan oveen. Jos oven koko ylitt\u00e4\u00e4 1,7m2, valitse kahvavaihtoehto lis\u00e4saranalla.<\/p>\n<ul>\n<li>Py\u00f6re\u00e4 metallinuppi<\/li>\n<li>Py\u00f6re\u00e4 metallikahva + lis\u00e4sarana<\/li>\n<li>Vetro 639 lyhyt metallikahva<\/li>\n<li>Lyhyt metallikahva + lis\u00e4sarana<\/li>\n<li>Pitk\u00e4 metallikahva<\/li>\n<li>Pitk\u00e4 metallikahva + lis\u00e4sarana<\/li>\n<li>Lyhyt puukahva<\/li>\n<li>Lyhyt puukahva + lis\u00e4sarana<\/li>\n<li>Pitk\u00e4 puukahva<\/li>\n<li>Pitk\u00e4 puukahva + lis\u00e4sarana<\/li>\n<li>Ilman kahvaa<\/li>\n<li>Ilman kahvaa + lis\u00e4sarana<\/li>\n<li>Neli\u00f6kahva<\/li>\n<li>Neli\u00f6kahva + lis\u00e4sarana<\/li>\n<li>Kiillotettu reik\u00e4<\/li>\n<li>Kiillotettu reik\u00e4 + lis\u00e4sarana<\/li>\n<li>Py\u00f6re\u00e4 kahva<\/li>\n<li>Py\u00f6re\u00e4 kahva + lis\u00e4sarana<\/li>\n<li>Kuusikulmiokahva<\/li>\n<li>Kuusikulmiokahva + lis\u00e4sarana<\/li>\n<\/ul>\n<p><strong>20 vuoden takuu<\/strong><\/p>\n<p>&nbsp;<\/p>\n<p>&nbsp;<\/p>\n<p><a href=\"https:\/\/factory.sale\/wp-content\/uploads\/2024\/02\/Assembly_instructions_Vetro_Sauna_S47.pdf\" target=\"_blank\" rel=\"noopener\">OHJEET<\/a><\/p>\n","protected":false},"excerpt":{"rendered":"<p>Saunan lasisein\u00e4 kiinte\u00e4ll\u00e4 paneelilla kahvapuolella ja saranapuolella.<br \/>\nTuote soveltuu saunatilan jakamiseen. Ovessa ei ole kehyksi\u00e4, saranat on kiinnitetty suoraan sivupaneeliin saranapuolella. Sivupaneelit lis\u00e4\u00e4v\u00e4t tilaan valoa ja avaruuden tuntua.<\/p>\n","protected":false},"featured_media":78912,"comment_status":"open","ping_status":"closed","template":"","meta":{"_acf_changed":false},"factory":[],"free-shipment":[],"product_brand":[],"product_cat":[2803,2806],"product_tag":[2106],"class_list":{"0":"post-78932","1":"product","2":"type-product","3":"status-publish","4":"has-post-thumbnail","6":"product_cat-ovet","7":"product_cat-sisaovet","8":"product_tag-sauna-fi","10":"first","11":"instock","12":"sale","13":"taxable","14":"shipping-taxable","15":"purchasable","16":"product-type-simple"},"acf":[],"_links":{"self":[{"href":"https:\/\/factory.sale\/fi\/wp-json\/wp\/v2\/product\/78932","targetHints":{"allow":["GET"]}}],"collection":[{"href":"https:\/\/factory.sale\/fi\/wp-json\/wp\/v2\/product"}],"about":[{"href":"https:\/\/factory.sale\/fi\/wp-json\/wp\/v2\/types\/product"}],"replies":[{"embeddable":true,"href":"https:\/\/factory.sale\/fi\/wp-json\/wp\/v2\/comments?post=78932"}],"wp:featuredmedia":[{"embeddable":true,"href":"https:\/\/factory.sale\/fi\/wp-json\/wp\/v2\/media\/78912"}],"wp:attachment":[{"href":"https:\/\/factory.sale\/fi\/wp-json\/wp\/v2\/media?parent=78932"}],"wp:term":[{"taxonomy":"factory","embeddable":true,"href":"https:\/\/factory.sale\/fi\/wp-json\/wp\/v2\/factory?post=78932"},{"taxonomy":"free-shipment","embeddable":true,"href":"https:\/\/factory.sale\/fi\/wp-json\/wp\/v2\/free-shipment?post=78932"},{"taxonomy":"product_brand","embeddable":true,"href":"https:\/\/factory.sale\/fi\/wp-json\/wp\/v2\/product_brand?post=78932"},{"taxonomy":"product_cat","embeddable":true,"href":"https:\/\/factory.sale\/fi\/wp-json\/wp\/v2\/product_cat?post=78932"},{"taxonomy":"product_tag","embeddable":true,"href":"https:\/\/factory.sale\/fi\/wp-json\/wp\/v2\/product_tag?post=78932"}],"curies":[{"name":"wp","href":"https:\/\/api.w.org\/{rel}","templated":true}]}}