{"id":78885,"date":"2024-02-24T17:25:29","date_gmt":"2024-02-25T11:15:14","guid":{"rendered":"https:\/\/factory.sale\/?post_type=product&#038;p=78885"},"modified":"2026-01-23T22:20:32","modified_gmt":"2026-01-23T19:20:32","slug":"loistava-tarjous-octa-palju-poreilla-vesihieronnalla-18x18m","status":"publish","type":"product","link":"https:\/\/factory.sale\/fi\/tuote\/loistava-tarjous-octa-palju-poreilla-vesihieronnalla-18x18m\/","title":{"rendered":"Loistava tarjous! \u201cOCTA\u201d  palju poreilla &#038; vesihieronnalla 1,8&#215;1,8m"},"content":{"rendered":"<p>T\u00e4m\u00e4 kahdeksankulmainen poreallas suuttimilla yhdist\u00e4\u00e4 parhaat eurooppalaiset laatuvaatimukset viimeisimp\u00e4\u00e4n teknologiaan. T\u00e4t\u00e4 mallia voi mukavasti k\u00e4ytt\u00e4\u00e4 samanaikaisesti 6 henkil\u00f6\u00e4. Poreallas on valmistettu ymp\u00e4rist\u00f6yst\u00e4v\u00e4llisest\u00e4 lasikuidusta, joka on kest\u00e4v\u00e4 ja ilmatiivis. L\u00e4mp\u00f6k\u00e4sitelty puuverhoilu ei vaadi lis\u00e4kemiallista k\u00e4sittely\u00e4. Kiuas on asennettu ulkopuolelle, mik\u00e4 tekee porealtaassa kylpemisen t\u00e4ysin turvalliseksi ja tarjoaa lis\u00e4tilaa uimiseen.<\/p>\n<ul>\n<li>L\u00e4mmitysaika puukiukaalla 35 kW: 2 tuntia<\/li>\n<li>Ymp\u00e4rist\u00f6yst\u00e4v\u00e4llinen tuote, valmistettu lasikuidusta ja l\u00e4mp\u00f6k\u00e4sitellyst\u00e4 puusta<\/li>\n<li>Helppo asentaa ja yll\u00e4pit\u00e4\u00e4<\/li>\n<li>Voidaan k\u00e4ytt\u00e4\u00e4 ymp\u00e4ri vuoden<\/li>\n<li>Lis\u00e4eristys polyuretaanivaahdolla l\u00e4mp\u00f6eristeisen kannen lis\u00e4ksi v\u00e4hent\u00e4\u00e4 merkitt\u00e4v\u00e4sti energiankulutusta<\/li>\n<li>Helppo puhdistaa ja tyhjent\u00e4\u00e4<\/li>\n<li>Ei deformoidu eik\u00e4 ruostu<\/li>\n<\/ul>\n<p>&nbsp;<\/p>\n<p><em>Kiuas on asennettu ulkopuolelle, mik\u00e4 tekee porealtaassa kylpemisen t\u00e4ysin turvalliseksi.<\/em><\/p>\n<p><em>Kiuas t\u00e4ytt\u00e4\u00e4 kaikki turvallisuusvaatimukset ja EU:n laatuvaatimukset.<\/em><\/p>\n<p><em>Takuu 2 vuotta, keskim\u00e4\u00e4r\u00e4inen k\u00e4ytt\u00f6ik\u00e4 &#8211; 10 vuotta.<\/em><\/p>\n<p>&nbsp;<\/p>\n<p><em><strong>Lis\u00e4varusteita saatavilla! Kysy lis\u00e4tietoja!<\/strong><\/em><\/p>\n<p>&nbsp;<\/p>\n<p><strong>Parametrit:<\/strong><\/p>\n<ul>\n<li>Koko \u2013 2.0 x 2.0 m<\/li>\n<li>Tilavuus \u2013 1600 l<\/li>\n<li>Paino (kg) \u2013 220<\/li>\n<li>Kapasiteetti \u2013 7 henkil\u00f6\u00e4<\/li>\n<li>Korkeus \u2013 1,1 m<\/li>\n<li>Syvyys \u2013 0,96 m<\/li>\n<li>Istuinten korkeus \u2013 274 mm<\/li>\n<li>Istuinten leveys \u2013 341 mm<\/li>\n<li>L\u00e4mp\u00f6k\u00e4sitellyn puun ulkopaksuus \u2013 18 mm<\/li>\n<li>Vedenkest\u00e4v\u00e4 vanerilattia \u2013 9 mm<\/li>\n<\/ul>\n<p>&nbsp;<\/p>\n<p>&nbsp;<\/p>\n<p><strong>V\u00e4rit:<\/strong><\/p>\n<p><img loading=\"lazy\" decoding=\"async\" class=\"alignnone wp-image-78646\" src=\"https:\/\/factory.sale\/wp-content\/uploads\/2024\/02\/Bildschirmfoto-2024-02-24-um-18.03.39-300x84.png\" alt=\"\" width=\"579\" height=\"162\" srcset=\"https:\/\/factory.sale\/wp-content\/uploads\/2024\/02\/Bildschirmfoto-2024-02-24-um-18.03.39-300x84.png 300w, https:\/\/factory.sale\/wp-content\/uploads\/2024\/02\/Bildschirmfoto-2024-02-24-um-18.03.39-1024x286.png 1024w, https:\/\/factory.sale\/wp-content\/uploads\/2024\/02\/Bildschirmfoto-2024-02-24-um-18.03.39-150x42.png 150w, https:\/\/factory.sale\/wp-content\/uploads\/2024\/02\/Bildschirmfoto-2024-02-24-um-18.03.39-1536x430.png 1536w, https:\/\/factory.sale\/wp-content\/uploads\/2024\/02\/Bildschirmfoto-2024-02-24-um-18.03.39-2048x573.png 2048w, https:\/\/factory.sale\/wp-content\/uploads\/2024\/02\/Bildschirmfoto-2024-02-24-um-18.03.39-600x168.png 600w\" sizes=\"auto, (max-width: 579px) 100vw, 579px\" \/><\/p>\n<p>&nbsp;<\/p>\n<p><strong>Setti sis\u00e4lt\u00e4\u00e4:<\/strong><\/p>\n<p><img loading=\"lazy\" decoding=\"async\" class=\"alignnone wp-image-81754\" src=\"https:\/\/factory.sale\/wp-content\/uploads\/2024\/02\/Bildschirmfoto-2024-03-05-um-09.56.38-300x118.png\" alt=\"\" width=\"720\" height=\"283\" srcset=\"https:\/\/factory.sale\/wp-content\/uploads\/2024\/02\/Bildschirmfoto-2024-03-05-um-09.56.38-300x118.png 300w, https:\/\/factory.sale\/wp-content\/uploads\/2024\/02\/Bildschirmfoto-2024-03-05-um-09.56.38-1024x403.png 1024w, https:\/\/factory.sale\/wp-content\/uploads\/2024\/02\/Bildschirmfoto-2024-03-05-um-09.56.38-150x59.png 150w, https:\/\/factory.sale\/wp-content\/uploads\/2024\/02\/Bildschirmfoto-2024-03-05-um-09.56.38-1536x605.png 1536w, https:\/\/factory.sale\/wp-content\/uploads\/2024\/02\/Bildschirmfoto-2024-03-05-um-09.56.38-2048x806.png 2048w, https:\/\/factory.sale\/wp-content\/uploads\/2024\/02\/Bildschirmfoto-2024-03-05-um-09.56.38-600x236.png 600w\" sizes=\"auto, (max-width: 720px) 100vw, 720px\" \/><\/p>\n<p>&nbsp;<\/p>\n<p>&nbsp;<\/p>\n","protected":false},"excerpt":{"rendered":"<p>T\u00e4m\u00e4 kahdeksankulmainen poreallas suuttimilla yhdist\u00e4\u00e4 parhaat eurooppalaiset laatuvaatimukset viimeisimp\u00e4\u00e4n teknologiaan. T\u00e4t\u00e4 mallia voi mukavasti k\u00e4ytt\u00e4\u00e4 samanaikaisesti 6 henkil\u00f6\u00e4. Poreallas on valmistettu ymp\u00e4rist\u00f6yst\u00e4v\u00e4llisest\u00e4 lasikuidusta, joka on kest\u00e4v\u00e4 ja ilmatiivis. L\u00e4mp\u00f6k\u00e4sitelty puuverhoilu ei vaadi lis\u00e4kemiallista k\u00e4sittely\u00e4. Kiuas on asennettu ulkopuolelle, mik\u00e4 tekee porealtaassa kylpemisen t\u00e4ysin turvalliseksi ja tarjoaa lis\u00e4tilaa uimiseen.<\/p>\n","protected":false},"featured_media":78689,"comment_status":"open","ping_status":"closed","template":"","meta":{"_acf_changed":false},"factory":[],"free-shipment":[],"product_brand":[],"product_cat":[2210,2588],"product_tag":[2846],"class_list":{"0":"post-78885","1":"product","2":"type-product","3":"status-publish","4":"has-post-thumbnail","6":"product_cat-kylpytynnyrit","7":"product_cat-lasikuituiset-kylpytynnyrit","8":"product_tag-hot-tub-fi","10":"first","11":"instock","12":"sale","13":"taxable","14":"shipping-taxable","15":"purchasable","16":"product-type-simple"},"acf":[],"_links":{"self":[{"href":"https:\/\/factory.sale\/fi\/wp-json\/wp\/v2\/product\/78885","targetHints":{"allow":["GET"]}}],"collection":[{"href":"https:\/\/factory.sale\/fi\/wp-json\/wp\/v2\/product"}],"about":[{"href":"https:\/\/factory.sale\/fi\/wp-json\/wp\/v2\/types\/product"}],"replies":[{"embeddable":true,"href":"https:\/\/factory.sale\/fi\/wp-json\/wp\/v2\/comments?post=78885"}],"wp:featuredmedia":[{"embeddable":true,"href":"https:\/\/factory.sale\/fi\/wp-json\/wp\/v2\/media\/78689"}],"wp:attachment":[{"href":"https:\/\/factory.sale\/fi\/wp-json\/wp\/v2\/media?parent=78885"}],"wp:term":[{"taxonomy":"factory","embeddable":true,"href":"https:\/\/factory.sale\/fi\/wp-json\/wp\/v2\/factory?post=78885"},{"taxonomy":"free-shipment","embeddable":true,"href":"https:\/\/factory.sale\/fi\/wp-json\/wp\/v2\/free-shipment?post=78885"},{"taxonomy":"product_brand","embeddable":true,"href":"https:\/\/factory.sale\/fi\/wp-json\/wp\/v2\/product_brand?post=78885"},{"taxonomy":"product_cat","embeddable":true,"href":"https:\/\/factory.sale\/fi\/wp-json\/wp\/v2\/product_cat?post=78885"},{"taxonomy":"product_tag","embeddable":true,"href":"https:\/\/factory.sale\/fi\/wp-json\/wp\/v2\/product_tag?post=78885"}],"curies":[{"name":"wp","href":"https:\/\/api.w.org\/{rel}","templated":true}]}}