{"id":78680,"date":"2024-02-24T17:11:47","date_gmt":"2024-02-24T17:19:03","guid":{"rendered":"https:\/\/factory.sale\/?post_type=product&#038;p=78680"},"modified":"2026-01-23T22:17:03","modified_gmt":"2026-01-23T19:17:03","slug":"taydellinen-tarjous-quattro-palju-poreilla-vesihieronnalla-8lle-2x17m","status":"publish","type":"product","link":"https:\/\/factory.sale\/fi\/tuote\/taydellinen-tarjous-quattro-palju-poreilla-vesihieronnalla-8lle-2x17m\/","title":{"rendered":"T\u00e4ydellinen tarjous! \u201cQUATTRO\u201d palju poreilla &#038; vesihieronnalla 8:lle (2\u00d71,7m)"},"content":{"rendered":"<p><video style=\"max-width: 100%; height: auto; display: block;\" preload=\"auto\" autoplay=\"autoplay\" loop=\"loop\" muted=\"\" controls=\"controls\" width=\"1000\" height=\"1000\"><source src=\"https:\/\/factory.sale\/wp-content\/uploads\/2023\/04\/video-8lle-palju-terassille-quattro-tee-se-itse-2.0\u04451.7.mp4\" type=\"video\/mp4\" \/><\/video><\/p>\n<p>&nbsp;<\/p>\n<p>T\u00e4m\u00e4 neli\u00f6nmuotoinen lasikuituinen poreallas suuttimilla on ehdoton myyntimenestyksemme. Poreallas Quattro on valmistettu kest\u00e4v\u00e4st\u00e4 ja ymp\u00e4rist\u00f6yst\u00e4v\u00e4llisest\u00e4 lasikuidusta. T\u00e4llaista lasikuitua k\u00e4ytet\u00e4\u00e4n my\u00f6s uima-altaiden ja purjeveneiden valmistuksessa. K\u00e4ytt\u00e4m\u00e4mme materiaalit eiv\u00e4t ole terveydelle haitallisia. T\u00e4llaisen lasikuituisen porealtaan edut verrattuna puiseen ovat, ett\u00e4 se on helpompi yll\u00e4pit\u00e4\u00e4 ja sill\u00e4 on huomattavasti pidempi k\u00e4ytt\u00f6ik\u00e4. Puhdistus on hyvin yksinkertaista ja voit k\u00e4ytt\u00e4\u00e4 laajaa valikoimaa puhdistusaineita.<\/p>\n<ul>\n<li>L\u00e4mmitysaika puul\u00e4mmitteisell\u00e4 uunilla 35 kW: 2 tuntia<\/li>\n<li>Ymp\u00e4rist\u00f6yst\u00e4v\u00e4llinen tuote, valmistettu lasikuidusta ja l\u00e4mp\u00f6k\u00e4sitellyst\u00e4 puusta<\/li>\n<li>Helppo asentaa ja yll\u00e4pit\u00e4\u00e4<\/li>\n<li>Voidaan k\u00e4ytt\u00e4\u00e4 ymp\u00e4ri vuoden<\/li>\n<li>Lis\u00e4eristys polyuretaanivaahdolla l\u00e4mp\u00f6eristyskannen lis\u00e4ksi v\u00e4hent\u00e4\u00e4 merkitt\u00e4v\u00e4sti energiankulutusta<\/li>\n<li>Helppo puhdistaa ja tyhjent\u00e4\u00e4<\/li>\n<li>Ei deformoidu eik\u00e4 ruostu<\/li>\n<\/ul>\n<p>&nbsp;<\/p>\n<p><em>Uuni on asennettu ulkopuolelle, mik\u00e4 tekee porealtaan k\u00e4yt\u00f6st\u00e4 t\u00e4ysin turvallista.<\/em><br \/>\n<em>Uuni t\u00e4ytt\u00e4\u00e4 kaikki turvallisuusvaatimukset ja EU:n laatuvaatimukset.<\/em><\/p>\n<p><strong><em>Lis\u00e4varusteita saatavilla! Pyyd\u00e4 lis\u00e4tietoja!<\/em><\/strong><\/p>\n<p>&nbsp;<\/p>\n<p><strong>Parametrit:<\/strong><\/p>\n<ul>\n<li>Koko &#8211; 2.0 x 1.7 m<\/li>\n<li>Tilavuus &#8211; 1 400 L<\/li>\n<li>Paino (kg) &#8211; 240<\/li>\n<li>Kapasiteetti &#8211; 8 henkil\u00f6\u00e4<\/li>\n<li>Korkeus &#8211; 1,1 m<\/li>\n<li>Syvyys &#8211; 0,96 m<\/li>\n<li>Istuinkorkeus &#8211; 280 mm<\/li>\n<li>Istuinleveys &#8211; 460 mm<\/li>\n<li>L\u00e4mp\u00f6k\u00e4sitellyn puun ulkokerroksen paksuus &#8211; 18 mm<\/li>\n<li>Vedenkest\u00e4v\u00e4 vanerilattia &#8211; 9 mm<\/li>\n<\/ul>\n<p>&nbsp;<\/p>\n<p><strong>V\u00e4rit:<\/strong><\/p>\n<p><img loading=\"lazy\" decoding=\"async\" class=\"alignnone wp-image-78646\" src=\"https:\/\/factory.sale\/wp-content\/uploads\/2024\/02\/Bildschirmfoto-2024-02-24-um-18.03.39-300x84.png\" alt=\"\" width=\"589\" height=\"165\" srcset=\"https:\/\/factory.sale\/wp-content\/uploads\/2024\/02\/Bildschirmfoto-2024-02-24-um-18.03.39-300x84.png 300w, https:\/\/factory.sale\/wp-content\/uploads\/2024\/02\/Bildschirmfoto-2024-02-24-um-18.03.39-1024x286.png 1024w, https:\/\/factory.sale\/wp-content\/uploads\/2024\/02\/Bildschirmfoto-2024-02-24-um-18.03.39-150x42.png 150w, https:\/\/factory.sale\/wp-content\/uploads\/2024\/02\/Bildschirmfoto-2024-02-24-um-18.03.39-1536x430.png 1536w, https:\/\/factory.sale\/wp-content\/uploads\/2024\/02\/Bildschirmfoto-2024-02-24-um-18.03.39-2048x573.png 2048w, https:\/\/factory.sale\/wp-content\/uploads\/2024\/02\/Bildschirmfoto-2024-02-24-um-18.03.39-600x168.png 600w\" sizes=\"auto, (max-width: 589px) 100vw, 589px\" \/><\/p>\n<p><strong>Setti sis\u00e4lt\u00e4\u00e4:<\/strong><\/p>\n<p><img loading=\"lazy\" decoding=\"async\" class=\"alignnone wp-image-81767\" src=\"https:\/\/factory.sale\/wp-content\/uploads\/2024\/02\/QUATTRO-FIN-300x137.png\" alt=\"\" width=\"915\" height=\"418\" srcset=\"https:\/\/factory.sale\/wp-content\/uploads\/2024\/02\/QUATTRO-FIN-300x137.png 300w, https:\/\/factory.sale\/wp-content\/uploads\/2024\/02\/QUATTRO-FIN-1024x467.png 1024w, https:\/\/factory.sale\/wp-content\/uploads\/2024\/02\/QUATTRO-FIN-150x68.png 150w, https:\/\/factory.sale\/wp-content\/uploads\/2024\/02\/QUATTRO-FIN-1536x700.png 1536w, https:\/\/factory.sale\/wp-content\/uploads\/2024\/02\/QUATTRO-FIN-2048x933.png 2048w, https:\/\/factory.sale\/wp-content\/uploads\/2024\/02\/QUATTRO-FIN-600x273.png 600w\" sizes=\"auto, (max-width: 915px) 100vw, 915px\" \/><\/p>\n<p>&nbsp;<\/p>\n","protected":false},"excerpt":{"rendered":"<p>T\u00e4m\u00e4 neli\u00f6nmuotoinen lasikuituinen poreallas suuttimilla on ehdoton myyntimenestyksemme. Poreallas Quattro on valmistettu kest\u00e4v\u00e4st\u00e4 ja ymp\u00e4rist\u00f6yst\u00e4v\u00e4llisest\u00e4 lasikuidusta. T\u00e4llaista lasikuitua k\u00e4ytet\u00e4\u00e4n my\u00f6s uima-altaiden ja purjeveneiden valmistuksessa. K\u00e4ytt\u00e4m\u00e4mme materiaalit eiv\u00e4t ole terveydelle haitallisia. T\u00e4llaisen lasikuituisen porealtaan edut verrattuna puiseen ovat, ett\u00e4 se on helpompi yll\u00e4pit\u00e4\u00e4 ja sill\u00e4 on huomattavasti pidempi k\u00e4ytt\u00f6ik\u00e4. Puhdistus on hyvin yksinkertaista ja voit k\u00e4ytt\u00e4\u00e4 laajaa valikoimaa puhdistusaineita.<\/p>\n","protected":false},"featured_media":78671,"comment_status":"open","ping_status":"closed","template":"","meta":{"_acf_changed":false},"factory":[],"free-shipment":[],"product_brand":[],"product_cat":[2210,2588],"product_tag":[2846],"class_list":{"0":"post-78680","1":"product","2":"type-product","3":"status-publish","4":"has-post-thumbnail","6":"product_cat-kylpytynnyrit","7":"product_cat-lasikuituiset-kylpytynnyrit","8":"product_tag-hot-tub-fi","10":"first","11":"instock","12":"sale","13":"taxable","14":"shipping-taxable","15":"purchasable","16":"product-type-simple"},"acf":[],"_links":{"self":[{"href":"https:\/\/factory.sale\/fi\/wp-json\/wp\/v2\/product\/78680","targetHints":{"allow":["GET"]}}],"collection":[{"href":"https:\/\/factory.sale\/fi\/wp-json\/wp\/v2\/product"}],"about":[{"href":"https:\/\/factory.sale\/fi\/wp-json\/wp\/v2\/types\/product"}],"replies":[{"embeddable":true,"href":"https:\/\/factory.sale\/fi\/wp-json\/wp\/v2\/comments?post=78680"}],"wp:featuredmedia":[{"embeddable":true,"href":"https:\/\/factory.sale\/fi\/wp-json\/wp\/v2\/media\/78671"}],"wp:attachment":[{"href":"https:\/\/factory.sale\/fi\/wp-json\/wp\/v2\/media?parent=78680"}],"wp:term":[{"taxonomy":"factory","embeddable":true,"href":"https:\/\/factory.sale\/fi\/wp-json\/wp\/v2\/factory?post=78680"},{"taxonomy":"free-shipment","embeddable":true,"href":"https:\/\/factory.sale\/fi\/wp-json\/wp\/v2\/free-shipment?post=78680"},{"taxonomy":"product_brand","embeddable":true,"href":"https:\/\/factory.sale\/fi\/wp-json\/wp\/v2\/product_brand?post=78680"},{"taxonomy":"product_cat","embeddable":true,"href":"https:\/\/factory.sale\/fi\/wp-json\/wp\/v2\/product_cat?post=78680"},{"taxonomy":"product_tag","embeddable":true,"href":"https:\/\/factory.sale\/fi\/wp-json\/wp\/v2\/product_tag?post=78680"}],"curies":[{"name":"wp","href":"https:\/\/api.w.org\/{rel}","templated":true}]}}