{"id":78620,"date":"2024-02-24T09:57:18","date_gmt":"2024-02-24T15:32:34","guid":{"rendered":"https:\/\/factory.sale\/?post_type=product&#038;p=78620"},"modified":"2026-03-22T22:54:36","modified_gmt":"2026-03-22T19:54:36","slug":"suuri-ovaalinen-ulkokiukaalla-varustettu-sauna-5m-6-henkilolle","status":"publish","type":"product","link":"https:\/\/factory.sale\/fi\/tuote\/suuri-ovaalinen-ulkokiukaalla-varustettu-sauna-5m-6-henkilolle\/","title":{"rendered":"&#8220;5m&#8221; S54 Suuri ovaali tynnyrisauna 5m 6-hl\u00f6"},"content":{"rendered":"<p><strong>Tuotekoodi: S54E<\/strong><\/p>\n<p>&nbsp;<\/p>\n<p><strong>Peruspaketti sis\u00e4lt\u00e4\u00e4:<\/strong><\/p>\n<ul>\n<li>Kasaamaton kuusesta sauna<\/li>\n<li>Kuusi \/ L\u00e4mp\u00f6k\u00e4sitelty tynnyri<\/li>\n<li>Penkit l\u00e4mp\u00f6k\u00e4sitellyst\u00e4 puusta<\/li>\n<li>Puinen etuovi l\u00e4pin\u00e4kyv\u00e4ll\u00e4 lasilla ja lukolla<\/li>\n<li>Sis\u00e4ovet: 2 lasiovea (karkaistu ruskea lasi) ja 1 puuovi (ilman ikkunaa)<\/li>\n<li>Koristeelliset puurenkaat edess\u00e4 ja takana<\/li>\n<li>P\u00f6yt\u00e4 (pituus: 1500 mm, leveys: 770 mm) ja 2 penkki\u00e4 (pituus: 1500 mm)<\/li>\n<li>Bitumikatto<\/li>\n<li>Katteen kaltevuus<\/li>\n<li>4 avattavaa ikkunaa<\/li>\n<li>Ruostumattomasta ter\u00e4ksest\u00e4 valmistetut renkaat \u2013 5 kpl<\/li>\n<\/ul>\n<p>&nbsp;<\/p>\n<p>&nbsp;<\/p>\n<p><strong>Katon v\u00e4rit:<\/strong><\/p>\n<p>Ruskea, musta, vihre\u00e4<\/p>\n<p><img loading=\"lazy\" decoding=\"async\" class=\"alignnone wp-image-90748\" src=\"https:\/\/factory.sale\/wp-content\/uploads\/2024\/09\/roof-colours-300x91.png\" alt=\"\" width=\"630\" height=\"191\" srcset=\"https:\/\/factory.sale\/wp-content\/uploads\/2024\/09\/roof-colours-300x91.png 300w, https:\/\/factory.sale\/wp-content\/uploads\/2024\/09\/roof-colours-1024x311.png 1024w, https:\/\/factory.sale\/wp-content\/uploads\/2024\/09\/roof-colours-150x46.png 150w, https:\/\/factory.sale\/wp-content\/uploads\/2024\/09\/roof-colours-600x182.png 600w, https:\/\/factory.sale\/wp-content\/uploads\/2024\/09\/roof-colours.png 1330w\" sizes=\"auto, (max-width: 630px) 100vw, 630px\" \/><\/p>\n<p>&nbsp;<\/p>\n<p>&nbsp;<\/p>\n<p>&nbsp;<\/p>\n<p><img loading=\"lazy\" decoding=\"async\" class=\"alignnone wp-image-78629\" src=\"https:\/\/factory.sale\/wp-content\/uploads\/2024\/02\/puu-300x194.png\" alt=\"\" width=\"441\" height=\"285\" srcset=\"https:\/\/factory.sale\/wp-content\/uploads\/2024\/02\/puu-300x194.png 300w, https:\/\/factory.sale\/wp-content\/uploads\/2024\/02\/puu-1024x663.png 1024w, https:\/\/factory.sale\/wp-content\/uploads\/2024\/02\/puu-150x97.png 150w, https:\/\/factory.sale\/wp-content\/uploads\/2024\/02\/puu-600x389.png 600w, https:\/\/factory.sale\/wp-content\/uploads\/2024\/02\/puu.png 1124w\" sizes=\"auto, (max-width: 441px) 100vw, 441px\" \/><\/p>\n<p>&nbsp;<\/p>\n<p><strong><em>L\u00e4mp\u00f6puusaunan hinta (S54T): 9105,54 \u20ac (ei sis. ALV)<\/em><\/strong><\/p>\n<p>&nbsp;<\/p>\n<p>&nbsp;<\/p>\n<p><b>Kuljetustiedot:<\/b><\/p>\n<p>17 m kuorma-auto ilman nostinta: toimitus vain 17 m kuorma-autolla (purkuv\u00e4lineet on j\u00e4rjestett\u00e4v\u00e4 etuk\u00e4teen), kysy lis\u00e4tietoja!<\/p>\n","protected":false},"excerpt":{"rendered":"<p>Tynnyrisaunat ovat saunatyyppi, joka on vertaansa vailla ainutlaatuisella ulkon\u00e4\u00f6ll\u00e4\u00e4n ja luonnonl\u00e4heisell\u00e4 suunnittelullaan. T\u00e4m\u00e4 perinteinen saunavaihtoehto on yh\u00e4 enemm\u00e4n saanut suosiota kotipuutarhoissa ja vapaa-ajankeskuksissa ymp\u00e4ri maailman. Tynnyrisauna yhdist\u00e4\u00e4 aikaa kest\u00e4v\u00e4n perinteen, nykyaikaisen mukavuuden ja integraation luontoon, tarjoten rentouttavan ja terveellisen saunakokemuksen. Yksi tynnyrisaunan silmiinpist\u00e4vimmist\u00e4 ominaisuuksista on sen muoto ja rakenne. Tyypillisesti tynnyrisauna on valmistettu puulankuista, jotka muodostavat klassisen tynnyrin muodon. T\u00e4m\u00e4 suunnittelu on visuaalisesti kaunis ja muistuttaa saunan perinteiden juuria.<\/p>\n","protected":false},"featured_media":94570,"comment_status":"open","ping_status":"closed","template":"","meta":{"_acf_changed":false},"factory":[],"free-shipment":[],"product_brand":[],"product_cat":[1317,1644],"product_tag":[1651,2105,2106],"class_list":{"0":"post-78620","1":"product","2":"type-product","3":"status-publish","4":"has-post-thumbnail","6":"product_cat-sauna-fi","7":"product_cat-tynnyrisauna","8":"product_tag-barrel-sauna-fi","9":"product_tag-outdoor-sauna-fi","10":"product_tag-sauna-fi","12":"first","13":"instock","14":"sale","15":"taxable","16":"shipping-taxable","17":"purchasable","18":"product-type-simple"},"acf":[],"_links":{"self":[{"href":"https:\/\/factory.sale\/fi\/wp-json\/wp\/v2\/product\/78620","targetHints":{"allow":["GET"]}}],"collection":[{"href":"https:\/\/factory.sale\/fi\/wp-json\/wp\/v2\/product"}],"about":[{"href":"https:\/\/factory.sale\/fi\/wp-json\/wp\/v2\/types\/product"}],"replies":[{"embeddable":true,"href":"https:\/\/factory.sale\/fi\/wp-json\/wp\/v2\/comments?post=78620"}],"wp:featuredmedia":[{"embeddable":true,"href":"https:\/\/factory.sale\/fi\/wp-json\/wp\/v2\/media\/94570"}],"wp:attachment":[{"href":"https:\/\/factory.sale\/fi\/wp-json\/wp\/v2\/media?parent=78620"}],"wp:term":[{"taxonomy":"factory","embeddable":true,"href":"https:\/\/factory.sale\/fi\/wp-json\/wp\/v2\/factory?post=78620"},{"taxonomy":"free-shipment","embeddable":true,"href":"https:\/\/factory.sale\/fi\/wp-json\/wp\/v2\/free-shipment?post=78620"},{"taxonomy":"product_brand","embeddable":true,"href":"https:\/\/factory.sale\/fi\/wp-json\/wp\/v2\/product_brand?post=78620"},{"taxonomy":"product_cat","embeddable":true,"href":"https:\/\/factory.sale\/fi\/wp-json\/wp\/v2\/product_cat?post=78620"},{"taxonomy":"product_tag","embeddable":true,"href":"https:\/\/factory.sale\/fi\/wp-json\/wp\/v2\/product_tag?post=78620"}],"curies":[{"name":"wp","href":"https:\/\/api.w.org\/{rel}","templated":true}]}}