{"id":78428,"date":"2024-02-23T16:03:17","date_gmt":"2024-02-23T21:06:55","guid":{"rendered":"https:\/\/factory.sale\/?post_type=product&#038;p=78428"},"modified":"2024-06-27T18:21:06","modified_gmt":"2024-06-27T18:21:06","slug":"bamboo-elite-kalasaleparketti","status":"publish","type":"product","link":"https:\/\/factory.sale\/fi\/tuote\/bamboo-elite-kalasaleparketti\/","title":{"rendered":"Bamboo Elite kalas\u00e4leparketti"},"content":{"rendered":"<p>[vc_row][vc_column][vc_column_text]MOSO\u00ae Bamboo Elite kalas\u00e4leparketti on valmistettu kolmikerroksisesta luonnonbambusta, jonka keskikerros on lis\u00e4ksi puristettu ristiin maksimaalisen parketin vakauden saavuttamiseksi.<br \/>\nParketti liittyy ura\/kieli-yhteydell\u00e4, joka on asennuksen helpottamiseksi sijoitettu vuorotellen sek\u00e4 vasemmalle ett\u00e4 oikealle.<br \/>\nParkettilaudan paksuus on valitun tyylisesti joko 12 mm (High Density) tai 15 mm (Side Pressed).<br \/>\nParketti liimataan alustaan.<\/p>\n<p>&nbsp;<\/p>\n<p><strong>MOSO\u00ae Bamboo Elite kalas\u00e4leparketin s\u00e4vy on l\u00e4mmin karamelli ja se on saatavilla kolmessa tyyliss\u00e4:<\/strong><\/p>\n<ul>\n<li>High Density eritt\u00e4in kest\u00e4v\u00e4 massiiviparketti (lakattu karamelli), jossa puun &#8220;liekit&#8221; ovat n\u00e4kyviss\u00e4 intensiivisemmiss\u00e4 tummissa s\u00e4vyiss\u00e4, bambun &#8220;solmut&#8221; ovat minimaalisesti n\u00e4kyviss\u00e4.<\/li>\n<li>Side Pressed Caramel (\u00f6ljytty sivupuristettu karamelli), bambun &#8220;solmut&#8221; ovat minimaalisesti n\u00e4kyviss\u00e4. Parketti on viimeistelty Woca-\u00f6ljyll\u00e4.<\/li>\n<li>Side Pressed Caramel (lakattu sivupuristettu karamelli), bambun &#8220;solmut&#8221; ovat minimaalisesti n\u00e4kyviss\u00e4. Parketti on viimeistelty eritt\u00e4in mattalakalla.<\/li>\n<\/ul>\n<p><em><strong>Minimitilaus 30 m2.<\/strong><\/em><\/p>\n<p>&nbsp;<\/p>\n<p>[\/vc_column_text][\/vc_column][\/vc_row][vc_row][vc_column width=&#8221;1\/2&#8243;][vc_column_text]<\/p>\n<h3>Bamboo Elite Herringbone Density\u00ae Caramel<\/h3>\n<ul>\n<li>Tuotekoodi: BF-EL250-VG<\/li>\n<li>Mitat: 600 x 120 x 13 mm<\/li>\n<li>Reunat: nano viiste (4 sivua)<\/li>\n<li>Lattiapinnan viimeistely: lakattu<\/li>\n<\/ul>\n<p><strong>Hinta:<\/strong> 78,24 \u20ac<\/p>\n<p>[\/vc_column_text][\/vc_column][vc_column width=&#8221;1\/2&#8243;][vc_column_text]<\/p>\n<h3>Bamboo Elite Herringbone Side Pressed Caramel<\/h3>\n<p>Tuotekoodi: BF-EL371-VG<br \/>\nMitat: 650 x 130 x 15 mm<br \/>\nLattiapinnan viimeistely: lakattu\/\u00f6ljytty<br \/>\nReunat: nano viiste (4 sivua)<\/p>\n<p><strong>Hinta:<\/strong> 65,52 \u20ac[\/vc_column_text][\/vc_column][\/vc_row]<\/p>\n","protected":false},"excerpt":{"rendered":"<p>MOSO\u00ae Bamboo Elite kalas\u00e4leparketti on valmistettu kolmikerroksisesta luonnonbambusta, jonka keskikerros on lis\u00e4ksi puristettu ristiin maksimaalisen parketin vakauden saavuttamiseksi.<br \/>\nParketti liittyy ura\/kieli-yhteydell\u00e4, joka on asennuksen helpottamiseksi sijoitettu vuorotellen sek\u00e4 vasemmalle ett\u00e4 oikealle.<br \/>\nParkettilaudan paksuus on valitun tyylisesti joko 12 mm (High Density) tai 15 mm (Side Pressed).<br \/>\nParketti liimataan alustaan.<\/p>\n","protected":false},"featured_media":78101,"comment_status":"open","ping_status":"closed","template":"","meta":{"_acf_changed":false},"factory":[],"free-shipment":[],"product_brand":[],"product_cat":[446,1689],"product_tag":[504],"class_list":{"0":"post-78428","1":"product","2":"type-product","3":"status-publish","4":"has-post-thumbnail","6":"product_cat-lattiat","7":"product_cat-moso-bamboo-elite-kokoelma","8":"product_tag-floor-fi","10":"first","11":"instock","12":"sale","13":"taxable","14":"shipping-taxable","15":"purchasable","16":"product-type-simple"},"acf":[],"_links":{"self":[{"href":"https:\/\/factory.sale\/fi\/wp-json\/wp\/v2\/product\/78428","targetHints":{"allow":["GET"]}}],"collection":[{"href":"https:\/\/factory.sale\/fi\/wp-json\/wp\/v2\/product"}],"about":[{"href":"https:\/\/factory.sale\/fi\/wp-json\/wp\/v2\/types\/product"}],"replies":[{"embeddable":true,"href":"https:\/\/factory.sale\/fi\/wp-json\/wp\/v2\/comments?post=78428"}],"wp:featuredmedia":[{"embeddable":true,"href":"https:\/\/factory.sale\/fi\/wp-json\/wp\/v2\/media\/78101"}],"wp:attachment":[{"href":"https:\/\/factory.sale\/fi\/wp-json\/wp\/v2\/media?parent=78428"}],"wp:term":[{"taxonomy":"factory","embeddable":true,"href":"https:\/\/factory.sale\/fi\/wp-json\/wp\/v2\/factory?post=78428"},{"taxonomy":"free-shipment","embeddable":true,"href":"https:\/\/factory.sale\/fi\/wp-json\/wp\/v2\/free-shipment?post=78428"},{"taxonomy":"product_brand","embeddable":true,"href":"https:\/\/factory.sale\/fi\/wp-json\/wp\/v2\/product_brand?post=78428"},{"taxonomy":"product_cat","embeddable":true,"href":"https:\/\/factory.sale\/fi\/wp-json\/wp\/v2\/product_cat?post=78428"},{"taxonomy":"product_tag","embeddable":true,"href":"https:\/\/factory.sale\/fi\/wp-json\/wp\/v2\/product_tag?post=78428"}],"curies":[{"name":"wp","href":"https:\/\/api.w.org\/{rel}","templated":true}]}}