{"id":78354,"date":"2024-02-23T15:42:26","date_gmt":"2024-02-23T15:51:09","guid":{"rendered":"https:\/\/factory.sale\/?post_type=product&#038;p=78354"},"modified":"2024-06-27T00:59:12","modified_gmt":"2024-06-27T00:59:12","slug":"hiekoitussepeli-weber-murskattu-3-6mm-20kg","status":"publish","type":"product","link":"https:\/\/factory.sale\/fi\/tuote\/hiekoitussepeli-weber-murskattu-3-6mm-20kg\/","title":{"rendered":"Hiekoitussepeli Weber murskattu 3-6mm 20kg"},"content":{"rendered":"<p>Murskattu hiekoitussepeli liukkauden torjuntaan. Weber Hiekoitussepeli on puhdas, kuivattu ja murskattu luonnonhiekka kulkuv\u00e4ylien hiekoittamiseen pihalla. K\u00e4tev\u00e4 levitt\u00e4\u00e4 suoraan s\u00e4kist\u00e4. Hyv\u00e4 liukkauden esto. Tuote ei j\u00e4\u00e4dy kovimmillakaan pakkasilla.<\/p>\n<p>Raekoko 3-6 mm.<\/p>\n<p>Levitystapa: k\u00e4sin levitett\u00e4v\u00e4.<\/p>\n<p>&nbsp;<\/p>\n<p><strong>Tuotetiedot:<\/strong><\/p>\n<ul>\n<li>Paino: 20 kg<\/li>\n<li>Korkeus: 8 cm<\/li>\n<li>Pituus: 51 cm<\/li>\n<li>Leveys: 28 cm<\/li>\n<\/ul>\n","protected":false},"excerpt":{"rendered":"<p>Murskattu hiekoitussepeli liukkauden torjuntaan. Weber Hiekoitussepeli on puhdas, kuivattu ja murskattu luonnonhiekka kulkuv\u00e4ylien hiekoittamiseen pihalla. K\u00e4tev\u00e4 levitt\u00e4\u00e4 suoraan s\u00e4kist\u00e4. Hyv\u00e4 liukkauden esto. Tuote ei j\u00e4\u00e4dy kovimmillakaan pakkasilla.<\/p>\n<p><img loading=\"lazy\" decoding=\"async\" class=\"alignnone size-medium wp-image-78348\" src=\"https:\/\/factory.sale\/wp-content\/uploads\/2024\/02\/finland-300x223.png\" alt=\"\" width=\"300\" height=\"223\" srcset=\"https:\/\/factory.sale\/wp-content\/uploads\/2024\/02\/finland-300x223.png 300w, https:\/\/factory.sale\/wp-content\/uploads\/2024\/02\/finland-150x111.png 150w, https:\/\/factory.sale\/wp-content\/uploads\/2024\/02\/finland-600x445.png 600w, https:\/\/factory.sale\/wp-content\/uploads\/2024\/02\/finland.png 612w\" sizes=\"auto, (max-width: 300px) 100vw, 300px\" \/><\/p>\n","protected":false},"featured_media":78351,"comment_status":"open","ping_status":"closed","template":"","meta":{"_acf_changed":false},"factory":[],"free-shipment":[],"product_brand":[],"product_cat":[997,2797],"product_tag":[],"class_list":{"0":"post-78354","1":"product","2":"type-product","3":"status-publish","4":"has-post-thumbnail","6":"product_cat-piha-puutarha-fi","7":"product_cat-tiesuola-ja-hiekoitus","9":"first","10":"instock","11":"sale","12":"taxable","13":"shipping-taxable","14":"purchasable","15":"product-type-simple"},"acf":[],"_links":{"self":[{"href":"https:\/\/factory.sale\/fi\/wp-json\/wp\/v2\/product\/78354","targetHints":{"allow":["GET"]}}],"collection":[{"href":"https:\/\/factory.sale\/fi\/wp-json\/wp\/v2\/product"}],"about":[{"href":"https:\/\/factory.sale\/fi\/wp-json\/wp\/v2\/types\/product"}],"replies":[{"embeddable":true,"href":"https:\/\/factory.sale\/fi\/wp-json\/wp\/v2\/comments?post=78354"}],"wp:featuredmedia":[{"embeddable":true,"href":"https:\/\/factory.sale\/fi\/wp-json\/wp\/v2\/media\/78351"}],"wp:attachment":[{"href":"https:\/\/factory.sale\/fi\/wp-json\/wp\/v2\/media?parent=78354"}],"wp:term":[{"taxonomy":"factory","embeddable":true,"href":"https:\/\/factory.sale\/fi\/wp-json\/wp\/v2\/factory?post=78354"},{"taxonomy":"free-shipment","embeddable":true,"href":"https:\/\/factory.sale\/fi\/wp-json\/wp\/v2\/free-shipment?post=78354"},{"taxonomy":"product_brand","embeddable":true,"href":"https:\/\/factory.sale\/fi\/wp-json\/wp\/v2\/product_brand?post=78354"},{"taxonomy":"product_cat","embeddable":true,"href":"https:\/\/factory.sale\/fi\/wp-json\/wp\/v2\/product_cat?post=78354"},{"taxonomy":"product_tag","embeddable":true,"href":"https:\/\/factory.sale\/fi\/wp-json\/wp\/v2\/product_tag?post=78354"}],"curies":[{"name":"wp","href":"https:\/\/api.w.org\/{rel}","templated":true}]}}