{"id":78321,"date":"2024-02-23T14:20:48","date_gmt":"2024-02-23T14:30:24","guid":{"rendered":"https:\/\/factory.sale\/?post_type=product&#038;p=78321"},"modified":"2024-06-25T18:53:45","modified_gmt":"2024-06-25T18:53:45","slug":"maantiesuola-cc-road-25-kg","status":"publish","type":"product","link":"https:\/\/factory.sale\/fi\/tuote\/maantiesuola-cc-road-25-kg\/","title":{"rendered":"Maantiesuola CC ROAD 25 kg"},"content":{"rendered":"<p>CC Road -kalsiumkloridihiutaleet ovat tehokas, nopea ja pitk\u00e4vaikutteinen keino liukkaudentorjuntaan niin taloyhti\u00f6iss\u00e4 kuin kotitalouksissakin.<\/p>\n<p>Vaihtelevissa s\u00e4\u00e4olosuhteissa tehokas liukkaudentorjunta on turvallisuuden kannalta v\u00e4ltt\u00e4m\u00e4t\u00f6nt\u00e4 niin teill\u00e4, jalkak\u00e4yt\u00e4vill\u00e4 kuin portaikoissakin, piha-alueita unohtamatta. CC Road -kalsiumkloridihiutaleet tehoavat nopeasti, pitk\u00e4vaikutteisesti ja kustannustehokkaasti. CC Roadia voi k\u00e4ytt\u00e4\u00e4 my\u00f6s yhdess\u00e4 hiekan tai soran kanssa, jolloin yhdistelm\u00e4 lis\u00e4\u00e4 tehokkaasti kitkaa j\u00e4isille kulkuv\u00e4ylille. Suolan levitt\u00e4mist\u00e4 vaurioituneelle tai kuluneelle betonipinnalle kannattaa v\u00e4ltt\u00e4\u00e4, sill\u00e4 sulamisprosessin aikana suolaliuos voi tunkeutua huokoiseen betoniin ja vaurioittaa rakennetta pitk\u00e4n ajan kuluessa.<\/p>\n<p>NB! H319 \u00c4rsytt\u00e4\u00e4 voimakkaasti silmi\u00e4.<\/p>\n<p>&nbsp;<\/p>\n<p>&nbsp;<\/p>\n<p><strong>TUOTETIEDOT:<\/strong><\/p>\n<ul>\n<li>Br\u00e4ndi: tetra<\/li>\n<li>EAN-koodi: 6430020621116<\/li>\n<li>Varastointiyksik\u00f6n korkeus (cm): 35,0<\/li>\n<li>Varastointiyksik\u00f6n leveys (cm): 15,0<\/li>\n<li>Varastointiyksik\u00f6n syvyys (cm): 60,0<\/li>\n<li>Varastointiyksik\u00f6n paino (kg): 25,0<\/li>\n<li>Myyntipakkaus 1: 1,0 SK<\/li>\n<li>Myyntipakkaus 2: 1,0 SK<\/li>\n<li>Myyntipakkaus 3: 42,0 SK<\/li>\n<\/ul>\n","protected":false},"excerpt":{"rendered":"<p>CC Road -kalsiumkloridihiutaleet ovat tehokas, nopea ja pitk\u00e4vaikutteinen keino liukkaudentorjuntaan niin taloyhti\u00f6iss\u00e4 kuin kotitalouksissakin.<\/p>\n<p>Vaihtelevissa s\u00e4\u00e4olosuhteissa tehokas liukkaudentorjunta on turvallisuuden kannalta v\u00e4ltt\u00e4m\u00e4t\u00f6nt\u00e4 niin teill\u00e4, jalkak\u00e4yt\u00e4vill\u00e4 kuin portaikoissakin, piha-alueita unohtamatta. CC Road -kalsiumkloridihiutaleet tehoavat nopeasti, pitk\u00e4vaikutteisesti ja kustannustehokkaasti. CC Roadia voi k\u00e4ytt\u00e4\u00e4 my\u00f6s yhdess\u00e4 hiekan tai soran kanssa, jolloin yhdistelm\u00e4 lis\u00e4\u00e4 tehokkaasti kitkaa j\u00e4isille kulkuv\u00e4ylille. Suolan levitt\u00e4mist\u00e4 vaurioituneelle tai kuluneelle betonipinnalle kannattaa v\u00e4ltt\u00e4\u00e4, sill\u00e4 sulamisprosessin aikana suolaliuos voi tunkeutua huokoiseen betoniin ja vaurioittaa rakennetta pitk\u00e4n ajan kuluessa.<\/p>\n","protected":false},"featured_media":78316,"comment_status":"open","ping_status":"closed","template":"","meta":{"_acf_changed":false},"factory":[],"free-shipment":[],"product_brand":[],"product_cat":[997,2797],"product_tag":[],"class_list":{"0":"post-78321","1":"product","2":"type-product","3":"status-publish","4":"has-post-thumbnail","6":"product_cat-piha-puutarha-fi","7":"product_cat-tiesuola-ja-hiekoitus","9":"first","10":"instock","11":"sale","12":"taxable","13":"shipping-taxable","14":"purchasable","15":"product-type-simple"},"acf":[],"_links":{"self":[{"href":"https:\/\/factory.sale\/fi\/wp-json\/wp\/v2\/product\/78321","targetHints":{"allow":["GET"]}}],"collection":[{"href":"https:\/\/factory.sale\/fi\/wp-json\/wp\/v2\/product"}],"about":[{"href":"https:\/\/factory.sale\/fi\/wp-json\/wp\/v2\/types\/product"}],"replies":[{"embeddable":true,"href":"https:\/\/factory.sale\/fi\/wp-json\/wp\/v2\/comments?post=78321"}],"wp:featuredmedia":[{"embeddable":true,"href":"https:\/\/factory.sale\/fi\/wp-json\/wp\/v2\/media\/78316"}],"wp:attachment":[{"href":"https:\/\/factory.sale\/fi\/wp-json\/wp\/v2\/media?parent=78321"}],"wp:term":[{"taxonomy":"factory","embeddable":true,"href":"https:\/\/factory.sale\/fi\/wp-json\/wp\/v2\/factory?post=78321"},{"taxonomy":"free-shipment","embeddable":true,"href":"https:\/\/factory.sale\/fi\/wp-json\/wp\/v2\/free-shipment?post=78321"},{"taxonomy":"product_brand","embeddable":true,"href":"https:\/\/factory.sale\/fi\/wp-json\/wp\/v2\/product_brand?post=78321"},{"taxonomy":"product_cat","embeddable":true,"href":"https:\/\/factory.sale\/fi\/wp-json\/wp\/v2\/product_cat?post=78321"},{"taxonomy":"product_tag","embeddable":true,"href":"https:\/\/factory.sale\/fi\/wp-json\/wp\/v2\/product_tag?post=78321"}],"curies":[{"name":"wp","href":"https:\/\/api.w.org\/{rel}","templated":true}]}}