{"id":78309,"date":"2024-02-23T14:09:10","date_gmt":"2024-02-23T14:15:36","guid":{"rendered":"https:\/\/factory.sale\/?post_type=product&#038;p=78309"},"modified":"2024-06-25T16:47:53","modified_gmt":"2024-06-25T16:47:53","slug":"hiekoitussepeli-hss-61009-20-kg","status":"publish","type":"product","link":"https:\/\/factory.sale\/fi\/tuote\/hiekoitussepeli-hss-61009-20-kg\/","title":{"rendered":"Hiekoitussepeli HSS 61009 20 kg"},"content":{"rendered":"<p>Hiekoitussepeli erilaisiin hiekoitustarpeisiin. Pakkauksessa 20 kg.<\/p>\n<p>Kuivatulla hiekoitussepelill\u00e4 torjut liukkautta ja hiekoitat k\u00e4tev\u00e4sti pihan kulkuv\u00e4yl\u00e4t.<\/p>\n<p>&nbsp;<\/p>\n<p>&nbsp;<\/p>\n<p><strong>TUOTETIEDOT:<\/strong><\/p>\n<ul>\n<li>Br\u00e4ndi: fescon<\/li>\n<li>EAN-koodi: 6416841610096<\/li>\n<li>Raekoko: 3 &#8211; 6 mm<\/li>\n<li>Pakkauskoko: 20 kg, muovis\u00e4kiss\u00e4<\/li>\n<li>Varastointiyksik\u00f6n korkeus (cm): 11,0<\/li>\n<li>Varastointiyksik\u00f6n leveys (cm): 31,0<\/li>\n<li>Varastointiyksik\u00f6n syvyys (cm): 51,0<\/li>\n<li>Varastointiyksik\u00f6n paino (kg): 20,0<\/li>\n<li>Myyntipakkaus 1: 1,0 SK<\/li>\n<li>Myyntipakkaus 2: 1,0 SK<\/li>\n<li>Myyntipakkaus 3: 48,0 SK<\/li>\n<\/ul>\n","protected":false},"excerpt":{"rendered":"<p>Hiekoitussepeli erilaisiin hiekoitustarpeisiin. Pakkauksessa 20 kg.<\/p>\n<p>Kuivatulla hiekoitussepelill\u00e4 torjut liukkautta ja hiekoitat k\u00e4tev\u00e4sti pihan kulkuv\u00e4yl\u00e4t.<\/p>\n","protected":false},"featured_media":78305,"comment_status":"open","ping_status":"closed","template":"","meta":{"_acf_changed":false},"factory":[],"free-shipment":[],"product_brand":[],"product_cat":[997,2797],"product_tag":[],"class_list":{"0":"post-78309","1":"product","2":"type-product","3":"status-publish","4":"has-post-thumbnail","6":"product_cat-piha-puutarha-fi","7":"product_cat-tiesuola-ja-hiekoitus","9":"first","10":"instock","11":"sale","12":"taxable","13":"shipping-taxable","14":"purchasable","15":"product-type-simple"},"acf":[],"_links":{"self":[{"href":"https:\/\/factory.sale\/fi\/wp-json\/wp\/v2\/product\/78309","targetHints":{"allow":["GET"]}}],"collection":[{"href":"https:\/\/factory.sale\/fi\/wp-json\/wp\/v2\/product"}],"about":[{"href":"https:\/\/factory.sale\/fi\/wp-json\/wp\/v2\/types\/product"}],"replies":[{"embeddable":true,"href":"https:\/\/factory.sale\/fi\/wp-json\/wp\/v2\/comments?post=78309"}],"wp:featuredmedia":[{"embeddable":true,"href":"https:\/\/factory.sale\/fi\/wp-json\/wp\/v2\/media\/78305"}],"wp:attachment":[{"href":"https:\/\/factory.sale\/fi\/wp-json\/wp\/v2\/media?parent=78309"}],"wp:term":[{"taxonomy":"factory","embeddable":true,"href":"https:\/\/factory.sale\/fi\/wp-json\/wp\/v2\/factory?post=78309"},{"taxonomy":"free-shipment","embeddable":true,"href":"https:\/\/factory.sale\/fi\/wp-json\/wp\/v2\/free-shipment?post=78309"},{"taxonomy":"product_brand","embeddable":true,"href":"https:\/\/factory.sale\/fi\/wp-json\/wp\/v2\/product_brand?post=78309"},{"taxonomy":"product_cat","embeddable":true,"href":"https:\/\/factory.sale\/fi\/wp-json\/wp\/v2\/product_cat?post=78309"},{"taxonomy":"product_tag","embeddable":true,"href":"https:\/\/factory.sale\/fi\/wp-json\/wp\/v2\/product_tag?post=78309"}],"curies":[{"name":"wp","href":"https:\/\/api.w.org\/{rel}","templated":true}]}}