{"id":78259,"date":"2024-02-23T10:47:58","date_gmt":"2024-02-23T10:51:44","guid":{"rendered":"https:\/\/factory.sale\/?post_type=product&#038;p=78259"},"modified":"2024-06-29T04:04:52","modified_gmt":"2024-06-29T04:04:52","slug":"vuorisuola-25-kg","status":"publish","type":"product","link":"https:\/\/factory.sale\/fi\/tuote\/vuorisuola-25-kg\/","title":{"rendered":"Vuorisuola 25 kg"},"content":{"rendered":"<p>Liukkaudentorjuntasuola, vuorisuola<br \/>\nLiukkaudentorjuntasuola 99 % natriumkloridi NaCl, tekniseen k\u00e4ytt\u00f6\u00f6n. Jauhemainen vuorisuola ulkoalueiden liukkaudentorjuntaan.<\/p>\n<p><strong>TUOTETIEDOT:<\/strong><\/p>\n<ul>\n<li>EAN-koodi: 6414505182613<\/li>\n<li>Varastointiyksik\u00f6n korkeus (cm): 15,0<\/li>\n<li>Varastointiyksik\u00f6n leveys (cm): 40,0<\/li>\n<li>Varastointiyksik\u00f6n syvyys (cm): 50,0<\/li>\n<li>Varastointiyksik\u00f6n paino (kg): 25,0<\/li>\n<li>Myyntipakkaus 1: 1,0 SK<\/li>\n<li>Myyntipakkaus 2: 1,0 SK<\/li>\n<li>Myyntipakkaus 3: 48,0 SK<\/li>\n<\/ul>\n","protected":false},"excerpt":{"rendered":"<p>Liukkaudentorjuntasuola 99 % natriumkloridi NaCl, tekniseen k\u00e4ytt\u00f6\u00f6n. Jauhemainen vuorisuola ulkoalueiden liukkaudentorjuntaan.<\/p>\n","protected":false},"featured_media":78255,"comment_status":"open","ping_status":"closed","template":"","meta":{"_acf_changed":false},"factory":[],"free-shipment":[],"product_brand":[],"product_cat":[997,2797],"product_tag":[],"class_list":{"0":"post-78259","1":"product","2":"type-product","3":"status-publish","4":"has-post-thumbnail","6":"product_cat-piha-puutarha-fi","7":"product_cat-tiesuola-ja-hiekoitus","9":"first","10":"instock","11":"sale","12":"taxable","13":"shipping-taxable","14":"purchasable","15":"product-type-simple"},"acf":[],"_links":{"self":[{"href":"https:\/\/factory.sale\/fi\/wp-json\/wp\/v2\/product\/78259","targetHints":{"allow":["GET"]}}],"collection":[{"href":"https:\/\/factory.sale\/fi\/wp-json\/wp\/v2\/product"}],"about":[{"href":"https:\/\/factory.sale\/fi\/wp-json\/wp\/v2\/types\/product"}],"replies":[{"embeddable":true,"href":"https:\/\/factory.sale\/fi\/wp-json\/wp\/v2\/comments?post=78259"}],"wp:featuredmedia":[{"embeddable":true,"href":"https:\/\/factory.sale\/fi\/wp-json\/wp\/v2\/media\/78255"}],"wp:attachment":[{"href":"https:\/\/factory.sale\/fi\/wp-json\/wp\/v2\/media?parent=78259"}],"wp:term":[{"taxonomy":"factory","embeddable":true,"href":"https:\/\/factory.sale\/fi\/wp-json\/wp\/v2\/factory?post=78259"},{"taxonomy":"free-shipment","embeddable":true,"href":"https:\/\/factory.sale\/fi\/wp-json\/wp\/v2\/free-shipment?post=78259"},{"taxonomy":"product_brand","embeddable":true,"href":"https:\/\/factory.sale\/fi\/wp-json\/wp\/v2\/product_brand?post=78259"},{"taxonomy":"product_cat","embeddable":true,"href":"https:\/\/factory.sale\/fi\/wp-json\/wp\/v2\/product_cat?post=78259"},{"taxonomy":"product_tag","embeddable":true,"href":"https:\/\/factory.sale\/fi\/wp-json\/wp\/v2\/product_tag?post=78259"}],"curies":[{"name":"wp","href":"https:\/\/api.w.org\/{rel}","templated":true}]}}