{"id":78248,"date":"2024-02-23T10:32:40","date_gmt":"2024-02-23T10:42:14","guid":{"rendered":"https:\/\/factory.sale\/?post_type=product&#038;p=78248"},"modified":"2024-06-26T18:25:31","modified_gmt":"2024-06-26T18:25:31","slug":"maantiesuola-mgcl2-25kg","status":"publish","type":"product","link":"https:\/\/factory.sale\/fi\/tuote\/maantiesuola-mgcl2-25kg\/","title":{"rendered":"Maantiesuola MgCl2 25kg"},"content":{"rendered":"<p><strong>Tuotenumero:<\/strong> 502522441<br \/>\n<strong>EAN-koodi:<\/strong> 6414505179453<\/p>\n<p>&nbsp;<\/p>\n<p>Hiutalemainen magnesiumkloridi sopii j\u00e4\u00e4nsulatukseen ja on erinomainen p\u00f6lynsidonta-aine esimerkiksi pihojen, katujen sek\u00e4 pallo- ja ratsastuskenttien p\u00f6lynsidontaan. Hiutalemainen magnesiumkloridi sopii j\u00e4\u00e4nsulatukseen ja on erinomainen p\u00f6lynsidonta-aine esimerkiksi pihojen, katujen sek\u00e4 pallo- ja ratsastuskenttien p\u00f6lynsidontaan. Kev\u00e4isin ja kuivina kesin\u00e4 piha-alueiden p\u00f6ly\u00e4minen saattaa aiheuttaa muun muassa silmien ja hengitysteiden \u00e4rsytyst\u00e4, joten p\u00f6lynsidonnalla voidaan edesauttaa parempia ulkoiluolosuhteita. Magnesiumkloridin toiminta perustuu sen kykyyn ime\u00e4 itseens\u00e4 kosteutta ja sitoa p\u00f6lyhiukkasia ymp\u00e4rist\u00f6st\u00e4.<\/p>\n<p>&nbsp;<\/p>\n<p><strong>PAKKAUS:<\/strong><\/p>\n<ul>\n<li>Nettosis\u00e4lt\u00f6: 25 KG<\/li>\n<\/ul>\n","protected":false},"excerpt":{"rendered":"<p>Hiutalemainen magnesiumkloridi sopii j\u00e4\u00e4nsulatukseen ja on erinomainen p\u00f6lynsidonta-aine esimerkiksi pihojen, katujen sek\u00e4 pallo- ja ratsastuskenttien p\u00f6lynsidontaan. Hiutalemainen magnesiumkloridi sopii j\u00e4\u00e4nsulatukseen ja on erinomainen p\u00f6lynsidonta-aine esimerkiksi pihojen, katujen sek\u00e4 pallo- ja ratsastuskenttien p\u00f6lynsidontaan. Kev\u00e4isin ja kuivina kesin\u00e4 piha-alueiden p\u00f6ly\u00e4minen saattaa aiheuttaa muun muassa silmien ja hengitysteiden \u00e4rsytyst\u00e4, joten p\u00f6lynsidonnalla voidaan edesauttaa parempia ulkoiluolosuhteita. Magnesiumkloridin toiminta perustuu sen kykyyn ime\u00e4 itseens\u00e4 kosteutta ja sitoa p\u00f6lyhiukkasia ymp\u00e4rist\u00f6st\u00e4.<\/p>\n<p>&nbsp;<\/p>\n","protected":false},"featured_media":78241,"comment_status":"open","ping_status":"closed","template":"","meta":{"_acf_changed":false},"factory":[],"free-shipment":[],"product_brand":[],"product_cat":[997,2797],"product_tag":[],"class_list":{"0":"post-78248","1":"product","2":"type-product","3":"status-publish","4":"has-post-thumbnail","6":"product_cat-piha-puutarha-fi","7":"product_cat-tiesuola-ja-hiekoitus","9":"first","10":"instock","11":"sale","12":"taxable","13":"shipping-taxable","14":"purchasable","15":"product-type-simple"},"acf":[],"_links":{"self":[{"href":"https:\/\/factory.sale\/fi\/wp-json\/wp\/v2\/product\/78248","targetHints":{"allow":["GET"]}}],"collection":[{"href":"https:\/\/factory.sale\/fi\/wp-json\/wp\/v2\/product"}],"about":[{"href":"https:\/\/factory.sale\/fi\/wp-json\/wp\/v2\/types\/product"}],"replies":[{"embeddable":true,"href":"https:\/\/factory.sale\/fi\/wp-json\/wp\/v2\/comments?post=78248"}],"wp:featuredmedia":[{"embeddable":true,"href":"https:\/\/factory.sale\/fi\/wp-json\/wp\/v2\/media\/78241"}],"wp:attachment":[{"href":"https:\/\/factory.sale\/fi\/wp-json\/wp\/v2\/media?parent=78248"}],"wp:term":[{"taxonomy":"factory","embeddable":true,"href":"https:\/\/factory.sale\/fi\/wp-json\/wp\/v2\/factory?post=78248"},{"taxonomy":"free-shipment","embeddable":true,"href":"https:\/\/factory.sale\/fi\/wp-json\/wp\/v2\/free-shipment?post=78248"},{"taxonomy":"product_brand","embeddable":true,"href":"https:\/\/factory.sale\/fi\/wp-json\/wp\/v2\/product_brand?post=78248"},{"taxonomy":"product_cat","embeddable":true,"href":"https:\/\/factory.sale\/fi\/wp-json\/wp\/v2\/product_cat?post=78248"},{"taxonomy":"product_tag","embeddable":true,"href":"https:\/\/factory.sale\/fi\/wp-json\/wp\/v2\/product_tag?post=78248"}],"curies":[{"name":"wp","href":"https:\/\/api.w.org\/{rel}","templated":true}]}}