{"id":77277,"date":"2024-02-19T14:50:03","date_gmt":"2024-02-19T15:40:54","guid":{"rendered":"https:\/\/factory.sale\/?post_type=product&#038;p=77277"},"modified":"2025-05-04T15:21:46","modified_gmt":"2025-05-04T12:21:46","slug":"caliskan-puulammitteinen-uuni-216-3d","status":"publish","type":"product","link":"https:\/\/factory.sale\/fi\/tuote\/caliskan-puulammitteinen-uuni-216-3d\/","title":{"rendered":"\u00c7al\u0131\u015fkan puul\u00e4mmitteinen uuni 216-3D"},"content":{"rendered":"<p>T\u00e4m\u00e4 on monitoiminen uuni, joka on fantastinen mestariteos miss\u00e4 tahansa huoneessa. Se voi l\u00e4mmitt\u00e4\u00e4 suuren huoneesi korkealla energiatehokkuudellaan. Voit hy\u00f6dynt\u00e4\u00e4 maksimaalisesti jokaisen puupalan, jonka siihen laitat. T\u00e4ss\u00e4 liedess\u00e4 on uunin ilmanvaihtoluiska, joka poistaa ruoan hajut savupiipun kautta uunin sis\u00e4ll\u00e4, jotta ruoan hajut eiv\u00e4t levi\u00e4isi kokkauksen aikana huoneeseen.<\/p>\n<p>Erinomaisen uunin korkeuden ansiosta t\u00e4m\u00e4 liesi tarjoaa mahdollisuuden valmistaa sek\u00e4 punaista ett\u00e4 valkoista lihaa tandoorityyliin puutulella!<\/p>\n<p>Kuutiomainen ja maalaistyylinen muotoilu yhdistettyn\u00e4 moderniin viimeistelyyn sopii t\u00e4ydellisesti sek\u00e4 pieniin ett\u00e4 avariin huoneisiin. Parhaiden materiaalien k\u00e4ytt\u00f6 yhdistettyn\u00e4 tarkkaan k\u00e4sity\u00f6taitoon takaa pitk\u00e4ik\u00e4isyyden ja alkuper\u00e4isten parametrien s\u00e4ilymisen my\u00f6s usein k\u00e4ytett\u00e4ess\u00e4.<\/p>\n<p>Kolme suurta ikkunaa tarjoavat upeat n\u00e4kym\u00e4t liekkeihin.<br \/>\nT\u00e4m\u00e4 on upean n\u00e4k\u00f6inen uuni, joka ei n\u00e4yt\u00e4 ep\u00e4sopivalta miss\u00e4\u00e4n kodissa. Se on varustettu erinomaisilla ominaisuuksilla pit\u00e4m\u00e4\u00e4n lasit puhtaina ja tarjoamaan paremman l\u00e4mm\u00f6nkierron huoneessa. Siin\u00e4 on kaunis valurautaovi ja suuret katseluikkunat, jotka tarjoavat upeat n\u00e4kym\u00e4t liekkimaalaukseen.<\/p>\n<p>216-3D on t\u00e4ydellinen ymp\u00e4rist\u00f6yst\u00e4v\u00e4llinen valinta kotiisi. Se on BlmSchV- ja EcoDesign-hyv\u00e4ksytty ja t\u00e4ytt\u00e4\u00e4 kaikki vuodesta 2022 alkaen voimaan tulleet uudet puhtaan ilman standardit. Lis\u00e4ksi se on yksi markkinoiden parhaiten hinnoitelluista uuneista.<\/p>\n<p><strong><em>5 vuoden takuu!<\/em><\/strong><\/p>\n<p>&nbsp;<\/p>\n<p>&nbsp;<\/p>\n<p><strong>Tekniset tiedot:<\/strong><\/p>\n<ul>\n<li>Teho: 8,450 kW<\/li>\n<li>Tulenkest\u00e4v\u00e4t shamottitiilet<\/li>\n<li>Kaksoissyklinen uunij\u00e4rjestelm\u00e4<\/li>\n<li>Mitat: syvyys 55 \u00d7 leveys 85 \u00d7 korkeus 91 cm<\/li>\n<li>L\u00e4mp\u00f6kapasiteetti: 84 m\u00b2<\/li>\n<li>Valurautaiset osat: yl\u00e4levy, runko, kannet, arina<\/li>\n<li>Lasitettu emalipinnoite<\/li>\n<li>Savupiipun halkaisija: 130 mm<\/li>\n<li>L\u00e4mp\u00f6shokkia kest\u00e4v\u00e4 keraaminen lasi<\/li>\n<li>Helppo puhdistaa<\/li>\n<li>Kaksivaiheinen uuni l\u00e4mp\u00f6mittarilla<\/li>\n<li>Paksu metallilevy<\/li>\n<li>Paino: 110 kg<\/li>\n<li>Etupuolen ja vasemman puolen keraaminen lasi<\/li>\n<li>Polttoaine: puu<\/li>\n<\/ul>\n<p>&nbsp;<\/p>\n<p>&nbsp;<\/p>\n<p><strong>Sertifioitu:<\/strong><\/p>\n<ul>\n<li>Eco Design 2022<\/li>\n<li>BlmSchV 2. taso (Liittovaltion P\u00e4\u00e4st\u00f6nsuojelum\u00e4\u00e4r\u00e4ys) t\u00e4ytetty.<\/li>\n<li>CE<\/li>\n<li>15a B-VG<\/li>\n<li>Certificato Ambientale<\/li>\n<li>DEFRA hyv\u00e4ksytty<\/li>\n<\/ul>\n<p>&nbsp;<\/p>\n<p>&nbsp;<\/p>\n<p><em>Lue ja noudata k\u00e4ytt\u00f6ohjetta.<\/em><br \/>\n<em>K\u00e4yt\u00e4 ainoastaan hyv\u00e4ksytty\u00e4 polttoainetta \u2013 asianmukaisesti kuivattua ja pilkottua polttopuuta!<\/em><\/p>\n<p>&nbsp;<\/p>\n<p><a href=\"https:\/\/factory.sale\/wp-content\/uploads\/2024\/02\/214_216_CASING_212_USER_MANUAL_ENGLISH.pdf\" target=\"_blank\" rel=\"noopener\">K\u00e4ytt\u00f6- ja asennusohje<\/a><\/p>\n<p>&nbsp;<\/p>\n<div class=\"video-wrapper \"><iframe loading=\"lazy\" title=\"Panorama-Herd Caliskan 216-3D\" width=\"500\" height=\"281\" src=\"https:\/\/www.youtube.com\/embed\/rSjHyQwErQ4?feature=oembed\" frameborder=\"0\" allow=\"accelerometer; autoplay; clipboard-write; encrypted-media; gyroscope; picture-in-picture; web-share\" referrerpolicy=\"strict-origin-when-cross-origin\" allowfullscreen><\/iframe><\/div>\n","protected":false},"excerpt":{"rendered":"<p>\u00c7ALI\u015eKAN 216-3D on premium-luokan puul\u00e4mmitteinen liesi uunilla. Se on lasitettu kolmelta sivulta. Sek\u00e4 etu- ett\u00e4 sivusivut ovat suuria lasipaneeleja, jotka tekev\u00e4t 216-3D:st\u00e4 vaikuttavan uunin. T\u00e4m\u00e4 malli tarjoaa laajan n\u00e4kym\u00e4n palosta maisematilassa. Sen ilmanpesuj\u00e4rjestelm\u00e4 pit\u00e4\u00e4 lasit tahrattoman puhtaina.<\/p>\n<p>&nbsp;<\/p>\n<p>L\u00e4mmitett\u00e4v\u00e4 alue 10 \u2013 100m\u00b2.<\/p>\n<p>ILMAINEN TOIMITUS EU- ALUEELLA!<\/p>\n","protected":false},"featured_media":77264,"comment_status":"open","ping_status":"closed","template":"","meta":{"_acf_changed":false},"factory":[],"free-shipment":[],"product_brand":[],"product_cat":[2787,1329],"product_tag":[2011,1124],"class_list":{"0":"post-77277","1":"product","2":"type-product","3":"status-publish","4":"has-post-thumbnail","6":"product_cat-caliskan-fi","7":"product_cat-uunit","8":"product_tag-stove-fi","9":"product_tag-woodburning-stove-fi","11":"first","12":"instock","13":"sale","14":"taxable","15":"shipping-taxable","16":"purchasable","17":"product-type-simple"},"acf":[],"_links":{"self":[{"href":"https:\/\/factory.sale\/fi\/wp-json\/wp\/v2\/product\/77277","targetHints":{"allow":["GET"]}}],"collection":[{"href":"https:\/\/factory.sale\/fi\/wp-json\/wp\/v2\/product"}],"about":[{"href":"https:\/\/factory.sale\/fi\/wp-json\/wp\/v2\/types\/product"}],"replies":[{"embeddable":true,"href":"https:\/\/factory.sale\/fi\/wp-json\/wp\/v2\/comments?post=77277"}],"wp:featuredmedia":[{"embeddable":true,"href":"https:\/\/factory.sale\/fi\/wp-json\/wp\/v2\/media\/77264"}],"wp:attachment":[{"href":"https:\/\/factory.sale\/fi\/wp-json\/wp\/v2\/media?parent=77277"}],"wp:term":[{"taxonomy":"factory","embeddable":true,"href":"https:\/\/factory.sale\/fi\/wp-json\/wp\/v2\/factory?post=77277"},{"taxonomy":"free-shipment","embeddable":true,"href":"https:\/\/factory.sale\/fi\/wp-json\/wp\/v2\/free-shipment?post=77277"},{"taxonomy":"product_brand","embeddable":true,"href":"https:\/\/factory.sale\/fi\/wp-json\/wp\/v2\/product_brand?post=77277"},{"taxonomy":"product_cat","embeddable":true,"href":"https:\/\/factory.sale\/fi\/wp-json\/wp\/v2\/product_cat?post=77277"},{"taxonomy":"product_tag","embeddable":true,"href":"https:\/\/factory.sale\/fi\/wp-json\/wp\/v2\/product_tag?post=77277"}],"curies":[{"name":"wp","href":"https:\/\/api.w.org\/{rel}","templated":true}]}}