{"id":77253,"date":"2024-02-19T12:48:56","date_gmt":"2024-02-19T14:04:16","guid":{"rendered":"https:\/\/factory.sale\/?post_type=product&#038;p=77253"},"modified":"2025-05-04T16:06:54","modified_gmt":"2025-05-04T13:06:54","slug":"caliskan-puulammitteinen-uuni-216-box","status":"publish","type":"product","link":"https:\/\/factory.sale\/fi\/tuote\/caliskan-puulammitteinen-uuni-216-box\/","title":{"rendered":"\u00c7al\u0131\u015fkan puul\u00e4mmitteinen uuni 216-BOX"},"content":{"rendered":"<p>Ihanteellinen valinta klassisen tyylin yll\u00e4pit\u00e4miseen tinkim\u00e4tt\u00e4 tehosta, tehokkuudesta ja ymp\u00e4rist\u00f6n kunnioittamisesta!<\/p>\n<p>Etsitk\u00f6 l\u00e4mp\u00f6\u00e4 ja charmia kotiisi?<br \/>\nTutustu \u00c7al\u0131\u015fkanin upeaan takkapuuliesien kokoelmaan. Tarjolla on vaihtoehtoja klassisesta nykyaikaiseen. Meill\u00e4 on t\u00e4ydelliset puuliedet jokaiseen tyyliin.<\/p>\n<p>T\u00e4m\u00e4 valuraudasta valmistettu takka, jolla on yli puolen vuosisadan \u00c7al\u0131\u015fkan-perinteit\u00e4, on t\u00e4ynn\u00e4 viimeisint\u00e4 teknologiaa ja ominaisuuksia. Ominaisuuksiin kuuluu ylisuuri keraaminen lasi, joka tarjoaa upean n\u00e4kym\u00e4n tanssiviin liekkeihin sis\u00e4ll\u00e4. Sen ilmanpesuj\u00e4rjestelm\u00e4 pit\u00e4\u00e4 lasin tahrattoman puhtaana.<\/p>\n<p>Uusi puuliesi on suunniteltu kunnioittamaan ymp\u00e4rist\u00f6\u00e4 ja sulautumaan vaivattomasti kotisi sisustukseen, tarjoten sinulle maksimaalisen mukavuuden ja tehokkuuden.<\/p>\n<p>Erinomaisen uunin korkeuden ansiosta t\u00e4m\u00e4 liesi tarjoaa mahdollisuuden valmistaa sek\u00e4 punaista ett\u00e4 valkoista lihaa tandoorityyliin puutulella!<\/p>\n<p>Matalat hiukkasp\u00e4\u00e4st\u00f6t laadukkaan palamisen ansiosta!<\/p>\n<p>216-BOX on t\u00e4ydellinen ymp\u00e4rist\u00f6yst\u00e4v\u00e4llinen valinta kotiisi. Se on BlmSchV- ja EcoDesign-hyv\u00e4ksytty ja t\u00e4ytt\u00e4\u00e4 kaikki vuodesta 2022 voimaan tulleet uudet puhtaan ilman standardit. Lis\u00e4ksi se on yksi markkinoiden parhaiten hinnoitelluista uunista.<\/p>\n<p><em><strong>5 vuoden takuu!<\/strong><\/em><\/p>\n<p>&nbsp;<\/p>\n<p><strong>Tekniset tiedot:<\/strong><\/p>\n<ul>\n<li>Teho: 8,450 kW<\/li>\n<li>Tulenkest\u00e4v\u00e4t shamottitiilet<\/li>\n<li>Kaksoissyklinen uunij\u00e4rjestelm\u00e4<\/li>\n<li>(Laatikon sis\u00e4mitat): syvyys 33 \u00d7 leveys 74 \u00d7 korkeus 18 cm<\/li>\n<li>Mitat: syvyys 55 \u00d7 leveys 84 \u00d7 korkeus 91,5 cm<\/li>\n<li>L\u00e4mp\u00f6kapasiteetti: 84 m\u00b2<\/li>\n<li>Valurautaiset osat: yl\u00e4levy, kannet, arina<\/li>\n<li>Lasitettu emalipinnoite<\/li>\n<li>Savupiipun halkaisija: 130 mm<\/li>\n<li>L\u00e4mp\u00f6shokkia kest\u00e4v\u00e4 keraaminen lasi<\/li>\n<li>Helppo puhdistaa<\/li>\n<li>Kaksivaiheinen uuni l\u00e4mp\u00f6mittarilla<\/li>\n<li>Paksu metallilevy<\/li>\n<li>Paino: 125 kg<\/li>\n<li>(Halkolaatikon tilavuus): 44 litraa<\/li>\n<li>Polttoaine: puu<\/li>\n<\/ul>\n<p>&nbsp;<\/p>\n<p>&nbsp;<\/p>\n<p><strong>Sertifioitu:<\/strong><\/p>\n<ul>\n<li>Eco Design 2022<\/li>\n<li>BlmSchV 2. taso (Liittovaltion P\u00e4\u00e4st\u00f6nsuojelum\u00e4\u00e4r\u00e4ys) t\u00e4ytetty.<\/li>\n<li>CE<\/li>\n<li>15a B-VG<\/li>\n<li>Certificato Ambientale<\/li>\n<li>DEFRA hyv\u00e4ksytty<\/li>\n<\/ul>\n<p>&nbsp;<\/p>\n<p><em>Lue ja noudata k\u00e4ytt\u00f6ohjetta.<\/em><br \/>\n<em>K\u00e4yt\u00e4 ainoastaan hyv\u00e4ksytty\u00e4 polttoainetta \u2013 asianmukaisesti kuivattua ja pilkottua polttopuuta!<\/em><\/p>\n<p>&nbsp;<\/p>\n<p>&nbsp;<\/p>\n<p><a href=\"https:\/\/factory.sale\/wp-content\/uploads\/2024\/02\/214_216_CASING_212_USER_MANUAL_ENGLISH-1.pdf\" target=\"_blank\" rel=\"noopener\">K\u00e4ytt\u00f6- ja asennusohje<\/a><\/p>\n<p>&nbsp;<\/p>\n<div class=\"video-wrapper \"><iframe loading=\"lazy\" title=\"Holzherd Caliskan 216 BOX - Premiumherd mit Schublade\" width=\"500\" height=\"281\" src=\"https:\/\/www.youtube.com\/embed\/ibvsjbUc-cE?feature=oembed\" frameborder=\"0\" allow=\"accelerometer; autoplay; clipboard-write; encrypted-media; gyroscope; picture-in-picture; web-share\" referrerpolicy=\"strict-origin-when-cross-origin\" allowfullscreen><\/iframe><\/div>\n","protected":false},"excerpt":{"rendered":"<p>\u00c7ALI\u015eKAN 216-BOX on monitoiminen puul\u00e4mmitteinen uuni. Se on fantastinen mestariteos miss\u00e4 tahansa huoneessa. Se voi l\u00e4mmitt\u00e4\u00e4 suuren huoneesi korkealla energiatehokkuudellaan, mutta samalla voit ihanteellisesti valmistaa ruokiasi sen uunissa hyvin suunnitellulla l\u00e4mp\u00f6polulla. Saat todella kaiken irti jokaisesta puupalasta, jonka siihen laitat. Uunissa on \u00e4lyk\u00e4s ilmanvaihtoluiska, joka poistaa ruoan hajut savupiipun kautta uunin sis\u00e4ll\u00e4.<\/p>\n<p>&nbsp;<\/p>\n<p>L\u00e4mmitett\u00e4v\u00e4 alue 10 \u2013 100m\u00b2.<\/p>\n<p>ILMAINEN TOIMITUS EU- ALUEELLA!<\/p>\n","protected":false},"featured_media":77222,"comment_status":"open","ping_status":"closed","template":"","meta":{"_acf_changed":false},"factory":[],"free-shipment":[],"product_brand":[],"product_cat":[2787,1329],"product_tag":[2011],"class_list":{"0":"post-77253","1":"product","2":"type-product","3":"status-publish","4":"has-post-thumbnail","6":"product_cat-caliskan-fi","7":"product_cat-uunit","8":"product_tag-stove-fi","10":"first","11":"instock","12":"sale","13":"taxable","14":"shipping-taxable","15":"purchasable","16":"product-type-simple"},"acf":[],"_links":{"self":[{"href":"https:\/\/factory.sale\/fi\/wp-json\/wp\/v2\/product\/77253","targetHints":{"allow":["GET"]}}],"collection":[{"href":"https:\/\/factory.sale\/fi\/wp-json\/wp\/v2\/product"}],"about":[{"href":"https:\/\/factory.sale\/fi\/wp-json\/wp\/v2\/types\/product"}],"replies":[{"embeddable":true,"href":"https:\/\/factory.sale\/fi\/wp-json\/wp\/v2\/comments?post=77253"}],"wp:featuredmedia":[{"embeddable":true,"href":"https:\/\/factory.sale\/fi\/wp-json\/wp\/v2\/media\/77222"}],"wp:attachment":[{"href":"https:\/\/factory.sale\/fi\/wp-json\/wp\/v2\/media?parent=77253"}],"wp:term":[{"taxonomy":"factory","embeddable":true,"href":"https:\/\/factory.sale\/fi\/wp-json\/wp\/v2\/factory?post=77253"},{"taxonomy":"free-shipment","embeddable":true,"href":"https:\/\/factory.sale\/fi\/wp-json\/wp\/v2\/free-shipment?post=77253"},{"taxonomy":"product_brand","embeddable":true,"href":"https:\/\/factory.sale\/fi\/wp-json\/wp\/v2\/product_brand?post=77253"},{"taxonomy":"product_cat","embeddable":true,"href":"https:\/\/factory.sale\/fi\/wp-json\/wp\/v2\/product_cat?post=77253"},{"taxonomy":"product_tag","embeddable":true,"href":"https:\/\/factory.sale\/fi\/wp-json\/wp\/v2\/product_tag?post=77253"}],"curies":[{"name":"wp","href":"https:\/\/api.w.org\/{rel}","templated":true}]}}