{"id":77069,"date":"2024-02-18T22:39:04","date_gmt":"2024-02-18T22:59:46","guid":{"rendered":"https:\/\/factory.sale\/?post_type=product&#038;p=77069"},"modified":"2025-05-05T23:26:33","modified_gmt":"2025-05-05T20:26:33","slug":"caliskan-puulammitteinen-uuni-216","status":"publish","type":"product","link":"https:\/\/factory.sale\/fi\/tuote\/caliskan-puulammitteinen-uuni-216\/","title":{"rendered":"\u00c7al\u0131\u015fkan puul\u00e4mmitteinen uuni 216"},"content":{"rendered":"<p>Nauti alkuper\u00e4isest\u00e4 puul\u00e4mmitteisest\u00e4 uunista ja ritisev\u00e4st\u00e4 tulesta!<\/p>\n<p>Kuvittele miellytt\u00e4v\u00e4 l\u00e4mp\u00f6, ritisev\u00e4t puut ja kaikki herkut, joita voit uunissa valmistaa. Kuulostaa houkuttelevalta, eik\u00f6?<\/p>\n<p>Emalipinnoitettu ainutlaatuinen uuni palotilan vieress\u00e4.<br \/>\nT\u00e4m\u00e4 malli tarjoaa tunnelmaa, l\u00e4mp\u00f6\u00e4 ja my\u00f6s mahdollisuuden valmistaa ruokia.<\/p>\n<p>Erinomaisen uuninkorkeutensa ansiosta t\u00e4m\u00e4 liesi tarjoaa mahdollisuuden kypsent\u00e4\u00e4 sek\u00e4 punaista ett\u00e4 valkoista lihaa tandoorityyliin puun tulella!<\/p>\n<p>T\u00e4m\u00e4 puul\u00e4mmitteinen uuni sopii t\u00e4ydellisesti mihin tahansa sisustukseen, riippumatta sen koosta tai v\u00e4rimaailmasta. Sen elegantti muotoilu tekee siit\u00e4 huomion keskipisteen miss\u00e4 tahansa se sijaitseekaan.<\/p>\n<p>Huolimatta perinteisest\u00e4 ulkon\u00e4\u00f6st\u00e4 ja tunnelmasta, t\u00e4m\u00e4 uuni on nyky\u00e4\u00e4n yksi markkinoiden ymp\u00e4rist\u00f6yst\u00e4v\u00e4llisimmist\u00e4 vaihtoehdoista.<\/p>\n<p>T\u00e4m\u00e4 valuraudasta valmistettu uuni, jolla on yli puolen vuosisadan \u00c7al\u0131\u015fkan-perinteit\u00e4, on t\u00e4ynn\u00e4 viimeisint\u00e4 teknologiaa ja ominaisuuksia.<\/p>\n<p>S\u00e4\u00e4st\u00e4 rahaa ja resursseja! T\u00e4m\u00e4n \u00c7al\u0131\u015fkan puul\u00e4mmitteisen uunin l\u00e4mmityksen edut ovat vertaansa vailla, erityisesti syksyn ja talven siirtym\u00e4kauden aikana.<\/p>\n<p><em><strong>5 vuoden takuu!<\/strong><\/em><\/p>\n<p>&nbsp;<\/p>\n<p><strong>Tekniset tiedot:<\/strong><\/p>\n<ul>\n<li>Teho: 8,450 kW<\/li>\n<li>Tulenkest\u00e4v\u00e4t shamottitiilet<\/li>\n<li>Kaksoissyklinen uunij\u00e4rjestelm\u00e4<\/li>\n<li>Mitat: syvyys 55 \u00d7 leveys 84 \u00d7 korkeus 91 cm<\/li>\n<li>L\u00e4mp\u00f6kapasiteetti: 84 m\u00b2<\/li>\n<li>Valurautaiset osat: yl\u00e4levy, kannet, arina<\/li>\n<li>Lasitettu emalipinnoite<\/li>\n<li>Savupiipun halkaisija: 130 mm<\/li>\n<li>L\u00e4mp\u00f6shokkia kest\u00e4v\u00e4 keraaminen lasi<\/li>\n<li>Helppo puhdistaa<\/li>\n<li>Kaksivaiheinen uuni l\u00e4mp\u00f6mittarilla<\/li>\n<li>Paksu metallilevy<\/li>\n<li>Paino: 110 kg<\/li>\n<li>Polttoaine: puu<\/li>\n<\/ul>\n<p>&nbsp;<\/p>\n<p>&nbsp;<\/p>\n<p><strong>Sertifioitu:<\/strong><\/p>\n<ul>\n<li>Eco Design 2022<\/li>\n<li>BlmSchV 2. taso (Liittovaltion P\u00e4\u00e4st\u00f6nsuojelum\u00e4\u00e4r\u00e4ys) t\u00e4ytetty.<\/li>\n<li>CE<\/li>\n<li>15a B-VG<\/li>\n<li>Certificato Ambientale<\/li>\n<li>DEFRA hyv\u00e4ksytty<\/li>\n<\/ul>\n<p>&nbsp;<\/p>\n<p>&nbsp;<\/p>\n<p><em>Lue ja noudata k\u00e4ytt\u00f6ohjetta.<\/em><br \/>\n<em>K\u00e4yt\u00e4 ainoastaan hyv\u00e4ksytty\u00e4 polttoainetta \u2013 asianmukaisesti kuivattua ja pilkottua polttopuuta!<\/em><\/p>\n<p>&nbsp;<\/p>\n<p><a href=\"https:\/\/factory.sale\/wp-content\/uploads\/2024\/02\/214_216_CASING_212_USER_MANUAL_ENGLISH.pdf\" target=\"_blank\" rel=\"noopener\">Ohjeet<\/a><\/p>\n<p>&nbsp;<\/p>\n<p>&nbsp;<\/p>\n<div class=\"video-wrapper \"><iframe loading=\"lazy\" title=\"Premiumherd Caliskan 216 Holzherd - viel Gusseisen!\" width=\"500\" height=\"281\" src=\"https:\/\/www.youtube.com\/embed\/SX5vejuVHVg?feature=oembed\" frameborder=\"0\" allow=\"accelerometer; autoplay; clipboard-write; encrypted-media; gyroscope; picture-in-picture; web-share\" referrerpolicy=\"strict-origin-when-cross-origin\" allowfullscreen><\/iframe><\/div>\n","protected":false},"excerpt":{"rendered":"<p>\u00c7ALI\u015eKAN 216 on monitoiminen puul\u00e4mmitteinen uuni. Se on fantastinen mestariteos miss\u00e4 tahansa huoneessa. Se voi l\u00e4mmitt\u00e4\u00e4 suuren huoneesi korkealla energiatehokkuudellaan, mutta samalla voit ihanteellisesti valmistaa ruokiasi sen uunissa hyvin suunnitellulla l\u00e4mp\u00f6polulla. Saat todella kaiken irti jokaisesta puupalasta, jonka siihen laitat. Uunissa on \u00e4lyk\u00e4s ilmanvaihto, joka poistaa ruoan hajut savupiipun kautta uunin sis\u00e4ll\u00e4.<\/p>\n<p>&nbsp;<\/p>\n<p>L\u00e4mmitett\u00e4v\u00e4 alue 10 \u2013 100m\u00b2.<\/p>\n<p>ILMAINEN TOIMITUS EU- ALUEELLA!<\/p>\n","protected":false},"featured_media":77063,"comment_status":"open","ping_status":"closed","template":"","meta":{"_acf_changed":false},"factory":[],"free-shipment":[],"product_brand":[],"product_cat":[2787,1329],"product_tag":[1124],"class_list":{"0":"post-77069","1":"product","2":"type-product","3":"status-publish","4":"has-post-thumbnail","6":"product_cat-caliskan-fi","7":"product_cat-uunit","8":"product_tag-woodburning-stove-fi","10":"first","11":"instock","12":"sale","13":"taxable","14":"shipping-taxable","15":"purchasable","16":"product-type-simple"},"acf":[],"_links":{"self":[{"href":"https:\/\/factory.sale\/fi\/wp-json\/wp\/v2\/product\/77069","targetHints":{"allow":["GET"]}}],"collection":[{"href":"https:\/\/factory.sale\/fi\/wp-json\/wp\/v2\/product"}],"about":[{"href":"https:\/\/factory.sale\/fi\/wp-json\/wp\/v2\/types\/product"}],"replies":[{"embeddable":true,"href":"https:\/\/factory.sale\/fi\/wp-json\/wp\/v2\/comments?post=77069"}],"wp:featuredmedia":[{"embeddable":true,"href":"https:\/\/factory.sale\/fi\/wp-json\/wp\/v2\/media\/77063"}],"wp:attachment":[{"href":"https:\/\/factory.sale\/fi\/wp-json\/wp\/v2\/media?parent=77069"}],"wp:term":[{"taxonomy":"factory","embeddable":true,"href":"https:\/\/factory.sale\/fi\/wp-json\/wp\/v2\/factory?post=77069"},{"taxonomy":"free-shipment","embeddable":true,"href":"https:\/\/factory.sale\/fi\/wp-json\/wp\/v2\/free-shipment?post=77069"},{"taxonomy":"product_brand","embeddable":true,"href":"https:\/\/factory.sale\/fi\/wp-json\/wp\/v2\/product_brand?post=77069"},{"taxonomy":"product_cat","embeddable":true,"href":"https:\/\/factory.sale\/fi\/wp-json\/wp\/v2\/product_cat?post=77069"},{"taxonomy":"product_tag","embeddable":true,"href":"https:\/\/factory.sale\/fi\/wp-json\/wp\/v2\/product_tag?post=77069"}],"curies":[{"name":"wp","href":"https:\/\/api.w.org\/{rel}","templated":true}]}}