{"id":77053,"date":"2024-02-18T21:38:53","date_gmt":"2024-02-18T22:09:18","guid":{"rendered":"https:\/\/factory.sale\/?post_type=product&#038;p=77053"},"modified":"2025-05-02T13:47:47","modified_gmt":"2025-05-02T10:47:47","slug":"caliskan-puulammitteinen-uuni-214-kate","status":"publish","type":"product","link":"https:\/\/factory.sale\/fi\/tuote\/caliskan-puulammitteinen-uuni-214-kate\/","title":{"rendered":"\u00c7al\u0131\u015fkan puul\u00e4mmitteinen uuni 214-kate"},"content":{"rendered":"<p>Korkea energiatehokkuus, alhainen hiukkasp\u00e4\u00e4st\u00f6 ja n\u00e4ytt\u00e4v\u00e4 liekki!<\/p>\n<p>\u00c7al\u0131\u015fkan-uunit edustavat asioita, jotka ovat kodin syd\u00e4n, jonka tunnemme ja muistamme lapsuudesta.<\/p>\n<p>Emalipinnoitettu ainutlaatuinen uuni palotilan vieress\u00e4.<br \/>\nT\u00e4m\u00e4 malli tarjoaa tunnelmaa, l\u00e4mp\u00f6\u00e4 ja my\u00f6s mahdollisuuden valmistaa ruokia. \u00c7ALI\u015eKAN 214-KATE on monitoiminen puul\u00e4mmitteinen uuni. Se on fantastinen mestariteos miss\u00e4 tahansa huoneessa. Se voi l\u00e4mmitt\u00e4\u00e4 suuren huoneesi korkealla energiatehokkuudellaan, mutta samalla voit ihanteellisesti valmistaa ruokiasi sen uunissa hyvin suunnitellulla l\u00e4mp\u00f6polulla. Saat todella kaiken irti jokaisesta puupalasta, jonka siihen laitat. Uunissa on \u00e4lyk\u00e4s ilmanvaihto, joka poistaa ruoan hajut savupiipun kautta uunin sis\u00e4ll\u00e4.<\/p>\n<p>Perinteisest\u00e4 ulkon\u00e4\u00f6st\u00e4\u00e4n ja tunnelmastaan huolimatta, t\u00e4m\u00e4 uuni on yksi markkinoiden ymp\u00e4rist\u00f6yst\u00e4v\u00e4llisimmist\u00e4 vaihtoehdoista.<\/p>\n<p>\u00c7al\u0131\u015fkan-uunien korkealaatuinen valurauta on vahva ja kest\u00e4v\u00e4 materiaali, joka soveltuu erinomaisesti vapaasti seisoviin, erityisesti puul\u00e4mmitteisiin uuneihin. Valuraudan pinnan luonnollinen, el\u00e4v\u00e4 tekstuurin antaa maalaismaisen mutta tyylikk\u00e4\u00e4n ilmeen. Luonnollisen n\u00e4k\u00f6inen kahva harmonisoituu kaikkien mattav\u00e4risten valurautav\u00e4riemme kanssa ja tuo palan luontoa huoneeseesi.<\/p>\n<p>&nbsp;<\/p>\n<p><strong><em>5 vuoden takuu!<\/em><\/strong><\/p>\n<p>&nbsp;<\/p>\n<p>&nbsp;<\/p>\n<p><strong>Tekniset tiedot:<\/strong><\/p>\n<ul>\n<li>Keraaminen kaksisein\u00e4inen l\u00e4mp\u00f6eriste oikealla ja vasemmalla sivulla<\/li>\n<li>Teho: 8,450 kW<\/li>\n<li>Tulenkest\u00e4v\u00e4t shamottitiilet<\/li>\n<li>Kaksoissyklinen uunij\u00e4rjestelm\u00e4<\/li>\n<li>(Laatikon sis\u00e4mitat): syvyys 33 \u00d7 leveys 74 \u00d7 korkeus 18 cm<\/li>\n<li>Mitat: syvyys 52 \u00d7 leveys 89 \u00d7 korkeus 91 cm<\/li>\n<li>L\u00e4mp\u00f6kapasiteetti: 84 m\u00b2<\/li>\n<li>Valurautaiset osat: yl\u00e4levy, kannet, arina<\/li>\n<li>Lasitettu emalipinnoite<\/li>\n<li>Savupiipun halkaisija: 130 mm<\/li>\n<li>L\u00e4mp\u00f6shokkia kest\u00e4v\u00e4 keraaminen lasi<\/li>\n<li>Helppo puhdistaa<\/li>\n<li>Kaksivaiheinen uuni l\u00e4mp\u00f6mittarilla<\/li>\n<li>Paksu metallilevy<\/li>\n<li>Paino: 139 kg<\/li>\n<li>(Halkolaatikon tilavuus): 44 litraa<\/li>\n<li>Polttoaine: puu<\/li>\n<\/ul>\n<p>&nbsp;<\/p>\n<p>&nbsp;<\/p>\n<p><strong>Sertifioitu:<\/strong><\/p>\n<ul>\n<li>Eco Design 2022<\/li>\n<li>BlmSchV 2. taso (Liittovaltion P\u00e4\u00e4st\u00f6nsuojelum\u00e4\u00e4r\u00e4ys) t\u00e4ytetty.<\/li>\n<li>CE<\/li>\n<li>15a B-VG<\/li>\n<li>Certificato Ambientale<\/li>\n<li>DEFRA hyv\u00e4ksytty<\/li>\n<\/ul>\n<p>&nbsp;<\/p>\n<p>&nbsp;<\/p>\n<p><em>Lue ja noudata k\u00e4ytt\u00f6ohjetta.<\/em><br \/>\n<em>K\u00e4yt\u00e4 ainoastaan hyv\u00e4ksytty\u00e4 polttoainetta \u2013 asianmukaisesti kuivattua ja pilkottua polttopuuta!<\/em><\/p>\n<p>&nbsp;<\/p>\n<p><em><a href=\"https:\/\/factory.sale\/wp-content\/uploads\/2024\/02\/214-User-Manual-ENG.pdf\" target=\"_blank\" rel=\"noopener\">K\u00e4ytt\u00f6- ja asennusohje<\/a><\/em><\/p>\n<p>&nbsp;<\/p>\n<p>&nbsp;<\/p>\n<div class=\"video-wrapper \"><iframe loading=\"lazy\" title=\"214-3D Brick gourmet cooker\" width=\"500\" height=\"281\" src=\"https:\/\/www.youtube.com\/embed\/NCRtjpdI0O8?feature=oembed\" frameborder=\"0\" allow=\"accelerometer; autoplay; clipboard-write; encrypted-media; gyroscope; picture-in-picture; web-share\" referrerpolicy=\"strict-origin-when-cross-origin\" allowfullscreen><\/iframe><\/div>\n","protected":false},"excerpt":{"rendered":"<p>214-:n innovatiivinen polttosysteemi takaa eritt\u00e4in puhtaan palamisen. Siin\u00e4 on korkea l\u00e4mp\u00f6tehokkuus puuta poltettaessa ja se tuottaa alhaiset savup\u00e4\u00e4st\u00f6t uusien Euroopan Eco-Design-standardejen mukaisesti. Lis\u00e4ksi se on yksi markkinoiden parhaiten hinnoitelluista uuneista.<\/p>\n<p>&nbsp;<\/p>\n<p>L\u00e4mmitett\u00e4v\u00e4 alue 10 \u2013 75m\u00b2.<\/p>\n<p>ILMAINEN TOIMITUS EU- ALUEELLA!<\/p>\n","protected":false},"featured_media":76893,"comment_status":"open","ping_status":"closed","template":"","meta":{"_acf_changed":false},"factory":[],"free-shipment":[],"product_brand":[],"product_cat":[2787,1329],"product_tag":[],"class_list":{"0":"post-77053","1":"product","2":"type-product","3":"status-publish","4":"has-post-thumbnail","6":"product_cat-caliskan-fi","7":"product_cat-uunit","9":"first","10":"instock","11":"sale","12":"taxable","13":"shipping-taxable","14":"purchasable","15":"product-type-simple"},"acf":[],"_links":{"self":[{"href":"https:\/\/factory.sale\/fi\/wp-json\/wp\/v2\/product\/77053","targetHints":{"allow":["GET"]}}],"collection":[{"href":"https:\/\/factory.sale\/fi\/wp-json\/wp\/v2\/product"}],"about":[{"href":"https:\/\/factory.sale\/fi\/wp-json\/wp\/v2\/types\/product"}],"replies":[{"embeddable":true,"href":"https:\/\/factory.sale\/fi\/wp-json\/wp\/v2\/comments?post=77053"}],"wp:featuredmedia":[{"embeddable":true,"href":"https:\/\/factory.sale\/fi\/wp-json\/wp\/v2\/media\/76893"}],"wp:attachment":[{"href":"https:\/\/factory.sale\/fi\/wp-json\/wp\/v2\/media?parent=77053"}],"wp:term":[{"taxonomy":"factory","embeddable":true,"href":"https:\/\/factory.sale\/fi\/wp-json\/wp\/v2\/factory?post=77053"},{"taxonomy":"free-shipment","embeddable":true,"href":"https:\/\/factory.sale\/fi\/wp-json\/wp\/v2\/free-shipment?post=77053"},{"taxonomy":"product_brand","embeddable":true,"href":"https:\/\/factory.sale\/fi\/wp-json\/wp\/v2\/product_brand?post=77053"},{"taxonomy":"product_cat","embeddable":true,"href":"https:\/\/factory.sale\/fi\/wp-json\/wp\/v2\/product_cat?post=77053"},{"taxonomy":"product_tag","embeddable":true,"href":"https:\/\/factory.sale\/fi\/wp-json\/wp\/v2\/product_tag?post=77053"}],"curies":[{"name":"wp","href":"https:\/\/api.w.org\/{rel}","templated":true}]}}