{"id":75793,"date":"2024-02-13T10:32:50","date_gmt":"2024-02-13T20:29:03","guid":{"rendered":"https:\/\/factory.sale\/?post_type=product&#038;p=75793"},"modified":"2025-10-20T10:43:59","modified_gmt":"2025-10-20T07:43:59","slug":"caliskan-puulammitteinen-uuni-214","status":"publish","type":"product","link":"https:\/\/factory.sale\/fi\/tuote\/caliskan-puulammitteinen-uuni-214\/","title":{"rendered":"\u00c7al\u0131\u015fkan puul\u00e4mmitteinen uuni 214"},"content":{"rendered":"<p><strong>Caliskan 214 \u2013 Vapaasti seisova puul\u00e4mmitteinen liesi uunilla<\/strong><\/p>\n<p>Perinteet, l\u00e4mp\u00f6 ja moderni ekotehokkuus ajattomassa muotoilussa.<\/p>\n<p>Koe perinteisen puulieden vieh\u00e4tys yhdess\u00e4 modernin suorituskyvyn kanssa, jota kotisi ansaitsee. Caliskan 214 tuo tilaan aidon tulen r\u00e4tin\u00e4n ja mahdollisuuden valmistaa herkullisia ruokia integroidussa emalipinnoitetussa uunissa \u2013 k\u00e4tev\u00e4sti sijoitettuna polttokammion viereen.<\/p>\n<p>Kest\u00e4v\u00e4st\u00e4 valuraudasta valmistettu liesi, joka pohjautuu yli 50 vuoden \u00c7al\u0131\u015fkanin k\u00e4sity\u00f6perinteeseen, yhdist\u00e4\u00e4 nostalgisen l\u00e4mm\u00f6n ja nykyaikaisen teknologian. \u00c4lyk\u00e4s ilmanvaihtoj\u00e4rjestelm\u00e4 ohjaa ruoanlaiton h\u00f6yryt suoraan savupiippuun, pit\u00e4en kotisi raikkaana ja viihtyis\u00e4n\u00e4.<\/p>\n<p>\u00c4l\u00e4 anna klassisen ulkon\u00e4\u00f6n h\u00e4m\u00e4t\u00e4 \u2013 Caliskan 214 on sertifioitu tiukkojen Eco Design 2022 -standardien mukaisesti, mik\u00e4 takaa korkean l\u00e4mm\u00f6ntuoton ja poikkeuksellisen puhtaan palamisen. Se on yksi markkinoiden ymp\u00e4rist\u00f6yst\u00e4v\u00e4llisimmist\u00e4 puul\u00e4mmittimist\u00e4, joka tarjoaa alhaiset p\u00e4\u00e4st\u00f6t ja \u00e4lykk\u00e4\u00e4n l\u00e4mm\u00f6njakelun.<\/p>\n<p>Etsitp\u00e4 sitten tunnelmallisia iltoja tulen \u00e4\u00e4rell\u00e4, energians\u00e4\u00e4st\u00f6\u00e4 tai luotettavaa off-grid-ruoanlaittoratkaisua, Caliskan 214 tarjoaa kaiken t\u00e4m\u00e4n \u2013 tyylikk\u00e4\u00e4ss\u00e4 ja kest\u00e4v\u00e4ss\u00e4 kokonaisuudessa.<\/p>\n<p><strong><em>5 vuoden takuu!<\/em><\/strong><\/p>\n<p>&nbsp;<\/p>\n<p><strong><span style=\"text-decoration: underline;\">Kamiina on nyt saatavilla sek\u00e4 vasemman<\/span>&#8211; ett\u00e4 oikeanpuoleisella hormil\u00e4hd\u00f6ll\u00e4, mik\u00e4 tarjoaa maksimaalisen joustavuuden asennukseen.<\/strong><\/p>\n<p><strong>Valitse malli, joka sopii parhaiten tilasi ominaisuuksiin ja savupiipun sijaintiin \u2013 n\u00e4in varmistat, ett\u00e4 kamiina on helppo asentaa ja sulautuu tyylikk\u00e4\u00e4sti kotiisi tai m\u00f6kkiisi.<\/strong><\/p>\n<p>&nbsp;<\/p>\n<p>&nbsp;<\/p>\n<p><strong>Tekniset tiedot:<\/strong><\/p>\n<ul>\n<li>Teho: 6,420 kW<\/li>\n<li>L\u00e4mp\u00f6\u00e4 kest\u00e4v\u00e4t tulenkest\u00e4v\u00e4t tiilet<\/li>\n<li>Kaksoiskiertoinen uunij\u00e4rjestelm\u00e4<\/li>\n<li>L\u00e4mp\u00f6kapasiteetti: 64 m\u00b2<\/li>\n<li>Valurautaa (yl\u00e4levy, runko ja kannet, jalat, arina)<\/li>\n<li>Emalipinnoitettu runko<\/li>\n<li>Savupiipun halkaisija: 130 mm<\/li>\n<li>L\u00e4mp\u00f6shokkia kest\u00e4v\u00e4 keraamilasi<\/li>\n<li>Helppo puhdistaa<\/li>\n<li>Yhden vaiheen l\u00e4mp\u00f6mittarilla varustettu uuni<\/li>\n<li>Paksu metallilevy<\/li>\n<li>Paino: 100 kg<\/li>\n<li>Polttaa puuta<\/li>\n<li>Mitat: syvyys 52 \u00d7 leveys 84 \u00d7 korkeus 79,5 cm<\/li>\n<\/ul>\n<p>&nbsp;<\/p>\n<p>&nbsp;<\/p>\n<p><strong>Sertifioitu:<\/strong><\/p>\n<ul>\n<li>Eco Design 2022<\/li>\n<li>BlmSchV:n (liittovaltion p\u00e4\u00e4st\u00f6nsuojeluasetus) 2. taso t\u00e4ytetty.<\/li>\n<li>CE<\/li>\n<li>15a B-VG<\/li>\n<li>Certificato Ambientale<\/li>\n<li>DEFRA:n hyv\u00e4ksym\u00e4<\/li>\n<\/ul>\n<p>&nbsp;<\/p>\n<p>&nbsp;<\/p>\n<p><em>Lue ja noudata k\u00e4ytt\u00f6ohjetta.<\/em><br \/>\n<em>K\u00e4yt\u00e4 vain hyv\u00e4ksytty\u00e4 polttoainetta \u2013 asianmukaisesti kuivattua ja halkaistua polttopuuta!<\/em><\/p>\n<p>&nbsp;<\/p>\n<p><a href=\"https:\/\/factory.sale\/wp-content\/uploads\/2024\/02\/214-User-Manual-ENG.pdf\" target=\"_blank\" rel=\"noopener\">K\u00e4ytt\u00f6ohje<\/a><\/p>\n<p>&nbsp;<\/p>\n<div class=\"video-wrapper \"><iframe loading=\"lazy\" title=\"214-Brick gourmet cooker\" width=\"500\" height=\"281\" src=\"https:\/\/www.youtube.com\/embed\/gjWr-AisFw8?feature=oembed\" frameborder=\"0\" allow=\"accelerometer; autoplay; clipboard-write; encrypted-media; gyroscope; picture-in-picture; web-share\" referrerpolicy=\"strict-origin-when-cross-origin\" allowfullscreen><\/iframe><\/div>\n","protected":false},"excerpt":{"rendered":"<p>\u00c7ALI\u015eKAN 214 on monitoiminen puul\u00e4mmitteinen liesi, joka on upea mestariteos miss\u00e4 tahansa huoneessa. Se voi l\u00e4mmitt\u00e4\u00e4 suuren huoneesi korkean energiatehokkuutensa ansiosta, mutta samalla voit ihanteellisesti valmistaa ruokiasi sen uunissa, jossa on hyvin suunniteltu l\u00e4mm\u00f6nkulku. Saat todella kaiken irti jokaisesta puupalasta, jonka siihen laitat.<\/p>\n<p>&nbsp;<\/p>\n<p>L\u00e4mmitett\u00e4v\u00e4 alue 10 &#8211; 75m\u00b2<\/p>\n<p>ILMAINEN TOIMITUS EU- ALUEELLA!<\/p>\n","protected":false},"featured_media":103850,"comment_status":"open","ping_status":"closed","template":"","meta":{"_acf_changed":false},"factory":[],"free-shipment":[],"product_brand":[],"product_cat":[2787,1329],"product_tag":[],"class_list":{"0":"post-75793","1":"product","2":"type-product","3":"status-publish","4":"has-post-thumbnail","6":"product_cat-caliskan-fi","7":"product_cat-uunit","9":"first","10":"instock","11":"sale","12":"taxable","13":"shipping-taxable","14":"purchasable","15":"product-type-simple"},"acf":[],"_links":{"self":[{"href":"https:\/\/factory.sale\/fi\/wp-json\/wp\/v2\/product\/75793","targetHints":{"allow":["GET"]}}],"collection":[{"href":"https:\/\/factory.sale\/fi\/wp-json\/wp\/v2\/product"}],"about":[{"href":"https:\/\/factory.sale\/fi\/wp-json\/wp\/v2\/types\/product"}],"replies":[{"embeddable":true,"href":"https:\/\/factory.sale\/fi\/wp-json\/wp\/v2\/comments?post=75793"}],"wp:featuredmedia":[{"embeddable":true,"href":"https:\/\/factory.sale\/fi\/wp-json\/wp\/v2\/media\/103850"}],"wp:attachment":[{"href":"https:\/\/factory.sale\/fi\/wp-json\/wp\/v2\/media?parent=75793"}],"wp:term":[{"taxonomy":"factory","embeddable":true,"href":"https:\/\/factory.sale\/fi\/wp-json\/wp\/v2\/factory?post=75793"},{"taxonomy":"free-shipment","embeddable":true,"href":"https:\/\/factory.sale\/fi\/wp-json\/wp\/v2\/free-shipment?post=75793"},{"taxonomy":"product_brand","embeddable":true,"href":"https:\/\/factory.sale\/fi\/wp-json\/wp\/v2\/product_brand?post=75793"},{"taxonomy":"product_cat","embeddable":true,"href":"https:\/\/factory.sale\/fi\/wp-json\/wp\/v2\/product_cat?post=75793"},{"taxonomy":"product_tag","embeddable":true,"href":"https:\/\/factory.sale\/fi\/wp-json\/wp\/v2\/product_tag?post=75793"}],"curies":[{"name":"wp","href":"https:\/\/api.w.org\/{rel}","templated":true}]}}