{"id":74738,"date":"2024-02-08T22:23:15","date_gmt":"2024-02-08T22:53:19","guid":{"rendered":"https:\/\/factory.sale\/?post_type=product&#038;p=74738"},"modified":"2024-06-25T19:56:17","modified_gmt":"2024-06-25T19:56:17","slug":"narvi-puukiuas-nc20-vso","status":"publish","type":"product","link":"https:\/\/factory.sale\/fi\/tuote\/narvi-puukiuas-nc20-vso\/","title":{"rendered":"Narvi puukiuas NC20 VSO"},"content":{"rendered":"<p>Uuden tulipes\u00e4n suunnittelun l\u00e4ht\u00f6kohtana on ollut ymp\u00e4rist\u00f6yst\u00e4v\u00e4llisyys ja se, ett\u00e4 kiuas t\u00e4ytt\u00e4\u00e4 my\u00f6s tulevat, pakolliset CE vaatimukset. Kiukaan suuri kivim\u00e4\u00e4r\u00e4 ja tukeva rakenne takaavat tasaisen pehme\u00e4t l\u00f6ylyt. Jykevyydest\u00e4 huolimatta kiuas l\u00e4mpenee pienell\u00e4 puum\u00e4\u00e4r\u00e4ll\u00e4.<\/p>\n<p>Lasiluukun avulla on helppo pit\u00e4\u00e4 yll\u00e4 tasaista tulta ja samalla saadaan l\u00f6ylytilaan kodikas tunnelma. Luukun ja tuhkalaatikon tukevia puisia kahvoja on miellytt\u00e4v\u00e4 k\u00e4ytt\u00e4\u00e4, koska kahvat eiv\u00e4t kuumene liikaa. Kiukaassa on s\u00e4\u00e4dett\u00e4v\u00e4t jalat, joiden ansiosta kiuas on helppo asentaa paikalleen.<\/p>\n<p>Kiukaan mukana toimitetaan liitosputki, jonka avulla kiuas liitet\u00e4\u00e4n takaa hormiin. Kiuas voidaan liitt\u00e4\u00e4 hormiin my\u00f6s p\u00e4\u00e4lt\u00e4, t\u00e4ll\u00f6in tarvitaan erillinen liitosputki.<\/p>\n<p>&nbsp;<\/p>\n<p>&nbsp;<\/p>\n<p><strong>Tuotetiedot:<\/strong><\/p>\n<ul>\n<li>Tuotemerkki: Narvi<\/li>\n<li>Kiuasmalli: NC 20<\/li>\n<li>GTIN-koodi: 6418530123252<\/li>\n<li>Korkeus (mm): 740<\/li>\n<li>Leveys (mm): 590<\/li>\n<li>Syvyys (mm): 570<\/li>\n<li>Hormiliit\u00e4nn\u00e4n halkaisija (mm): 119<\/li>\n<li>Tuotteen paino (kg): 124<\/li>\n<li>Vesis\u00e4ili\u00f6n tilavuus (l): 23<\/li>\n<li>V\u00e4ri: Musta<\/li>\n<li>Materiaali: Ter\u00e4s<\/li>\n<li>Vesis\u00e4ili\u00f6llinen: Kyll\u00e4<\/li>\n<li>Vesis\u00e4ili\u00f6n sijainti: Oikealla<\/li>\n<li>Lasiluukku<\/li>\n<li>Vesis\u00e4ili\u00f6 kiukaan oikealla puolella, hana oikealla edess\u00e4<\/li>\n<li>Liitinhormin alareuna takana lattiasta: 54 cm<\/li>\n<li>Tulipes\u00e4n katon vahvuus: 10 mm<\/li>\n<li>Kivim\u00e4\u00e4r\u00e4, max. (kg): 50<\/li>\n<li>Saunan tilavuus, min. (m\u00b3): 8<\/li>\n<li>Saunan tilavuus, max. (m\u00b3): 20<\/li>\n<li>Suojaet\u00e4isyys kattoon (mm): 1 250<\/li>\n<li>Suojaet\u00e4isyys sivulle (mm): 150<\/li>\n<li>Suojaet\u00e4isyys eteen (mm): 1 000<\/li>\n<li>Suojaet\u00e4isyys taakse (mm): 150<\/li>\n<li>Hormiliit\u00e4nn\u00e4n sijainti: P\u00e4\u00e4ll\u00e4, Takana<\/li>\n<\/ul>\n<p>&nbsp;<\/p>\n<p><strong>Pakkauksen tiedot:<\/strong><\/p>\n<ul>\n<li>Paino (kg): 80,00<\/li>\n<\/ul>\n<p>&nbsp;<\/p>\n<p>&nbsp;<\/p>\n<p>&nbsp;<\/p>\n<p><a href=\"https:\/\/factory.sale\/wp-content\/uploads\/2024\/02\/Narvi_NC16_20_20VS_24_070322.pdf\" target=\"_blank\" rel=\"noopener\">Narvi NC ohjeet<\/a><\/p>\n<p>&nbsp;<\/p>\n<p>&nbsp;<\/p>\n<div class=\"video-wrapper \"><iframe loading=\"lazy\" title=\"Narvi - Kiuaskivien ladontaohje (puul\u00e4mmitteiset kiukaat)\" width=\"500\" height=\"281\" src=\"https:\/\/www.youtube.com\/embed\/jJqDgtGvZC8?feature=oembed\" frameborder=\"0\" allow=\"accelerometer; autoplay; clipboard-write; encrypted-media; gyroscope; picture-in-picture; web-share\" referrerpolicy=\"strict-origin-when-cross-origin\" allowfullscreen><\/iframe><\/div>\n","protected":false},"excerpt":{"rendered":"<p>Narvi NC kiukaassa korostuu pelkistetty ja ajaton muotoilu. Kiuas on helppo sijoittaa niin perinteiseen kuin moderniin saunaan. Kiukaan vaippa on musta, jota korostaa musta valurautainen lasiluukku sek\u00e4 musta tuhkalaatikon etulevy ja kivitilaa kiert\u00e4v\u00e4 ter\u00e4skehys. Kiukaan tulipes\u00e4n rakenne edustaa uutta muotoilua, jonka ansiosta palaminen on entist\u00e4 tehokkaampaa ja puhtaampaa<\/p>\n<p>.<img loading=\"lazy\" decoding=\"async\" class=\"alignnone size-medium wp-image-74008\" src=\"https:\/\/factory.sale\/wp-content\/uploads\/2024\/02\/fin-CE-300x172.png\" alt=\"\" width=\"300\" height=\"172\" srcset=\"https:\/\/factory.sale\/wp-content\/uploads\/2024\/02\/fin-CE-300x172.png 300w, https:\/\/factory.sale\/wp-content\/uploads\/2024\/02\/fin-CE-150x86.png 150w, https:\/\/factory.sale\/wp-content\/uploads\/2024\/02\/fin-CE-600x345.png 600w, https:\/\/factory.sale\/wp-content\/uploads\/2024\/02\/fin-CE.png 616w\" sizes=\"auto, (max-width: 300px) 100vw, 300px\" \/><\/p>\n","protected":false},"featured_media":74724,"comment_status":"open","ping_status":"closed","template":"","meta":{"_acf_changed":false},"factory":[],"free-shipment":[],"product_brand":[],"product_cat":[2783,484],"product_tag":[2106],"class_list":{"0":"post-74738","1":"product","2":"type-product","3":"status-publish","4":"has-post-thumbnail","6":"product_cat-narvi-fi","7":"product_cat-saunan-kiukaat","8":"product_tag-sauna-fi","10":"first","11":"instock","12":"sale","13":"taxable","14":"shipping-taxable","15":"purchasable","16":"product-type-simple"},"acf":[],"_links":{"self":[{"href":"https:\/\/factory.sale\/fi\/wp-json\/wp\/v2\/product\/74738","targetHints":{"allow":["GET"]}}],"collection":[{"href":"https:\/\/factory.sale\/fi\/wp-json\/wp\/v2\/product"}],"about":[{"href":"https:\/\/factory.sale\/fi\/wp-json\/wp\/v2\/types\/product"}],"replies":[{"embeddable":true,"href":"https:\/\/factory.sale\/fi\/wp-json\/wp\/v2\/comments?post=74738"}],"wp:featuredmedia":[{"embeddable":true,"href":"https:\/\/factory.sale\/fi\/wp-json\/wp\/v2\/media\/74724"}],"wp:attachment":[{"href":"https:\/\/factory.sale\/fi\/wp-json\/wp\/v2\/media?parent=74738"}],"wp:term":[{"taxonomy":"factory","embeddable":true,"href":"https:\/\/factory.sale\/fi\/wp-json\/wp\/v2\/factory?post=74738"},{"taxonomy":"free-shipment","embeddable":true,"href":"https:\/\/factory.sale\/fi\/wp-json\/wp\/v2\/free-shipment?post=74738"},{"taxonomy":"product_brand","embeddable":true,"href":"https:\/\/factory.sale\/fi\/wp-json\/wp\/v2\/product_brand?post=74738"},{"taxonomy":"product_cat","embeddable":true,"href":"https:\/\/factory.sale\/fi\/wp-json\/wp\/v2\/product_cat?post=74738"},{"taxonomy":"product_tag","embeddable":true,"href":"https:\/\/factory.sale\/fi\/wp-json\/wp\/v2\/product_tag?post=74738"}],"curies":[{"name":"wp","href":"https:\/\/api.w.org\/{rel}","templated":true}]}}