{"id":74470,"date":"2024-02-07T14:48:15","date_gmt":"2024-02-07T15:03:41","guid":{"rendered":"https:\/\/factory.sale\/?post_type=product&#038;p=74470"},"modified":"2024-07-01T15:17:30","modified_gmt":"2024-07-01T15:17:30","slug":"narvi-puukiuas-nc20","status":"publish","type":"product","link":"https:\/\/factory.sale\/fi\/tuote\/narvi-puukiuas-nc20\/","title":{"rendered":"Narvi puukiuas NC20"},"content":{"rendered":"<p>Narvi NC 20 on Suomessa valmistettu Avainlipputuote. Kiukaan kuoren v\u00e4ri on ter\u00e4s. Kiukaan minimalistinen ja ajaton muotoilu korostuu entisest\u00e4\u00e4n uudessa kuoressa. Kiukaan suuri kivim\u00e4\u00e4r\u00e4 tarjoaa saunojille ihanan pehmeit\u00e4 l\u00f6ylyj\u00e4.<\/p>\n<p>&nbsp;<\/p>\n<p>&nbsp;<\/p>\n<p><strong>Tuotetiedot:<\/strong><\/p>\n<ul>\n<li>Merkki: Narvi<\/li>\n<li>Kiukaan malli: NC 20<\/li>\n<li>GTIN-koodi: 6418530123146<\/li>\n<li>Korkeus (mm): 800<\/li>\n<li>Leveys (mm): 540<\/li>\n<li>Syvyys (mm): 580<\/li>\n<li>Tuotteen paino (kg): 136<\/li>\n<li>V\u00e4ri: Ter\u00e4s<\/li>\n<li>Vesipadalla: Ei<\/li>\n<li>Maksimikivim\u00e4\u00e4r\u00e4 (kg): 60<\/li>\n<li>Minimisaunan tilavuus (m\u00b3): 8<\/li>\n<li>Maksimisaunan tilavuus (m\u00b3): 20<\/li>\n<li>Suojav\u00e4li kattoon (mm): 1200<\/li>\n<li>Suojav\u00e4li sivulle (mm): 150<\/li>\n<li>Suojav\u00e4li eteen (mm): 1000<\/li>\n<li>Suojav\u00e4li taakse (mm): 500<\/li>\n<\/ul>\n<p>&nbsp;<\/p>\n<p>&nbsp;<\/p>\n<p><strong>Pakkauksen paino:<\/strong><\/p>\n<ul>\n<li>Rahtipaino (kg): 76,00<\/li>\n<\/ul>\n<p>&nbsp;<\/p>\n<p><a href=\"https:\/\/factory.sale\/wp-content\/uploads\/2024\/02\/Narvi_NC16_20_20VS_24_070322.pdf\" target=\"_blank\" rel=\"noopener\">Narvi NC ohjeet<\/a><\/p>\n<p>&nbsp;<\/p>\n<p>&nbsp;<\/p>\n<div class=\"video-wrapper \"><iframe loading=\"lazy\" title=\"Narvi - Kiuaskivien ladontaohje (puul\u00e4mmitteiset kiukaat)\" width=\"500\" height=\"281\" src=\"https:\/\/www.youtube.com\/embed\/jJqDgtGvZC8?feature=oembed\" frameborder=\"0\" allow=\"accelerometer; autoplay; clipboard-write; encrypted-media; gyroscope; picture-in-picture; web-share\" referrerpolicy=\"strict-origin-when-cross-origin\" allowfullscreen><\/iframe><\/div>\n","protected":false},"excerpt":{"rendered":"<p>Narvi NC 20 on Suomessa valmistettu Avainlipputuote. Kiukaan kuoren v\u00e4ri on ter\u00e4s. Kiukaan minimalistinen ja ajaton muotoilu korostuu entisest\u00e4\u00e4n uudessa kuoressa. Kiukaan suuri kivim\u00e4\u00e4r\u00e4 tarjoaa saunojille ihanan pehmeit\u00e4 l\u00f6ylyj\u00e4.<\/p>\n<p><img loading=\"lazy\" decoding=\"async\" class=\"alignnone size-medium wp-image-74008\" src=\"https:\/\/factory.sale\/wp-content\/uploads\/2024\/02\/fin-CE-300x172.png\" alt=\"\" width=\"300\" height=\"172\" srcset=\"https:\/\/factory.sale\/wp-content\/uploads\/2024\/02\/fin-CE-300x172.png 300w, https:\/\/factory.sale\/wp-content\/uploads\/2024\/02\/fin-CE-150x86.png 150w, https:\/\/factory.sale\/wp-content\/uploads\/2024\/02\/fin-CE-600x345.png 600w, https:\/\/factory.sale\/wp-content\/uploads\/2024\/02\/fin-CE.png 616w\" sizes=\"auto, (max-width: 300px) 100vw, 300px\" \/><\/p>\n","protected":false},"featured_media":74397,"comment_status":"open","ping_status":"closed","template":"","meta":{"_acf_changed":false},"factory":[],"free-shipment":[],"product_brand":[],"product_cat":[2783,484],"product_tag":[2106],"class_list":{"0":"post-74470","1":"product","2":"type-product","3":"status-publish","4":"has-post-thumbnail","6":"product_cat-narvi-fi","7":"product_cat-saunan-kiukaat","8":"product_tag-sauna-fi","10":"first","11":"instock","12":"sale","13":"taxable","14":"shipping-taxable","15":"purchasable","16":"product-type-simple"},"acf":[],"_links":{"self":[{"href":"https:\/\/factory.sale\/fi\/wp-json\/wp\/v2\/product\/74470","targetHints":{"allow":["GET"]}}],"collection":[{"href":"https:\/\/factory.sale\/fi\/wp-json\/wp\/v2\/product"}],"about":[{"href":"https:\/\/factory.sale\/fi\/wp-json\/wp\/v2\/types\/product"}],"replies":[{"embeddable":true,"href":"https:\/\/factory.sale\/fi\/wp-json\/wp\/v2\/comments?post=74470"}],"wp:featuredmedia":[{"embeddable":true,"href":"https:\/\/factory.sale\/fi\/wp-json\/wp\/v2\/media\/74397"}],"wp:attachment":[{"href":"https:\/\/factory.sale\/fi\/wp-json\/wp\/v2\/media?parent=74470"}],"wp:term":[{"taxonomy":"factory","embeddable":true,"href":"https:\/\/factory.sale\/fi\/wp-json\/wp\/v2\/factory?post=74470"},{"taxonomy":"free-shipment","embeddable":true,"href":"https:\/\/factory.sale\/fi\/wp-json\/wp\/v2\/free-shipment?post=74470"},{"taxonomy":"product_brand","embeddable":true,"href":"https:\/\/factory.sale\/fi\/wp-json\/wp\/v2\/product_brand?post=74470"},{"taxonomy":"product_cat","embeddable":true,"href":"https:\/\/factory.sale\/fi\/wp-json\/wp\/v2\/product_cat?post=74470"},{"taxonomy":"product_tag","embeddable":true,"href":"https:\/\/factory.sale\/fi\/wp-json\/wp\/v2\/product_tag?post=74470"}],"curies":[{"name":"wp","href":"https:\/\/api.w.org\/{rel}","templated":true}]}}