{"id":74402,"date":"2024-02-07T10:52:08","date_gmt":"2024-02-07T11:06:10","guid":{"rendered":"https:\/\/factory.sale\/?post_type=product&#038;p=74402"},"modified":"2024-06-25T17:23:45","modified_gmt":"2024-06-25T17:23:45","slug":"narvi-puukiuas-nc16","status":"publish","type":"product","link":"https:\/\/factory.sale\/fi\/tuote\/narvi-puukiuas-nc16\/","title":{"rendered":"Narvi puukiuas NC16"},"content":{"rendered":"<p>Lasiluukku mahdollistaa tasaisen tulen yll\u00e4pidon helposti, lis\u00e4ten samalla l\u00f6ylyhuoneeseen kodikasta tunnelmaa. Oven ja tuhkalaatikon tukevat puiset kahvat ovat miellytt\u00e4v\u00e4t k\u00e4ytt\u00e4\u00e4, koska ne eiv\u00e4t kuumene liikaa. Kiukaassa on s\u00e4\u00e4dett\u00e4v\u00e4t jalat, jotka tekev\u00e4t asennuksesta helppoa.<\/p>\n<p>Kiukaan mukana toimitetaan liitosputki, jolla kiuas voidaan yhdist\u00e4\u00e4 takaa savupiippuun. Kiuas voidaan my\u00f6s yhdist\u00e4\u00e4 savupiippuun yl\u00e4puolelta, t\u00e4ll\u00f6in tarvitaan erikseen myyt\u00e4v\u00e4 liitosputki.<\/p>\n<p>&nbsp;<\/p>\n<p>&nbsp;<\/p>\n<p><strong>Tuotetiedot:<\/strong><\/p>\n<ul>\n<li>Merkki: Narvi<\/li>\n<li>Kiukaan malli: NC 16<\/li>\n<li>GTIN-koodi: 6418530123115<\/li>\n<li>Korkeus (mm): 780<\/li>\n<li>Leveys (mm): 500<\/li>\n<li>Syvyys (mm): 580<\/li>\n<li>Savupiipun liit\u00e4nt\u00e4halkaisija (mm): 119<\/li>\n<li>Tuotteen paino (kg): 122<\/li>\n<li>V\u00e4ri: Ter\u00e4s<\/li>\n<li>Materiaali: Ter\u00e4s<\/li>\n<li>Vesipadalla: Ei<\/li>\n<li>Lasiovella<\/li>\n<li>Savupiipun liitoskohdan alareunan korkeus lattiasta takana: 58 cm<\/li>\n<li>Tulipes\u00e4n katon paksuus: 10 mm<\/li>\n<li>Maksimikivim\u00e4\u00e4r\u00e4 (kg): 50<\/li>\n<li>Minimisaunan tilavuus (m\u00b3): 6<\/li>\n<li>Maksimisaunan tilavuus (m\u00b3): 16<\/li>\n<li>Suojav\u00e4li kattoon (mm): 1250<\/li>\n<li>Suojav\u00e4li sivulle (mm): 150<\/li>\n<li>Suojav\u00e4li eteen (mm): 500<\/li>\n<li>Suojav\u00e4li taakse (mm): 150<\/li>\n<li>Savupiipun liit\u00e4nt\u00e4: Takana<\/li>\n<\/ul>\n<p>&nbsp;<\/p>\n<p><strong>Pakkauksen paino:<\/strong><\/p>\n<ul>\n<li>Rahtipaino (kg): 72,00<\/li>\n<\/ul>\n<p>&nbsp;<\/p>\n<p>&nbsp;<\/p>\n<p><a href=\"https:\/\/factory.sale\/wp-content\/uploads\/2024\/02\/Narvi_NC16_20_20VS_24_070322.pdf\" target=\"_blank\" rel=\"noopener\">Narvi NC ohjeet<\/a><\/p>\n<p>&nbsp;<\/p>\n<p>&nbsp;<\/p>\n<div class=\"video-wrapper \"><iframe loading=\"lazy\" title=\"Narvi - Kiuaskivien ladontaohje (puul\u00e4mmitteiset kiukaat)\" width=\"500\" height=\"281\" src=\"https:\/\/www.youtube.com\/embed\/jJqDgtGvZC8?feature=oembed\" frameborder=\"0\" allow=\"accelerometer; autoplay; clipboard-write; encrypted-media; gyroscope; picture-in-picture; web-share\" referrerpolicy=\"strict-origin-when-cross-origin\" allowfullscreen><\/iframe><\/div>\n","protected":false},"excerpt":{"rendered":"<p>Uusi tulipes\u00e4n suunnittelu perustuu ymp\u00e4rist\u00f6yst\u00e4v\u00e4llisyyteen ja tulevien pakollisten CE-vaatimusten t\u00e4ytt\u00e4miseen. Kiukaan suuri kivim\u00e4\u00e4r\u00e4 ja tukeva rakenne takaavat tasaiset ja pehme\u00e4t l\u00f6ylyt. Huolimatta sen vankasta rakenteesta, kiuas l\u00e4mpenee vain pienell\u00e4 m\u00e4\u00e4r\u00e4ll\u00e4 puita.<\/p>\n<p><img loading=\"lazy\" decoding=\"async\" class=\"alignnone size-medium wp-image-74008\" src=\"https:\/\/factory.sale\/wp-content\/uploads\/2024\/02\/fin-CE-300x172.png\" alt=\"\" width=\"300\" height=\"172\" srcset=\"https:\/\/factory.sale\/wp-content\/uploads\/2024\/02\/fin-CE-300x172.png 300w, https:\/\/factory.sale\/wp-content\/uploads\/2024\/02\/fin-CE-150x86.png 150w, https:\/\/factory.sale\/wp-content\/uploads\/2024\/02\/fin-CE-600x345.png 600w, https:\/\/factory.sale\/wp-content\/uploads\/2024\/02\/fin-CE.png 616w\" sizes=\"auto, (max-width: 300px) 100vw, 300px\" \/><\/p>\n","protected":false},"featured_media":74397,"comment_status":"open","ping_status":"closed","template":"","meta":{"_acf_changed":false},"factory":[],"free-shipment":[],"product_brand":[],"product_cat":[2783,484],"product_tag":[2106],"class_list":{"0":"post-74402","1":"product","2":"type-product","3":"status-publish","4":"has-post-thumbnail","6":"product_cat-narvi-fi","7":"product_cat-saunan-kiukaat","8":"product_tag-sauna-fi","10":"first","11":"instock","12":"sale","13":"taxable","14":"shipping-taxable","15":"purchasable","16":"product-type-simple"},"acf":[],"_links":{"self":[{"href":"https:\/\/factory.sale\/fi\/wp-json\/wp\/v2\/product\/74402","targetHints":{"allow":["GET"]}}],"collection":[{"href":"https:\/\/factory.sale\/fi\/wp-json\/wp\/v2\/product"}],"about":[{"href":"https:\/\/factory.sale\/fi\/wp-json\/wp\/v2\/types\/product"}],"replies":[{"embeddable":true,"href":"https:\/\/factory.sale\/fi\/wp-json\/wp\/v2\/comments?post=74402"}],"wp:featuredmedia":[{"embeddable":true,"href":"https:\/\/factory.sale\/fi\/wp-json\/wp\/v2\/media\/74397"}],"wp:attachment":[{"href":"https:\/\/factory.sale\/fi\/wp-json\/wp\/v2\/media?parent=74402"}],"wp:term":[{"taxonomy":"factory","embeddable":true,"href":"https:\/\/factory.sale\/fi\/wp-json\/wp\/v2\/factory?post=74402"},{"taxonomy":"free-shipment","embeddable":true,"href":"https:\/\/factory.sale\/fi\/wp-json\/wp\/v2\/free-shipment?post=74402"},{"taxonomy":"product_brand","embeddable":true,"href":"https:\/\/factory.sale\/fi\/wp-json\/wp\/v2\/product_brand?post=74402"},{"taxonomy":"product_cat","embeddable":true,"href":"https:\/\/factory.sale\/fi\/wp-json\/wp\/v2\/product_cat?post=74402"},{"taxonomy":"product_tag","embeddable":true,"href":"https:\/\/factory.sale\/fi\/wp-json\/wp\/v2\/product_tag?post=74402"}],"curies":[{"name":"wp","href":"https:\/\/api.w.org\/{rel}","templated":true}]}}