{"id":74169,"date":"2024-02-06T10:32:55","date_gmt":"2024-02-06T10:48:41","guid":{"rendered":"https:\/\/factory.sale\/?post_type=product&#038;p=74169"},"modified":"2024-06-26T00:07:10","modified_gmt":"2024-06-26T00:07:10","slug":"narvi-puukiuas-nc-24","status":"publish","type":"product","link":"https:\/\/factory.sale\/fi\/tuote\/narvi-puukiuas-nc-24\/","title":{"rendered":"Narvi puukiuas NC 24"},"content":{"rendered":"<p>Suomessa valmistettu Narvi NC 24 -puul\u00e4mmitteinen kiuas s\u00e4\u00e4dett\u00e4vill\u00e4 jaloilla ja valurautaisella lasiluukulla l\u00e4mpenee vain pienell\u00e4 m\u00e4\u00e4r\u00e4ll\u00e4 puita. Sen yksinkertainen, ajaton muotoilu sopii sek\u00e4 perinteisiin ett\u00e4 moderneihin saunoihin. Saunan koko 10\u201324 m\u00b3 ja kivim\u00e4\u00e4r\u00e4 80 kg. Grafiitinharmaa Narvi NC 24 on tukeva ja ensiluokkaisia l\u00f6ylyj\u00e4 tuottava puul\u00e4mmitteinen kiuas 10\u201324 m\u00b3 kokoiselle saunalle. Suomessa valmistettu Narvi-puul\u00e4mmitteinen kiuas l\u00e4mpenee nopeasti pienell\u00e4 m\u00e4\u00e4r\u00e4ll\u00e4 puita. Sen ajaton ja minimalistinen muotoilu tekee kiukaasta sopivan sek\u00e4 moderneihin ett\u00e4 perinteisempiin saunoihin. Suuren, 80 kg kivim\u00e4\u00e4r\u00e4n ja tukevan rakenteen ansiosta Narvi-puul\u00e4mmitteinen kiuas on suunniteltu ahkeralle saunojalle, takaamaan tasaiset ja pehme\u00e4t l\u00f6ylyt vuodesta toiseen. Ymp\u00e4rist\u00f6yst\u00e4v\u00e4llisyytt\u00e4 ajatellen suunnitellun tulipes\u00e4n rakenne edustaa uutta muotoilua, joka tekee palamisesta tehokkaampaa ja puhtaampaa. Pitk\u00e4ik\u00e4isen tulipes\u00e4n katon paksuus on 10 mm. Lasiluukun ansiosta voi ihailla tulta ja helpottaa tasaisen tulen yll\u00e4pit\u00e4mist\u00e4. Puukahvat pysyv\u00e4t viilein\u00e4 ja ovat miellytt\u00e4vi\u00e4 k\u00e4ytt\u00e4\u00e4.<\/p>\n<p>Kiukaassa on 15 mm s\u00e4\u00e4t\u00f6varalla varustetut jalat, mik\u00e4 tekee kiukaan asentamisesta helppoa. Kiukaan mukana toimitetaan liitosputki, jolla kiuas liitet\u00e4\u00e4n takaa hormiin. Kiuas voidaan liitt\u00e4\u00e4 hormiin my\u00f6s yl\u00e4puolelta, mik\u00e4 vaatii erikseen myyt\u00e4v\u00e4n liitosputken. Kiuas on saatavilla my\u00f6s NC16- ja NC20-malleina, joiden 50 ja 60 kg kivim\u00e4\u00e4r\u00e4t sopivat hieman pienempiin saunatiloihin.<\/p>\n<p><em>Huomaa, ett\u00e4 kiuaskivet myyd\u00e4\u00e4n erikseen. Ennen kiukaan asentamista ja k\u00e4ytt\u00f6\u00f6nottoa on tutustuttava huolellisesti k\u00e4ytt\u00f6- ja asennusohjeisiin sek\u00e4 kiukaan saunatilalle asettamiin vaatimuksiin.<\/em><\/p>\n<p>&nbsp;<\/p>\n<p>&nbsp;<\/p>\n<p><strong>Tuotetiedot:<\/strong><\/p>\n<ul>\n<li>EAN-koodi: 6418530123153<\/li>\n<li>Paino: 81 kg<\/li>\n<li>Suojav\u00e4li taakse (mm): 150<\/li>\n<li>Minimisaunan koko (m\u00b3): 10<\/li>\n<li>V\u00e4ri: Musta<\/li>\n<li>Maksimikivim\u00e4\u00e4r\u00e4 (kg): 80<\/li>\n<li>Leveys (cm): 58<\/li>\n<li>Maksimisaunan koko (m\u00b3): 24<\/li>\n<li>Upotettava lauteisiin: Ei<\/li>\n<li>Tyyppi: Puul\u00e4mmitteinen kiuas<\/li>\n<li>Suojav\u00e4li eteen (mm): 500<\/li>\n<li>Suojav\u00e4li kattoon (mm): 1200<\/li>\n<li>Kiuas vesis\u00e4ili\u00f6ll\u00e4: Ei<\/li>\n<li>Syvyys (cm): 58<\/li>\n<li>Suojav\u00e4li sivulle (mm): 150<\/li>\n<li>Korkeus (cm): 82<\/li>\n<\/ul>\n<p>&nbsp;<\/p>\n<p>&nbsp;<\/p>\n<p><strong>Pakkaus:<\/strong><\/p>\n<ul>\n<li>Paino: 82 kg<\/li>\n<li>Korkeus: 88,5 cm<\/li>\n<li>Pituus: 59,5 cm<\/li>\n<li>Leveys: 62,5 cm<\/li>\n<\/ul>\n<p>&nbsp;<\/p>\n<p>&nbsp;<\/p>\n<p>&nbsp;<\/p>\n<p><a href=\"https:\/\/factory.sale\/wp-content\/uploads\/2024\/02\/Narvi_NC16_20_20VS_24_070322.pdf\" target=\"_blank\" rel=\"noopener\">Narvi NC ohjeet<\/a><\/p>\n<p>&nbsp;<\/p>\n<p>&nbsp;<\/p>\n<div class=\"video-wrapper \"><iframe loading=\"lazy\" title=\"Narvi - Kiuaskivien ladontaohje (puul\u00e4mmitteiset kiukaat)\" width=\"500\" height=\"281\" src=\"https:\/\/www.youtube.com\/embed\/jJqDgtGvZC8?feature=oembed\" frameborder=\"0\" allow=\"accelerometer; autoplay; clipboard-write; encrypted-media; gyroscope; picture-in-picture; web-share\" referrerpolicy=\"strict-origin-when-cross-origin\" allowfullscreen><\/iframe><\/div>\n","protected":false},"excerpt":{"rendered":"<p>Narvi NC 24 -kiukaan kuori on maalattu grafiitinharmaaksi. Kiukaassa on s\u00e4\u00e4dett\u00e4v\u00e4t jalat ja valurautainen lasiluukku. Se l\u00e4mpenee vain pienell\u00e4 m\u00e4\u00e4r\u00e4ll\u00e4 puita. Saunan koko 10 &#8211; 24 m\u00b3. Kivim\u00e4\u00e4r\u00e4 80 kg.<\/p>\n<p><img loading=\"lazy\" decoding=\"async\" class=\"alignnone size-medium wp-image-74008\" src=\"https:\/\/factory.sale\/wp-content\/uploads\/2024\/02\/fin-CE-300x172.png\" alt=\"\" width=\"300\" height=\"172\" srcset=\"https:\/\/factory.sale\/wp-content\/uploads\/2024\/02\/fin-CE-300x172.png 300w, https:\/\/factory.sale\/wp-content\/uploads\/2024\/02\/fin-CE-150x86.png 150w, https:\/\/factory.sale\/wp-content\/uploads\/2024\/02\/fin-CE-600x345.png 600w, https:\/\/factory.sale\/wp-content\/uploads\/2024\/02\/fin-CE.png 616w\" sizes=\"auto, (max-width: 300px) 100vw, 300px\" \/><\/p>\n","protected":false},"featured_media":74163,"comment_status":"open","ping_status":"closed","template":"","meta":{"_acf_changed":false},"factory":[],"free-shipment":[],"product_brand":[],"product_cat":[2783,484],"product_tag":[2106],"class_list":{"0":"post-74169","1":"product","2":"type-product","3":"status-publish","4":"has-post-thumbnail","6":"product_cat-narvi-fi","7":"product_cat-saunan-kiukaat","8":"product_tag-sauna-fi","10":"first","11":"instock","12":"sale","13":"taxable","14":"shipping-taxable","15":"purchasable","16":"product-type-simple"},"acf":[],"_links":{"self":[{"href":"https:\/\/factory.sale\/fi\/wp-json\/wp\/v2\/product\/74169","targetHints":{"allow":["GET"]}}],"collection":[{"href":"https:\/\/factory.sale\/fi\/wp-json\/wp\/v2\/product"}],"about":[{"href":"https:\/\/factory.sale\/fi\/wp-json\/wp\/v2\/types\/product"}],"replies":[{"embeddable":true,"href":"https:\/\/factory.sale\/fi\/wp-json\/wp\/v2\/comments?post=74169"}],"wp:featuredmedia":[{"embeddable":true,"href":"https:\/\/factory.sale\/fi\/wp-json\/wp\/v2\/media\/74163"}],"wp:attachment":[{"href":"https:\/\/factory.sale\/fi\/wp-json\/wp\/v2\/media?parent=74169"}],"wp:term":[{"taxonomy":"factory","embeddable":true,"href":"https:\/\/factory.sale\/fi\/wp-json\/wp\/v2\/factory?post=74169"},{"taxonomy":"free-shipment","embeddable":true,"href":"https:\/\/factory.sale\/fi\/wp-json\/wp\/v2\/free-shipment?post=74169"},{"taxonomy":"product_brand","embeddable":true,"href":"https:\/\/factory.sale\/fi\/wp-json\/wp\/v2\/product_brand?post=74169"},{"taxonomy":"product_cat","embeddable":true,"href":"https:\/\/factory.sale\/fi\/wp-json\/wp\/v2\/product_cat?post=74169"},{"taxonomy":"product_tag","embeddable":true,"href":"https:\/\/factory.sale\/fi\/wp-json\/wp\/v2\/product_tag?post=74169"}],"curies":[{"name":"wp","href":"https:\/\/api.w.org\/{rel}","templated":true}]}}