{"id":74017,"date":"2024-02-05T17:12:55","date_gmt":"2024-02-05T17:27:46","guid":{"rendered":"https:\/\/factory.sale\/?post_type=product&#038;p=74017"},"modified":"2024-06-29T09:15:43","modified_gmt":"2024-06-29T09:15:43","slug":"narvi-puulammitteinen-kiuas-nc-20","status":"publish","type":"product","link":"https:\/\/factory.sale\/fi\/tuote\/narvi-puulammitteinen-kiuas-nc-20\/","title":{"rendered":"Narvi puul\u00e4mmitteinen kiuas NC 20"},"content":{"rendered":"<p>Narvi NC 20 -kiukaan kuori on maalattu grafiitinharmaaksi. Kiukaassa on s\u00e4\u00e4dett\u00e4v\u00e4t jalat ja valurautainen lasiluukku. Se l\u00e4mpenee vain pienell\u00e4 m\u00e4\u00e4r\u00e4ll\u00e4 puita. Suomessa valmistettu Narvi NC 20 -puul\u00e4mmitteinen kiuas s\u00e4\u00e4dett\u00e4vill\u00e4 jaloilla ja valurautaisella lasiluukulla l\u00e4mpenee my\u00f6s vain pienell\u00e4 m\u00e4\u00e4r\u00e4ll\u00e4 puita. Sen ajaton ja minimalistinen muotoilu sopii sek\u00e4 perinteiseen ett\u00e4 moderniin saunaan. Saunan koko 10\u201320 m\u00b3 ja kivim\u00e4\u00e4r\u00e4 60 kg. Grafiitinharmaa Narvi NC 20 on tukeva puul\u00e4mmitteinen kiuas, jolla on ensiluokkaiset l\u00f6ylyominaisuudet 10\u201320 m\u00b3 kokoiselle saunalle. Suomessa valmistettu Narvi-puul\u00e4mmitteinen kiuas l\u00e4mpenee nopeasti pienell\u00e4 m\u00e4\u00e4r\u00e4ll\u00e4 puita. Sen ajaton ja minimalistinen muotoilu tekee kiukaasta sopivan sek\u00e4 moderniin ett\u00e4 perinteisemp\u00e4\u00e4n saunaan. Suuren, 60 kg kivim\u00e4\u00e4r\u00e4n ja tukevan rakenteen ansiosta Narvi-puul\u00e4mmitteinen kiuas on suunniteltu ahkeralle saunojalle, takaamaan tasaiset ja pehme\u00e4t l\u00f6ylyt vuodesta toiseen. Ymp\u00e4rist\u00f6yst\u00e4v\u00e4llisyytt\u00e4 ajatellen suunnitellun tulipes\u00e4n rakenne edustaa uutta muotoilua, joka tekee palamisesta entist\u00e4 tehokkaampaa ja puhtaampaa. Pitk\u00e4ik\u00e4isen tulipes\u00e4n katon vahvuus on 10 mm. Lasiluukun ansiosta voi ihailla tulta ja helpottaa tasaisen tulen yll\u00e4pit\u00e4mist\u00e4. Puukahvat pysyv\u00e4t viilein\u00e4 ja ovat miellytt\u00e4vi\u00e4 k\u00e4ytt\u00e4\u00e4.<\/p>\n<p>Kiukaassa on 15 mm s\u00e4\u00e4t\u00f6varalla varustetut jalat, mik\u00e4 tekee kiukaan asentamisesta helppoa. Kiukaan mukana toimitetaan liitosputki, jolla kiuas liitet\u00e4\u00e4n takaa hormiin. Kiuas voidaan liitt\u00e4\u00e4 hormiin my\u00f6s p\u00e4\u00e4lt\u00e4, mik\u00e4 vaatii erikseen myyt\u00e4v\u00e4n liitosputken.<\/p>\n<p>&nbsp;<\/p>\n<p>&nbsp;<\/p>\n<p><strong>Tekninen tieto:<\/strong><\/p>\n<ul>\n<li>EAN-koodi: 6418530123139<\/li>\n<li>Paino: 76 kg<\/li>\n<li>Suojav\u00e4li taakse (mm): 150<\/li>\n<li>Minimisaunan koko (m\u00b3): 10<\/li>\n<li>V\u00e4ri: Musta<\/li>\n<li>Maksimikivim\u00e4\u00e4r\u00e4 (kg): 60<\/li>\n<li>Leveys (cm): 54<\/li>\n<li>Maksimisaunan koko (m\u00b3): 20<\/li>\n<li>Tyyppi: Puul\u00e4mmitteinen kiuas<\/li>\n<li>Suojav\u00e4li eteen (mm): 500<\/li>\n<li>Suojav\u00e4li yl\u00f6s (mm): 1200<\/li>\n<li>Kiuas vesipadalla: Ei<\/li>\n<li>Syvyys (cm): 58<\/li>\n<li>Suojav\u00e4li sivulle (mm): 150<\/li>\n<\/ul>\n<p>&nbsp;<\/p>\n<p>&nbsp;<\/p>\n<p><strong>Pakkaus:<\/strong><\/p>\n<ul>\n<li>Korkeus (cm): 80<\/li>\n<li>Paino: 76 kg<\/li>\n<li>Korkeus: 80 cm<\/li>\n<li>Pituus: 58 cm<\/li>\n<li>Leveys: 54 cm<\/li>\n<\/ul>\n<p>&nbsp;<\/p>\n<p><em>Huomaa, ett\u00e4 kiuaskivet myyd\u00e4\u00e4n erikseen. Ennen kiukaan asentamista ja k\u00e4ytt\u00f6\u00f6nottoa tulee tutustua huolella k\u00e4ytt\u00f6- ja asennusohjeisiin sek\u00e4 kiukaan saunatilalle asettamiin vaatimuksiin.<\/em><\/p>\n<p>&nbsp;<\/p>\n<p><a href=\"https:\/\/factory.sale\/wp-content\/uploads\/2024\/02\/Narvi_NC16_20_20VS_24_070322.pdf\" target=\"_blank\" rel=\"noopener\">Narvi NC ohjeet<\/a><\/p>\n<p>&nbsp;<\/p>\n<p>&nbsp;<\/p>\n<div class=\"video-wrapper \"><iframe loading=\"lazy\" title=\"Narvi - Kiuaskivien ladontaohje (puul\u00e4mmitteiset kiukaat)\" width=\"500\" height=\"281\" src=\"https:\/\/www.youtube.com\/embed\/jJqDgtGvZC8?feature=oembed\" frameborder=\"0\" allow=\"accelerometer; autoplay; clipboard-write; encrypted-media; gyroscope; picture-in-picture; web-share\" referrerpolicy=\"strict-origin-when-cross-origin\" allowfullscreen><\/iframe><\/div>\n","protected":false},"excerpt":{"rendered":"<p>Grafiitinharmaa Narvi NC 20 on tukeva puul\u00e4mmitteinen kiuas, jolla on ensiluokkaiset l\u00f6ylyominaisuudet 10\u201320 m\u00b3 kokoiselle saunalle. Suomessa valmistettu Narvi-puul\u00e4mmitteinen kiuas l\u00e4mpenee nopeasti pienell\u00e4 m\u00e4\u00e4r\u00e4ll\u00e4 puita. Sen ajaton ja minimalistinen muotoilu tekee kiukaasta sopivan sek\u00e4 moderniin ett\u00e4 perinteisemp\u00e4\u00e4n saunaan. Suuren, 60 kg kivim\u00e4\u00e4r\u00e4n ja tukevan rakenteen ansiosta Narvi-puul\u00e4mmitteinen kiuas on suunniteltu ahkeralle saunojalle, takaamaan tasaiset ja pehme\u00e4t l\u00f6ylyt vuodesta toiseen. Ymp\u00e4rist\u00f6yst\u00e4v\u00e4llisyytt\u00e4 ajatellen suunnitellun tulipes\u00e4n rakenne edustaa uutta muotoilua, joka tekee palamisesta entist\u00e4 tehokkaampaa ja puhtaampaa. Pitk\u00e4ik\u00e4isen tulipes\u00e4n katon vahvuus on 10 mm. Lasiluukun ansiosta voi ihailla tulta ja helpottaa tasaisen tulen yll\u00e4pit\u00e4mist\u00e4. Puukahvat pysyv\u00e4t viilein\u00e4 ja ovat miellytt\u00e4vi\u00e4 k\u00e4ytt\u00e4\u00e4.<\/p>\n<p><img loading=\"lazy\" decoding=\"async\" class=\"alignnone size-medium wp-image-74008\" src=\"https:\/\/factory.sale\/wp-content\/uploads\/2024\/02\/fin-CE-300x172.png\" alt=\"\" width=\"300\" height=\"172\" srcset=\"https:\/\/factory.sale\/wp-content\/uploads\/2024\/02\/fin-CE-300x172.png 300w, https:\/\/factory.sale\/wp-content\/uploads\/2024\/02\/fin-CE-150x86.png 150w, https:\/\/factory.sale\/wp-content\/uploads\/2024\/02\/fin-CE-600x345.png 600w, https:\/\/factory.sale\/wp-content\/uploads\/2024\/02\/fin-CE.png 616w\" sizes=\"auto, (max-width: 300px) 100vw, 300px\" \/><\/p>\n","protected":false},"featured_media":73993,"comment_status":"open","ping_status":"closed","template":"","meta":{"_acf_changed":false},"factory":[],"free-shipment":[],"product_brand":[],"product_cat":[2783,484],"product_tag":[],"class_list":{"0":"post-74017","1":"product","2":"type-product","3":"status-publish","4":"has-post-thumbnail","6":"product_cat-narvi-fi","7":"product_cat-saunan-kiukaat","9":"first","10":"instock","11":"sale","12":"taxable","13":"shipping-taxable","14":"purchasable","15":"product-type-simple"},"acf":[],"_links":{"self":[{"href":"https:\/\/factory.sale\/fi\/wp-json\/wp\/v2\/product\/74017","targetHints":{"allow":["GET"]}}],"collection":[{"href":"https:\/\/factory.sale\/fi\/wp-json\/wp\/v2\/product"}],"about":[{"href":"https:\/\/factory.sale\/fi\/wp-json\/wp\/v2\/types\/product"}],"replies":[{"embeddable":true,"href":"https:\/\/factory.sale\/fi\/wp-json\/wp\/v2\/comments?post=74017"}],"wp:featuredmedia":[{"embeddable":true,"href":"https:\/\/factory.sale\/fi\/wp-json\/wp\/v2\/media\/73993"}],"wp:attachment":[{"href":"https:\/\/factory.sale\/fi\/wp-json\/wp\/v2\/media?parent=74017"}],"wp:term":[{"taxonomy":"factory","embeddable":true,"href":"https:\/\/factory.sale\/fi\/wp-json\/wp\/v2\/factory?post=74017"},{"taxonomy":"free-shipment","embeddable":true,"href":"https:\/\/factory.sale\/fi\/wp-json\/wp\/v2\/free-shipment?post=74017"},{"taxonomy":"product_brand","embeddable":true,"href":"https:\/\/factory.sale\/fi\/wp-json\/wp\/v2\/product_brand?post=74017"},{"taxonomy":"product_cat","embeddable":true,"href":"https:\/\/factory.sale\/fi\/wp-json\/wp\/v2\/product_cat?post=74017"},{"taxonomy":"product_tag","embeddable":true,"href":"https:\/\/factory.sale\/fi\/wp-json\/wp\/v2\/product_tag?post=74017"}],"curies":[{"name":"wp","href":"https:\/\/api.w.org\/{rel}","templated":true}]}}