{"id":73976,"date":"2024-02-05T16:27:34","date_gmt":"2024-02-05T16:50:42","guid":{"rendered":"https:\/\/factory.sale\/?post_type=product&#038;p=73976"},"modified":"2025-03-22T01:22:47","modified_gmt":"2025-03-21T22:22:47","slug":"narvi-puulammitteinen-lammitin-nc-16-musta-8-16-m%c2%b3","status":"publish","type":"product","link":"https:\/\/factory.sale\/fi\/tuote\/narvi-puulammitteinen-lammitin-nc-16-musta-8-16-m%c2%b3\/","title":{"rendered":"Narvi puul\u00e4mmitteinen l\u00e4mmitin NC 16 musta 8-16 m\u00b3"},"content":{"rendered":"<p>Vankasta rakenteestaan huolimatta kiuas l\u00e4mpenee vain pienell\u00e4 m\u00e4\u00e4r\u00e4ll\u00e4 puuta. Suunnittelu perustuu ymp\u00e4rist\u00f6yst\u00e4v\u00e4llisyyteen ja se t\u00e4ytt\u00e4\u00e4kin CE-vaatimukset. Suuri kivim\u00e4\u00e4r\u00e4 takaa tasaisen pehme\u00e4t l\u00f6ylyt. Kiukaan ulkokuori on maalattua, mustaa ter\u00e4st\u00e4. Puinen, kuumenematon kahva on saanut saunojilta kiitosta.<\/p>\n<p>Kiukaat toimitetaan ilman saunakivi\u00e4. Tilaa saunakivet erikseen. Puul\u00e4mmitteisiss\u00e4 kiukaissa k\u00e4yt\u00e4 lohkopintaista, suurempaa l\u00e4pimitaltaan 10 &#8211; 15 cm oliviinidiabaasia saunakive\u00e4. Koristekivin\u00e4, pintakivin\u00e4, voit k\u00e4ytt\u00e4\u00e4 pienemp\u00e4\u00e4 lohkottua kive\u00e4 5 &#8211; 10 cm, py\u00f6ristettyj\u00e4 tai valkoisia pintasaunakivi\u00e4. Huomioi kiukaan koon arvioinnissa, jos saunan seiniss\u00e4 tai katossa on kive\u00e4, lasia, kaakelia tai muuta erist\u00e4m\u00e4t\u00f6nt\u00e4 pintaa, kiukaan tehontarve kasvaa.<\/p>\n<p>&nbsp;<\/p>\n<p><strong>Tuotetiedot:<\/strong><\/p>\n<ul>\n<li>Merkki: narvi<\/li>\n<li>EAN-koodi: 6418530123122<\/li>\n<li>Pakkauksen korkeus (cm): 83.0<\/li>\n<li>Pakkauksen leveys (cm): 55.0<\/li>\n<li>Pakkauksen syvyys (cm): 64.0<\/li>\n<li>Bruttopaino (kg): 67.0<\/li>\n<li>Myyntipakkaus 1: 1.0 kpl<\/li>\n<li>Myyntipakkaus 2: 1.0 kpl<\/li>\n<li>Myyntipakkaus 3: 4.0 kpl<\/li>\n<li>Saunan koko (m\u00b3): 8 &#8211; 16<\/li>\n<li>Mitat (p x l x k) mm: 500 x 780 x 580<\/li>\n<li>Kivien maksimim\u00e4\u00e4r\u00e4: 50 kg<\/li>\n<li>Paino ilman kivi\u00e4: 72 kg<\/li>\n<li>Savupiipun halkaisija ylh\u00e4\u00e4ll\u00e4 ja takana: 119 mm<\/li>\n<li>Savupiipun alareunan korkeus lattiasta: 595 mm<\/li>\n<li>Suojav\u00e4lit palavaan materiaaliin: Sivuille 150 mm, eteen 500 mm, yl\u00f6s 1250 mm ja taakse 150 mm<\/li>\n<li>Takuu: 24 kuukautta<\/li>\n<li>S\u00e4\u00e4dett\u00e4v\u00e4t jalat: kyll\u00e4<\/li>\n<\/ul>\n<p>&nbsp;<\/p>\n<p><a href=\"https:\/\/factory.sale\/wp-content\/uploads\/2024\/02\/Narvi_NC16_20_20VS_24_070322.pdf\" target=\"_blank\" rel=\"noopener\">Narvi NC ohjeet<\/a><\/p>\n","protected":false},"excerpt":{"rendered":"<p>Narvi NC-kiukaan tulipes\u00e4n suunnittelun ansiosta palaminen on tehokkaampaa ja puhtaampaa. Siksi se onkin maailman puhtaimmin palava puukiuas!<\/p>\n","protected":false},"featured_media":73964,"comment_status":"open","ping_status":"closed","template":"","meta":{"_acf_changed":false},"factory":[],"free-shipment":[],"product_brand":[],"product_cat":[2783,484],"product_tag":[],"class_list":{"0":"post-73976","1":"product","2":"type-product","3":"status-publish","4":"has-post-thumbnail","6":"product_cat-narvi-fi","7":"product_cat-saunan-kiukaat","9":"first","10":"instock","11":"sale","12":"taxable","13":"shipping-taxable","14":"purchasable","15":"product-type-simple"},"acf":[],"_links":{"self":[{"href":"https:\/\/factory.sale\/fi\/wp-json\/wp\/v2\/product\/73976","targetHints":{"allow":["GET"]}}],"collection":[{"href":"https:\/\/factory.sale\/fi\/wp-json\/wp\/v2\/product"}],"about":[{"href":"https:\/\/factory.sale\/fi\/wp-json\/wp\/v2\/types\/product"}],"replies":[{"embeddable":true,"href":"https:\/\/factory.sale\/fi\/wp-json\/wp\/v2\/comments?post=73976"}],"wp:featuredmedia":[{"embeddable":true,"href":"https:\/\/factory.sale\/fi\/wp-json\/wp\/v2\/media\/73964"}],"wp:attachment":[{"href":"https:\/\/factory.sale\/fi\/wp-json\/wp\/v2\/media?parent=73976"}],"wp:term":[{"taxonomy":"factory","embeddable":true,"href":"https:\/\/factory.sale\/fi\/wp-json\/wp\/v2\/factory?post=73976"},{"taxonomy":"free-shipment","embeddable":true,"href":"https:\/\/factory.sale\/fi\/wp-json\/wp\/v2\/free-shipment?post=73976"},{"taxonomy":"product_brand","embeddable":true,"href":"https:\/\/factory.sale\/fi\/wp-json\/wp\/v2\/product_brand?post=73976"},{"taxonomy":"product_cat","embeddable":true,"href":"https:\/\/factory.sale\/fi\/wp-json\/wp\/v2\/product_cat?post=73976"},{"taxonomy":"product_tag","embeddable":true,"href":"https:\/\/factory.sale\/fi\/wp-json\/wp\/v2\/product_tag?post=73976"}],"curies":[{"name":"wp","href":"https:\/\/api.w.org\/{rel}","templated":true}]}}