{"id":73845,"date":"2023-03-26T09:59:04","date_gmt":"2024-02-05T10:49:38","guid":{"rendered":"https:\/\/factory.sale\/?post_type=product&#038;p=73845"},"modified":"2024-07-01T15:26:21","modified_gmt":"2024-07-01T15:26:21","slug":"saunan-seinapaneeli-lampokasitelty-leppa-a-sts-15x120","status":"publish","type":"product","link":"https:\/\/factory.sale\/fi\/tuote\/saunan-seinapaneeli-lampokasitelty-leppa-a-sts-15x120\/","title":{"rendered":"Saunan sein\u00e4paneeli l\u00e4mp\u00f6k\u00e4sitelty lepp\u00e4 A STS 15&#215;120"},"content":{"rendered":"<p><strong>Tuotetiedot:<\/strong><\/p>\n<ul>\n<li>Puulaji: l\u00e4mp\u00f6k\u00e4sitelty lepp\u00e4<\/li>\n<li>Profiili: STS<\/li>\n<li>Mitat: 15 x 120 mm<\/li>\n<\/ul>\n","protected":false},"excerpt":{"rendered":"<ul>\n<li>Puulaji: l\u00e4mp\u00f6k\u00e4sitelty lepp\u00e4<\/li>\n<li>Profiili: STS<\/li>\n<li>Mitat: 15 x 120 mm<\/li>\n<\/ul>\n","protected":false},"featured_media":25671,"comment_status":"open","ping_status":"closed","template":"","meta":{"_acf_changed":false},"factory":[],"free-shipment":[],"product_brand":[],"product_cat":[1605],"product_tag":[],"class_list":{"0":"post-73845","1":"product","2":"type-product","3":"status-publish","4":"has-post-thumbnail","6":"product_cat-puutuotteet","8":"first","9":"instock","10":"sale","11":"taxable","12":"shipping-taxable","13":"purchasable","14":"product-type-simple"},"acf":[],"_links":{"self":[{"href":"https:\/\/factory.sale\/fi\/wp-json\/wp\/v2\/product\/73845","targetHints":{"allow":["GET"]}}],"collection":[{"href":"https:\/\/factory.sale\/fi\/wp-json\/wp\/v2\/product"}],"about":[{"href":"https:\/\/factory.sale\/fi\/wp-json\/wp\/v2\/types\/product"}],"replies":[{"embeddable":true,"href":"https:\/\/factory.sale\/fi\/wp-json\/wp\/v2\/comments?post=73845"}],"wp:featuredmedia":[{"embeddable":true,"href":"https:\/\/factory.sale\/fi\/wp-json\/wp\/v2\/media\/25671"}],"wp:attachment":[{"href":"https:\/\/factory.sale\/fi\/wp-json\/wp\/v2\/media?parent=73845"}],"wp:term":[{"taxonomy":"factory","embeddable":true,"href":"https:\/\/factory.sale\/fi\/wp-json\/wp\/v2\/factory?post=73845"},{"taxonomy":"free-shipment","embeddable":true,"href":"https:\/\/factory.sale\/fi\/wp-json\/wp\/v2\/free-shipment?post=73845"},{"taxonomy":"product_brand","embeddable":true,"href":"https:\/\/factory.sale\/fi\/wp-json\/wp\/v2\/product_brand?post=73845"},{"taxonomy":"product_cat","embeddable":true,"href":"https:\/\/factory.sale\/fi\/wp-json\/wp\/v2\/product_cat?post=73845"},{"taxonomy":"product_tag","embeddable":true,"href":"https:\/\/factory.sale\/fi\/wp-json\/wp\/v2\/product_tag?post=73845"}],"curies":[{"name":"wp","href":"https:\/\/api.w.org\/{rel}","templated":true}]}}