{"id":73841,"date":"2023-03-26T13:50:30","date_gmt":"2024-02-05T10:47:13","guid":{"rendered":"https:\/\/factory.sale\/?post_type=product&#038;p=73841"},"modified":"2024-06-26T14:40:03","modified_gmt":"2024-06-26T14:40:03","slug":"saunan-seinapaneeli-lampokasitelty-haapa-a-stp-15x90","status":"publish","type":"product","link":"https:\/\/factory.sale\/fi\/tuote\/saunan-seinapaneeli-lampokasitelty-haapa-a-stp-15x90\/","title":{"rendered":"Saunan sein\u00e4paneeli l\u00e4mp\u00f6k\u00e4sitelty haapa A STP 15&#215;90"},"content":{"rendered":"<p><strong>Tuotetiedot:<\/strong><\/p>\n<ul>\n<li>Puulaji: l\u00e4mp\u00f6k\u00e4sitelty haapa<\/li>\n<li>Profiili: STP<\/li>\n<li>Mitat: 15 x 90 mm<\/li>\n<\/ul>\n","protected":false},"excerpt":{"rendered":"<ul>\n<li>Puulaji: l\u00e4mp\u00f6k\u00e4sitelty haapa<\/li>\n<li>Profiili: STP<\/li>\n<li>Mitat: 15 x 90 mm<\/li>\n<\/ul>\n","protected":false},"featured_media":25702,"comment_status":"open","ping_status":"closed","template":"","meta":{"_acf_changed":false},"factory":[],"free-shipment":[],"product_brand":[],"product_cat":[1605],"product_tag":[2106,617],"class_list":{"0":"post-73841","1":"product","2":"type-product","3":"status-publish","4":"has-post-thumbnail","6":"product_cat-puutuotteet","7":"product_tag-sauna-fi","8":"product_tag-wood-fi","10":"first","11":"instock","12":"sale","13":"taxable","14":"shipping-taxable","15":"purchasable","16":"product-type-simple"},"acf":[],"_links":{"self":[{"href":"https:\/\/factory.sale\/fi\/wp-json\/wp\/v2\/product\/73841","targetHints":{"allow":["GET"]}}],"collection":[{"href":"https:\/\/factory.sale\/fi\/wp-json\/wp\/v2\/product"}],"about":[{"href":"https:\/\/factory.sale\/fi\/wp-json\/wp\/v2\/types\/product"}],"replies":[{"embeddable":true,"href":"https:\/\/factory.sale\/fi\/wp-json\/wp\/v2\/comments?post=73841"}],"wp:featuredmedia":[{"embeddable":true,"href":"https:\/\/factory.sale\/fi\/wp-json\/wp\/v2\/media\/25702"}],"wp:attachment":[{"href":"https:\/\/factory.sale\/fi\/wp-json\/wp\/v2\/media?parent=73841"}],"wp:term":[{"taxonomy":"factory","embeddable":true,"href":"https:\/\/factory.sale\/fi\/wp-json\/wp\/v2\/factory?post=73841"},{"taxonomy":"free-shipment","embeddable":true,"href":"https:\/\/factory.sale\/fi\/wp-json\/wp\/v2\/free-shipment?post=73841"},{"taxonomy":"product_brand","embeddable":true,"href":"https:\/\/factory.sale\/fi\/wp-json\/wp\/v2\/product_brand?post=73841"},{"taxonomy":"product_cat","embeddable":true,"href":"https:\/\/factory.sale\/fi\/wp-json\/wp\/v2\/product_cat?post=73841"},{"taxonomy":"product_tag","embeddable":true,"href":"https:\/\/factory.sale\/fi\/wp-json\/wp\/v2\/product_tag?post=73841"}],"curies":[{"name":"wp","href":"https:\/\/api.w.org\/{rel}","templated":true}]}}