{"id":73762,"date":"2023-03-24T11:00:38","date_gmt":"2024-02-05T07:56:55","guid":{"rendered":"https:\/\/factory.sale\/?post_type=product&#038;p=73762"},"modified":"2024-07-03T05:07:55","modified_gmt":"2024-07-03T05:07:55","slug":"vihreaksi-kyllastetty-terassilauta-deck-28x120","status":"publish","type":"product","link":"https:\/\/factory.sale\/fi\/tuote\/vihreaksi-kyllastetty-terassilauta-deck-28x120\/","title":{"rendered":"Vihre\u00e4ksi kyll\u00e4stetty terassilauta DECK 28X120"},"content":{"rendered":"<p>Vihre\u00e4ksi kyll\u00e4stetty terassilauta DECK 28X120<\/p>\n","protected":false},"excerpt":{"rendered":"<p>Vihre\u00e4ksi kyll\u00e4stetty terassilauta DECK 28X120<\/p>\n","protected":false},"featured_media":25588,"comment_status":"open","ping_status":"closed","template":"","meta":{"_acf_changed":false},"factory":[],"free-shipment":[],"product_brand":[],"product_cat":[1603],"product_tag":[],"class_list":{"0":"post-73762","1":"product","2":"type-product","3":"status-publish","4":"has-post-thumbnail","6":"product_cat-wood-products","8":"first","9":"instock","10":"sale","11":"taxable","12":"shipping-taxable","13":"purchasable","14":"product-type-simple"},"acf":[],"_links":{"self":[{"href":"https:\/\/factory.sale\/fi\/wp-json\/wp\/v2\/product\/73762","targetHints":{"allow":["GET"]}}],"collection":[{"href":"https:\/\/factory.sale\/fi\/wp-json\/wp\/v2\/product"}],"about":[{"href":"https:\/\/factory.sale\/fi\/wp-json\/wp\/v2\/types\/product"}],"replies":[{"embeddable":true,"href":"https:\/\/factory.sale\/fi\/wp-json\/wp\/v2\/comments?post=73762"}],"wp:featuredmedia":[{"embeddable":true,"href":"https:\/\/factory.sale\/fi\/wp-json\/wp\/v2\/media\/25588"}],"wp:attachment":[{"href":"https:\/\/factory.sale\/fi\/wp-json\/wp\/v2\/media?parent=73762"}],"wp:term":[{"taxonomy":"factory","embeddable":true,"href":"https:\/\/factory.sale\/fi\/wp-json\/wp\/v2\/factory?post=73762"},{"taxonomy":"free-shipment","embeddable":true,"href":"https:\/\/factory.sale\/fi\/wp-json\/wp\/v2\/free-shipment?post=73762"},{"taxonomy":"product_brand","embeddable":true,"href":"https:\/\/factory.sale\/fi\/wp-json\/wp\/v2\/product_brand?post=73762"},{"taxonomy":"product_cat","embeddable":true,"href":"https:\/\/factory.sale\/fi\/wp-json\/wp\/v2\/product_cat?post=73762"},{"taxonomy":"product_tag","embeddable":true,"href":"https:\/\/factory.sale\/fi\/wp-json\/wp\/v2\/product_tag?post=73762"}],"curies":[{"name":"wp","href":"https:\/\/api.w.org\/{rel}","templated":true}]}}