{"id":72741,"date":"2024-01-31T15:46:31","date_gmt":"2024-01-31T15:53:04","guid":{"rendered":"https:\/\/factory.sale\/?post_type=product&#038;p=72741"},"modified":"2024-06-25T13:05:56","modified_gmt":"2024-06-25T13:05:56","slug":"lvl-puu-kerto-s-beam-51-x-260-x-12000-mm","status":"publish","type":"product","link":"https:\/\/factory.sale\/fi\/tuote\/lvl-puu-kerto-s-beam-51-x-260-x-12000-mm\/","title":{"rendered":"LVL-puu kerto s-beam 51 x 260 x 12000 mm"},"content":{"rendered":"<p>LVL-S on suora, kieroutumaton ja mittatarkka tuote, joka soveltuu pysty- ja vaakarakenteisiin. Suoraa ja mittatarkkaa LVL-puuta k\u00e4ytet\u00e4\u00e4n mm. omakotitalojen, hallien ja muiden rakennusten ala-, v\u00e4li- ja yl\u00e4pohjapalkkina, sek\u00e4 lukuisissa muissa puurakentamisen.<\/p>\n<p>&nbsp;<\/p>\n<p><strong>TUOTETIEDOT:<\/strong><\/p>\n<ul>\n<li>Br\u00e4ndi: metsawood<\/li>\n<li>Korkeus \/ paksuus (mm): 51,0<\/li>\n<li>Leveys \/ halkaisija (mm): 260,0<\/li>\n<li>Pituus \/ syvyys (mm): 12000,0<\/li>\n<li>Myyntipakkauksen korkeus (cm): 26,0<\/li>\n<li>Myyntipakkauksen leveys (cm): 5,1<\/li>\n<li>Myyntipakkauksen syvyys (cm): 1200,0<\/li>\n<li>Bruttopaino (kg): 79,55<\/li>\n<li>Myyntipakkaus 1: 1,0 KPL<\/li>\n<li>Myyntipakkaus 2: 1,0 KPL<\/li>\n<li>Myyntipakkaus 3: 28,0 KPL<\/li>\n<\/ul>\n","protected":false},"excerpt":{"rendered":"<p>LVL-S on suora, kieroutumaton ja mittatarkka tuote, joka soveltuu pysty- ja vaakarakenteisiin. Suoraa ja mittatarkkaa LVL-puuta k\u00e4ytet\u00e4\u00e4n mm. omakotitalojen, hallien ja muiden rakennusten ala-, v\u00e4li- ja yl\u00e4pohjapalkkina, sek\u00e4 lukuisissa muissa puurakentamisen.<\/p>\n","protected":false},"featured_media":72733,"comment_status":"open","ping_status":"closed","template":"","meta":{"_acf_changed":false},"factory":[],"free-shipment":[],"product_brand":[],"product_cat":[2780,1605],"product_tag":[617],"class_list":{"0":"post-72741","1":"product","2":"type-product","3":"status-publish","4":"has-post-thumbnail","6":"product_cat-hoylatty-puutavara","7":"product_cat-puutuotteet","8":"product_tag-wood-fi","10":"first","11":"instock","12":"sale","13":"taxable","14":"shipping-taxable","15":"purchasable","16":"product-type-simple"},"acf":[],"_links":{"self":[{"href":"https:\/\/factory.sale\/fi\/wp-json\/wp\/v2\/product\/72741","targetHints":{"allow":["GET"]}}],"collection":[{"href":"https:\/\/factory.sale\/fi\/wp-json\/wp\/v2\/product"}],"about":[{"href":"https:\/\/factory.sale\/fi\/wp-json\/wp\/v2\/types\/product"}],"replies":[{"embeddable":true,"href":"https:\/\/factory.sale\/fi\/wp-json\/wp\/v2\/comments?post=72741"}],"wp:featuredmedia":[{"embeddable":true,"href":"https:\/\/factory.sale\/fi\/wp-json\/wp\/v2\/media\/72733"}],"wp:attachment":[{"href":"https:\/\/factory.sale\/fi\/wp-json\/wp\/v2\/media?parent=72741"}],"wp:term":[{"taxonomy":"factory","embeddable":true,"href":"https:\/\/factory.sale\/fi\/wp-json\/wp\/v2\/factory?post=72741"},{"taxonomy":"free-shipment","embeddable":true,"href":"https:\/\/factory.sale\/fi\/wp-json\/wp\/v2\/free-shipment?post=72741"},{"taxonomy":"product_brand","embeddable":true,"href":"https:\/\/factory.sale\/fi\/wp-json\/wp\/v2\/product_brand?post=72741"},{"taxonomy":"product_cat","embeddable":true,"href":"https:\/\/factory.sale\/fi\/wp-json\/wp\/v2\/product_cat?post=72741"},{"taxonomy":"product_tag","embeddable":true,"href":"https:\/\/factory.sale\/fi\/wp-json\/wp\/v2\/product_tag?post=72741"}],"curies":[{"name":"wp","href":"https:\/\/api.w.org\/{rel}","templated":true}]}}