{"id":70952,"date":"2024-01-27T11:29:19","date_gmt":"2024-01-28T12:20:33","guid":{"rendered":"https:\/\/factory.sale\/?post_type=product&#038;p=70952"},"modified":"2025-11-28T13:17:06","modified_gmt":"2025-11-28T10:17:06","slug":"helo-20-kg-saunakivia-pienia","status":"publish","type":"product","link":"https:\/\/factory.sale\/fi\/tuote\/helo-20-kg-saunakivia-pienia\/","title":{"rendered":"Helo 20 kg saunakivi\u00e4, pieni\u00e4"},"content":{"rendered":"<p><strong>Tuotekoodi:<\/strong> 0043020<\/p>\n<p>&nbsp;<\/p>\n<p>Saunakivi\u00e4 20 kg. Alle 100 mm. Sein\u00e4\u00e4n kiinnitett\u00e4ville kiukaille. Vulkaniset saunakivet &#8211; korkealaatuisia, Suomessa hyv\u00e4ksyttyj\u00e4 saunakivi\u00e4, jotka ovat kest\u00e4vi\u00e4 ja tarjoavat erinomaista l\u00e4mm\u00f6ns\u00e4teily\u00e4. Vaikka kivet on pesty, suosittelemme huuhtelemaan ne uudelleen vedell\u00e4 ennen niiden asettamista saunakiukaaseen. Asettele kivet l\u00f6yh\u00e4sti l\u00e4mmityselementtien ymp\u00e4rille. T\u00e4m\u00e4 parantaa saunan l\u00e4mmitysaikaa ja pident\u00e4\u00e4 l\u00e4mmityselementtien k\u00e4ytt\u00f6ik\u00e4\u00e4. Yhdelle lavalle mahtuu 50 pakettia.<\/p>\n","protected":false},"excerpt":{"rendered":"<p>Saunakivi\u00e4 20 kg. Alle 100 mm. Sein\u00e4\u00e4n kiinnitett\u00e4ville kiukaille. Vulkaniset saunakivet &#8211; korkealaatuisia, Suomessa hyv\u00e4ksyttyj\u00e4 saunakivi\u00e4, jotka ovat kest\u00e4vi\u00e4 ja tarjoavat erinomaista l\u00e4mm\u00f6ns\u00e4teily\u00e4. Vaikka kivet on pesty, suosittelemme huuhtelemaan ne uudelleen vedell\u00e4 ennen niiden asettamista saunakiukaaseen. Asettele kivet l\u00f6yh\u00e4sti l\u00e4mmityselementtien ymp\u00e4rille. T\u00e4m\u00e4 parantaa saunan l\u00e4mmitysaikaa ja pident\u00e4\u00e4 l\u00e4mmityselementtien k\u00e4ytt\u00f6ik\u00e4\u00e4. Yhdelle lavalle mahtuu 50 pakettia.<\/p>\n","protected":false},"featured_media":70522,"comment_status":"open","ping_status":"closed","template":"","meta":{"_acf_changed":false},"factory":[],"free-shipment":[],"product_brand":[],"product_cat":[1629,1334],"product_tag":[2106,1637],"class_list":{"0":"post-70952","1":"product","2":"type-product","3":"status-publish","4":"has-post-thumbnail","6":"product_cat-kiuaskivet","7":"product_cat-saunatarvikkeet","8":"product_tag-sauna-fi","9":"product_tag-sauna-stones-fi","11":"first","12":"instock","13":"sale","14":"taxable","15":"shipping-taxable","16":"purchasable","17":"product-type-simple"},"acf":[],"_links":{"self":[{"href":"https:\/\/factory.sale\/fi\/wp-json\/wp\/v2\/product\/70952","targetHints":{"allow":["GET"]}}],"collection":[{"href":"https:\/\/factory.sale\/fi\/wp-json\/wp\/v2\/product"}],"about":[{"href":"https:\/\/factory.sale\/fi\/wp-json\/wp\/v2\/types\/product"}],"replies":[{"embeddable":true,"href":"https:\/\/factory.sale\/fi\/wp-json\/wp\/v2\/comments?post=70952"}],"wp:featuredmedia":[{"embeddable":true,"href":"https:\/\/factory.sale\/fi\/wp-json\/wp\/v2\/media\/70522"}],"wp:attachment":[{"href":"https:\/\/factory.sale\/fi\/wp-json\/wp\/v2\/media?parent=70952"}],"wp:term":[{"taxonomy":"factory","embeddable":true,"href":"https:\/\/factory.sale\/fi\/wp-json\/wp\/v2\/factory?post=70952"},{"taxonomy":"free-shipment","embeddable":true,"href":"https:\/\/factory.sale\/fi\/wp-json\/wp\/v2\/free-shipment?post=70952"},{"taxonomy":"product_brand","embeddable":true,"href":"https:\/\/factory.sale\/fi\/wp-json\/wp\/v2\/product_brand?post=70952"},{"taxonomy":"product_cat","embeddable":true,"href":"https:\/\/factory.sale\/fi\/wp-json\/wp\/v2\/product_cat?post=70952"},{"taxonomy":"product_tag","embeddable":true,"href":"https:\/\/factory.sale\/fi\/wp-json\/wp\/v2\/product_tag?post=70952"}],"curies":[{"name":"wp","href":"https:\/\/api.w.org\/{rel}","templated":true}]}}