{"id":70130,"date":"2024-01-26T12:19:38","date_gmt":"2024-01-26T13:55:18","guid":{"rendered":"https:\/\/factory.sale\/?post_type=product&#038;p=70130"},"modified":"2025-11-28T13:17:08","modified_gmt":"2025-11-28T10:17:08","slug":"helo-lammitin-saunatonttu-6","status":"publish","type":"product","link":"https:\/\/factory.sale\/fi\/tuote\/helo-lammitin-saunatonttu-6\/","title":{"rendered":"Helo l\u00e4mmitin Saunatonttu 6"},"content":{"rendered":"<p><strong>Tuotekoodi:<\/strong> 002701<\/p>\n<p>&nbsp;<\/p>\n<p>Helo yhdisti voimansa maailmankuulun suunnittelijan Ristomatti Ratian kanssa kehitt\u00e4\u00e4kseen t\u00e4ydellisen saunan l\u00e4mmittimen, ja n\u00e4in syntyi tyylik\u00e4s musta aina valmis l\u00e4mmitin, jota kutsutaan Saunatonttuksi tai &#8220;saunan haltijaksi&#8221;. T\u00e4m\u00e4 monin tavoin patentoitu innovaatio, jolla on upea eurooppalainen muotoilu, on monien mielest\u00e4 kiistatta maailman paras saunan l\u00e4mmitin.<\/p>\n<p>Saunatontun salaisuus piilee jatkuvassa l\u00e4mm\u00f6ss\u00e4, jonka 100 kg kive\u00e4 tuottaa varastoituina hyvin eristettyyn l\u00e4mmittimeen, jotta l\u00e4mp\u00f6 s\u00e4ilyisi pitk\u00e4\u00e4n. Kun kiville heitet\u00e4\u00e4n kauhallinen vett\u00e4, ne vapauttavat pehme\u00e4\u00e4, runsasta ja rikasta h\u00f6yry\u00e4. Pienet turvaet\u00e4isyydet tuovat joustavuutta saunan sis\u00e4tilojen suunnitteluun, ja t\u00e4m\u00e4n kulmamallin l\u00e4mmitin voidaan my\u00f6s helposti asentaa saunan penkkien p\u00e4\u00e4lle. Saunatontussa on k\u00e4tev\u00e4 pieni ohjain kaikkien l\u00e4mmittimen parametrien s\u00e4\u00e4t\u00e4miseen.<\/p>\n<p>&nbsp;<\/p>\n<p>\u2022 Aina valmis. Kivien varastoima l\u00e4mp\u00f6 mahdollistaa Saunatontun k\u00e4yt\u00f6n milloin tahansa ilman esil\u00e4mmityst\u00e4.<\/p>\n<p>\u2022 Ristomatti Ratian ainutlaatuinen suunnittelu<\/p>\n<p>\u2022 Kulmamallin l\u00e4mmitin voidaan helposti asentaa saunan penkkien p\u00e4\u00e4lle<\/p>\n<p>\u2022 Hyvin eristetty, se varastoi l\u00e4mp\u00f6\u00e4 valmiustilan aikana tuotettua l\u00e4mp\u00f6\u00e4<\/p>\n<p>&nbsp;<\/p>\n<p><strong>Tekniset tiedot:<\/strong><\/p>\n<ul>\n<li>V\u00e4ri: MUSTA<\/li>\n<li>Paino (kg): 49,0<\/li>\n<li>Kivien m\u00e4\u00e4r\u00e4 (kg): 100<\/li>\n<li>Teho (kW): 6,4<\/li>\n<li>Mitat (LxKxS): 500 x 1090 x 500<\/li>\n<li>Saunan koko (m\u00b3): 7-14<\/li>\n<li>Turvaet\u00e4isyys, taakse: 0<\/li>\n<li>Turvaet\u00e4isyys, yl\u00f6s: 800<\/li>\n<li>Turvaet\u00e4isyys, sivulle: 30<\/li>\n<li>Turvaet\u00e4isyys, eteen: 30<\/li>\n<\/ul>\n<p>&nbsp;<\/p>\n<p><a href=\"https:\/\/factory.sale\/wp-content\/uploads\/2024\/01\/Saunatonttu-Installation-manual-and-user-guide.pdf\" target=\"_blank\" rel=\"noopener\">Saunatonttu &#8211; ohjeet<\/a><\/p>\n<p><a href=\"https:\/\/factory.sale\/wp-content\/uploads\/2024\/01\/Warranty-policy.pdf\" target=\"_blank\" rel=\"noopener\">Takuu<\/a><\/p>\n","protected":false},"excerpt":{"rendered":"<p>Helo yhdisti voimansa maailmankuulun suunnittelijan Ristomatti Ratian kanssa kehitt\u00e4\u00e4kseen t\u00e4ydellisen saunan l\u00e4mmittimen, ja n\u00e4in syntyi tyylik\u00e4s musta aina valmis l\u00e4mmitin, jota kutsutaan Saunatonttuksi tai &#8220;saunan haltijaksi&#8221;. T\u00e4m\u00e4 monin tavoin patentoitu innovaatio, jolla on upea eurooppalainen muotoilu, on monien mielest\u00e4 kiistatta maailman paras saunan l\u00e4mmitin.<\/p>\n","protected":false},"featured_media":70084,"comment_status":"open","ping_status":"closed","template":"","meta":{"_acf_changed":false},"factory":[],"free-shipment":[],"product_brand":[],"product_cat":[2639,484],"product_tag":[2106],"class_list":{"0":"post-70130","1":"product","2":"type-product","3":"status-publish","4":"has-post-thumbnail","6":"product_cat-helo-fi","7":"product_cat-saunan-kiukaat","8":"product_tag-sauna-fi","10":"first","11":"instock","12":"sale","13":"taxable","14":"shipping-taxable","15":"purchasable","16":"product-type-simple"},"acf":[],"_links":{"self":[{"href":"https:\/\/factory.sale\/fi\/wp-json\/wp\/v2\/product\/70130","targetHints":{"allow":["GET"]}}],"collection":[{"href":"https:\/\/factory.sale\/fi\/wp-json\/wp\/v2\/product"}],"about":[{"href":"https:\/\/factory.sale\/fi\/wp-json\/wp\/v2\/types\/product"}],"replies":[{"embeddable":true,"href":"https:\/\/factory.sale\/fi\/wp-json\/wp\/v2\/comments?post=70130"}],"wp:featuredmedia":[{"embeddable":true,"href":"https:\/\/factory.sale\/fi\/wp-json\/wp\/v2\/media\/70084"}],"wp:attachment":[{"href":"https:\/\/factory.sale\/fi\/wp-json\/wp\/v2\/media?parent=70130"}],"wp:term":[{"taxonomy":"factory","embeddable":true,"href":"https:\/\/factory.sale\/fi\/wp-json\/wp\/v2\/factory?post=70130"},{"taxonomy":"free-shipment","embeddable":true,"href":"https:\/\/factory.sale\/fi\/wp-json\/wp\/v2\/free-shipment?post=70130"},{"taxonomy":"product_brand","embeddable":true,"href":"https:\/\/factory.sale\/fi\/wp-json\/wp\/v2\/product_brand?post=70130"},{"taxonomy":"product_cat","embeddable":true,"href":"https:\/\/factory.sale\/fi\/wp-json\/wp\/v2\/product_cat?post=70130"},{"taxonomy":"product_tag","embeddable":true,"href":"https:\/\/factory.sale\/fi\/wp-json\/wp\/v2\/product_tag?post=70130"}],"curies":[{"name":"wp","href":"https:\/\/api.w.org\/{rel}","templated":true}]}}