{"id":70053,"date":"2024-01-26T11:48:19","date_gmt":"2024-01-26T11:54:13","guid":{"rendered":"https:\/\/factory.sale\/?post_type=product&#038;p=70053"},"modified":"2025-11-28T13:17:09","modified_gmt":"2025-11-28T10:17:09","slug":"helo-hoyrygeneraattori-steam-pro-12","status":"publish","type":"product","link":"https:\/\/factory.sale\/fi\/tuote\/helo-hoyrygeneraattori-steam-pro-12\/","title":{"rendered":"Helo h\u00f6yrygeneraattori Steam Pro 12"},"content":{"rendered":"<p><strong>Tuotekoodi:<\/strong> 002105<\/p>\n<p>&nbsp;<\/p>\n<p>Helo Steam Pro -generaattori est\u00e4\u00e4 automaattisesti ylikuumenemisen ja kuivak\u00e4ynnin. Se s\u00e4\u00e4st\u00e4\u00e4 aikaa huollossa ja seisokkeissa automaattisen huuhtelutoiminnon ansiosta. Lis\u00e4ksi on mahdollista ajaa useita yksik\u00f6it\u00e4 sarjakytkent\u00e4n\u00e4. Helo Steam Pro 12 on 12 kW ja sen h\u00f6yryntuotanto on 16 kg tunnissa.<\/p>\n<ul>\n<li>Suuremmat h\u00f6yry- ja viem\u00e4riaukot lis\u00e4mukavuuden ja suorituskyvyn parantamiseksi.<\/li>\n<li>Suunniteltu kest\u00e4m\u00e4\u00e4n monta vuotta k\u00e4ytt\u00f6\u00e4 ilman keskeytyksi\u00e4 ja v\u00e4h\u00e4isell\u00e4 huollolla ja yll\u00e4pidolla.<\/li>\n<li>Valmistelu valinnaisille ominaisuuksille, kuten apupuhaltimille ja tuoksuille.<\/li>\n<li>K\u00e4yt\u00e4 Pure- tai Elite Free -ohjauspaneelin kanssa. Elite Free -ohjauspaneelia k\u00e4ytt\u00e4m\u00e4ll\u00e4 voit k\u00e4tev\u00e4sti ohjata laitetta et\u00e4n\u00e4 mist\u00e4 tahansa ja milloin tahansa pilvipohjaisen palvelun kautta, k\u00e4ytt\u00e4en Helo-ohjaussovellusta.<\/li>\n<\/ul>\n<p>&nbsp;<\/p>\n<p>&nbsp;<\/p>\n<p><strong>Tekniset tiedot:<\/strong><\/p>\n<ul>\n<li>V\u00e4ri: Grafiitti<\/li>\n<li>Paino (kg): 12,3<\/li>\n<li>Teho (kW): 12<\/li>\n<li>Mitat (LxKxS): 635 x 390 x 160<\/li>\n<\/ul>\n<p>&nbsp;<\/p>\n<p>&nbsp;<\/p>\n<p><a href=\"https:\/\/factory.sale\/wp-content\/uploads\/2024\/01\/Helo-Steam-Pro-installation-user-guide.pdf\" target=\"_blank\" rel=\"noopener\">Helo Steam Pro ohjeet<\/a><\/p>\n    <div class=\"col-xl-3 col-6\">\n        <div class=\"product-card h-100\">\n            <div class=\"ratio ratio-4x3 overflow-hidden\">\n                <a href=\"https:\/\/factory.sale\/product\/electric-heater-himalaya-70-pure-helo-wt\/\">\n                    <img loading=\"lazy\" decoding=\"async\" width=\"750\" height=\"600\" src=\"https:\/\/factory.sale\/wp-content\/uploads\/2024\/01\/himalaya-1.png\" class=\"img-fluid object-fit-contain w-100 h-100\" alt=\"Electric heater Himalaya 70 Pure Helo-WT\" srcset=\"https:\/\/factory.sale\/wp-content\/uploads\/2024\/01\/himalaya-1.png 750w, https:\/\/factory.sale\/wp-content\/uploads\/2024\/01\/himalaya-1-300x240.png 300w, https:\/\/factory.sale\/wp-content\/uploads\/2024\/01\/himalaya-1-150x120.png 150w, https:\/\/factory.sale\/wp-content\/uploads\/2024\/01\/himalaya-1-600x480.png 600w\" sizes=\"auto, (max-width: 750px) 100vw, 750px\" \/>                <\/a>\n            <\/div>\n\n            <div class=\"px-xl-3 px-2 py-3 text-xl-start\">\n                <a class=\"product-title-link\" href=\"https:\/\/factory.sale\/product\/electric-heater-himalaya-70-pure-helo-wt\/\">\n                    <p class=\"d-none d-xl-block\">Electric heater Himalaya 70 Pure Helo-WT<\/p>\n                    <p class=\"d-xl-none\">Electric heater Himalaya 70 Pure Helo-WT<\/p>\n                <\/a>\n\n                <div class=\"price\">\n                                            <span class=\"new-price\"><span class=\"woocommerce-Price-amount amount\"><bdi><span class=\"woocommerce-Price-currencySymbol\">&euro;<\/span>1 156,50<\/bdi><\/span><\/span>\n                        <span class=\"old-price\"><span class=\"woocommerce-Price-amount amount\"><bdi><span class=\"woocommerce-Price-currencySymbol\">&euro;<\/span>1 235,00<\/bdi><\/span><\/span>\n                                    <\/div>\n\n                <div class=\"d-xl-grid d-none gap-4 d-xl-flex justify-content-start mt-2\">\n                    <button class=\"btn btn-product ajax-add-to-quote w-100 mt-1rem\"\n                            data-product-id=\"69186\">\n                        Add to quote\n                    <\/button>\n                <\/div>\n            <\/div>\n\n                            <div class=\"sale\">Sale -6%<\/div>\n                    <\/div>\n    <\/div>\n    \n<p><a href=\"https:\/\/factory.sale\/wp-content\/uploads\/2024\/01\/Warranty-policy.pdf\" target=\"_blank\" rel=\"noopener\">Takuu<\/a><\/p>\n","protected":false},"excerpt":{"rendered":"<p>Helo Steam Pro -generaattori est\u00e4\u00e4 automaattisesti ylikuumenemisen ja kuivak\u00e4ynnin. Se s\u00e4\u00e4st\u00e4\u00e4 aikaa huollossa ja seisokkeissa automaattisen huuhtelutoiminnon ansiosta. Lis\u00e4ksi on mahdollista ajaa useita yksik\u00f6it\u00e4 sarjakytkent\u00e4n\u00e4. Helo Steam Pro 12 on 12 kW ja sen h\u00f6yryntuotanto on 16 kg tunnissa.<\/p>\n","protected":false},"featured_media":69328,"comment_status":"open","ping_status":"closed","template":"","meta":{"_acf_changed":false},"factory":[],"free-shipment":[],"product_brand":[],"product_cat":[1334],"product_tag":[2106],"class_list":{"0":"post-70053","1":"product","2":"type-product","3":"status-publish","4":"has-post-thumbnail","6":"product_cat-saunatarvikkeet","7":"product_tag-sauna-fi","9":"first","10":"instock","11":"sale","12":"taxable","13":"shipping-taxable","14":"purchasable","15":"product-type-simple"},"acf":[],"_links":{"self":[{"href":"https:\/\/factory.sale\/fi\/wp-json\/wp\/v2\/product\/70053","targetHints":{"allow":["GET"]}}],"collection":[{"href":"https:\/\/factory.sale\/fi\/wp-json\/wp\/v2\/product"}],"about":[{"href":"https:\/\/factory.sale\/fi\/wp-json\/wp\/v2\/types\/product"}],"replies":[{"embeddable":true,"href":"https:\/\/factory.sale\/fi\/wp-json\/wp\/v2\/comments?post=70053"}],"wp:featuredmedia":[{"embeddable":true,"href":"https:\/\/factory.sale\/fi\/wp-json\/wp\/v2\/media\/69328"}],"wp:attachment":[{"href":"https:\/\/factory.sale\/fi\/wp-json\/wp\/v2\/media?parent=70053"}],"wp:term":[{"taxonomy":"factory","embeddable":true,"href":"https:\/\/factory.sale\/fi\/wp-json\/wp\/v2\/factory?post=70053"},{"taxonomy":"free-shipment","embeddable":true,"href":"https:\/\/factory.sale\/fi\/wp-json\/wp\/v2\/free-shipment?post=70053"},{"taxonomy":"product_brand","embeddable":true,"href":"https:\/\/factory.sale\/fi\/wp-json\/wp\/v2\/product_brand?post=70053"},{"taxonomy":"product_cat","embeddable":true,"href":"https:\/\/factory.sale\/fi\/wp-json\/wp\/v2\/product_cat?post=70053"},{"taxonomy":"product_tag","embeddable":true,"href":"https:\/\/factory.sale\/fi\/wp-json\/wp\/v2\/product_tag?post=70053"}],"curies":[{"name":"wp","href":"https:\/\/api.w.org\/{rel}","templated":true}]}}