{"id":70041,"date":"2024-01-26T11:26:19","date_gmt":"2024-01-26T11:40:17","guid":{"rendered":"https:\/\/factory.sale\/?post_type=product&#038;p=70041"},"modified":"2025-11-28T13:17:09","modified_gmt":"2025-11-28T10:17:09","slug":"helo-hoyrygeneraattori-steam-pro-95","status":"publish","type":"product","link":"https:\/\/factory.sale\/fi\/tuote\/helo-hoyrygeneraattori-steam-pro-95\/","title":{"rendered":"Helo h\u00f6yrygeneraattori Steam Pro 95"},"content":{"rendered":"<p><strong>Tuotekoodi:<\/strong> 002104<\/p>\n<p>&nbsp;<\/p>\n<p>Helo Steam Pro -generaattori est\u00e4\u00e4 automaattisesti ylikuumenemisen ja kuivak\u00e4ynnin. Se s\u00e4\u00e4st\u00e4\u00e4 aikaa huollossa ja seisokkeissa automaattisen huuhtelutoiminnon ansiosta. Lis\u00e4ksi on mahdollista ajaa useita yksik\u00f6it\u00e4 sarjakytkent\u00e4n\u00e4. Helo Steam Pro 95 on 9,5 kW ja sen h\u00f6yryntuotanto on 13 kg tunnissa.<\/p>\n<ul>\n<li>Suuremmat h\u00f6yry- ja viem\u00e4riaukot lis\u00e4mukavuuden ja suorituskyvyn parantamiseksi.<\/li>\n<li>Suunniteltu kest\u00e4m\u00e4\u00e4n monta vuotta k\u00e4ytt\u00f6\u00e4 ilman keskeytyksi\u00e4 ja v\u00e4h\u00e4isell\u00e4 huollolla ja yll\u00e4pidolla.<\/li>\n<li>Valmistelu valinnaisille ominaisuuksille, kuten apupuhaltimille ja tuoksuille.<\/li>\n<li>K\u00e4yt\u00e4 Pure- tai Elite Free -ohjauspaneelin kanssa. Elite Free -ohjauspaneelia k\u00e4ytt\u00e4m\u00e4ll\u00e4 voit k\u00e4tev\u00e4sti ohjata laitetta et\u00e4n\u00e4 mist\u00e4 tahansa ja milloin tahansa pilvipohjaisen palvelun kautta, k\u00e4ytt\u00e4en Helo-ohjaussovellusta.<\/li>\n<\/ul>\n<p>&nbsp;<\/p>\n<p>&nbsp;<\/p>\n<p><strong>Tekniset tiedot:<\/strong><\/p>\n<ul>\n<li>V\u00e4ri: Grafiitti<\/li>\n<li>Paino (kg): 12,3<\/li>\n<li>Teho (kW): 9,5<\/li>\n<li>Mitat (LxKxS): 635 x 390 x 160<\/li>\n<\/ul>\n<p>&nbsp;<\/p>\n<p>&nbsp;<\/p>\n<p><a href=\"https:\/\/factory.sale\/wp-content\/uploads\/2024\/01\/Helo-Steam-Pro-installation-user-guide.pdf\" target=\"_blank\" rel=\"noopener\">Helo Steam Pro ohjeet<\/a><\/p>\n<p><a href=\"https:\/\/factory.sale\/product\/electric-heater-himalaya-70-pure-helo-wt\/\" target=\"_blank\" rel=\"noopener\">AUTOMAATTINEN KATTILAN KALKINPOISTO<\/a><\/p>\n<p><a href=\"https:\/\/factory.sale\/wp-content\/uploads\/2024\/01\/Warranty-policy.pdf\" target=\"_blank\" rel=\"noopener\">Takuu<\/a><\/p>\n","protected":false},"excerpt":{"rendered":"<p>Helo Steam Pro -generaattori est\u00e4\u00e4 automaattisesti ylikuumenemisen ja kuivak\u00e4ynnin. Se s\u00e4\u00e4st\u00e4\u00e4 aikaa huollossa ja seisokkeissa automaattisen huuhtelutoiminnon ansiosta. Lis\u00e4ksi on mahdollista ajaa useita yksik\u00f6it\u00e4 sarjakytkent\u00e4n\u00e4. Helo Steam Pro 95 on 9,5 kW ja sen h\u00f6yryntuotanto on 13 kg tunnissa.<\/p>\n","protected":false},"featured_media":69328,"comment_status":"open","ping_status":"closed","template":"","meta":{"_acf_changed":false},"factory":[],"free-shipment":[],"product_brand":[],"product_cat":[1334],"product_tag":[2106],"class_list":{"0":"post-70041","1":"product","2":"type-product","3":"status-publish","4":"has-post-thumbnail","6":"product_cat-saunatarvikkeet","7":"product_tag-sauna-fi","9":"first","10":"instock","11":"sale","12":"taxable","13":"shipping-taxable","14":"purchasable","15":"product-type-simple"},"acf":[],"_links":{"self":[{"href":"https:\/\/factory.sale\/fi\/wp-json\/wp\/v2\/product\/70041","targetHints":{"allow":["GET"]}}],"collection":[{"href":"https:\/\/factory.sale\/fi\/wp-json\/wp\/v2\/product"}],"about":[{"href":"https:\/\/factory.sale\/fi\/wp-json\/wp\/v2\/types\/product"}],"replies":[{"embeddable":true,"href":"https:\/\/factory.sale\/fi\/wp-json\/wp\/v2\/comments?post=70041"}],"wp:featuredmedia":[{"embeddable":true,"href":"https:\/\/factory.sale\/fi\/wp-json\/wp\/v2\/media\/69328"}],"wp:attachment":[{"href":"https:\/\/factory.sale\/fi\/wp-json\/wp\/v2\/media?parent=70041"}],"wp:term":[{"taxonomy":"factory","embeddable":true,"href":"https:\/\/factory.sale\/fi\/wp-json\/wp\/v2\/factory?post=70041"},{"taxonomy":"free-shipment","embeddable":true,"href":"https:\/\/factory.sale\/fi\/wp-json\/wp\/v2\/free-shipment?post=70041"},{"taxonomy":"product_brand","embeddable":true,"href":"https:\/\/factory.sale\/fi\/wp-json\/wp\/v2\/product_brand?post=70041"},{"taxonomy":"product_cat","embeddable":true,"href":"https:\/\/factory.sale\/fi\/wp-json\/wp\/v2\/product_cat?post=70041"},{"taxonomy":"product_tag","embeddable":true,"href":"https:\/\/factory.sale\/fi\/wp-json\/wp\/v2\/product_tag?post=70041"}],"curies":[{"name":"wp","href":"https:\/\/api.w.org\/{rel}","templated":true}]}}