{"id":69200,"date":"2024-01-24T14:27:58","date_gmt":"2024-01-24T14:40:36","guid":{"rendered":"https:\/\/factory.sale\/?post_type=product&#038;p=69200"},"modified":"2025-11-28T13:17:40","modified_gmt":"2025-11-28T10:17:40","slug":"sahkokiuas-himalaya-70-pure-helo-wt","status":"publish","type":"product","link":"https:\/\/factory.sale\/fi\/tuote\/sahkokiuas-himalaya-70-pure-helo-wt\/","title":{"rendered":"S\u00e4hk\u00f6kiuas Himalaya 70 Pure Helo-WT"},"content":{"rendered":"<p><strong>Tuotekoodi:<\/strong> 001930<\/p>\n<p>&nbsp;<\/p>\n<p>&nbsp;<\/p>\n<p>Himalayassa on vesis\u00e4ili\u00f6, jossa on nerokas Helo-WT-teknologia, joka kosteuttaa saunahuoneen samalla kun kiuas l\u00e4mmitt\u00e4\u00e4 huonetta. Vaikuttava 100 kilogrammaa kivi\u00e4 ja houkutteleva 103 cm korkea Himalaya-kiuas on saatavilla mattamustana tai kromina. Himalaya voidaan asentaa lattialle nurkkaan tai sein\u00e4\u00e4 vasten tai kiinnitt\u00e4\u00e4 saunan penkkeihin ter\u00e4s- tai lasikauluksella. Ter\u00e4skaulus on saatavilla kromi- tai mustana v\u00e4risen\u00e4, jotta se sopisi kiukaan v\u00e4riin. Elite-ohjauspaneeli sis\u00e4ltyy.<\/p>\n<p>\u2022 Helo-WT-teknologia monenlaisiin saunaterapioihin yhdess\u00e4 kauniissa ratkaisussa<br \/>\n\u2022 Vankka 100 kiloa saunakivi\u00e4 aitoon saunatunnelmaan<br \/>\n\u2022 Saatavilla mustana tai kromina<\/p>\n<p>&nbsp;<\/p>\n<p><strong>Tekniset tiedot:<\/strong><\/p>\n<ul>\n<li>V\u00e4ri: MUSTA<\/li>\n<li>Paino (kg): 11.0<\/li>\n<li>Kivien m\u00e4\u00e4r\u00e4 (kg): 100<\/li>\n<li>Teho (kW): 6,8<\/li>\n<li>Mitat (LxKxS): 330 x 1030 x 330<\/li>\n<li>Saunan koko (m\u00b3): 5-9<\/li>\n<li>Turvaet\u00e4isyys, takana: 60<\/li>\n<li>Turvaet\u00e4isyys, yl\u00e4puolella: 870<\/li>\n<li>Turvaet\u00e4isyys, sivulla: 60<\/li>\n<li>Turvaet\u00e4isyys, edess\u00e4: 60<\/li>\n<\/ul>\n<p>&nbsp;<\/p>\n<p>&nbsp;<\/p>\n<p>&nbsp;<\/p>\n<p><a href=\"https:\/\/factory.sale\/wp-content\/uploads\/2024\/01\/Himalaya-Pure-Installation-manual-and-user-guide.pdf\" target=\"_blank\" rel=\"noopener\">Himalaya Pure &#8211; ohjeet<\/a><\/p>\n<p><a href=\"https:\/\/factory.sale\/wp-content\/uploads\/2024\/01\/Himalaya-Heater-Guard-Installation-manual-and-user-guide-1.pdf\" target=\"_blank\" rel=\"noopener\">Himalaya &#8211; Heater Guard &#8211; ohjeet<\/a><\/p>\n<p><a href=\"https:\/\/factory.sale\/wp-content\/uploads\/2024\/01\/Warranty-policy.pdf\" target=\"_blank\" rel=\"noopener\">Takuu<\/a><\/p>\n","protected":false},"excerpt":{"rendered":"<p>Himalayassa on vesis\u00e4ili\u00f6, jossa on nerokas Helo-WT-teknologia, joka kosteuttaa saunahuoneen samalla kun kiuas l\u00e4mmitt\u00e4\u00e4 huonetta. Vaikuttava 100 kilogrammaa kivi\u00e4 ja houkutteleva 103 cm korkea Himalaya-kiuas on saatavilla mattamustana tai kromina. Himalaya voidaan asentaa lattialle nurkkaan tai sein\u00e4\u00e4 vasten tai kiinnitt\u00e4\u00e4 saunan penkkeihin ter\u00e4s- tai lasikauluksella. Ter\u00e4skaulus on saatavilla kromi- tai mustana v\u00e4risen\u00e4, jotta se sopisi kiukaan v\u00e4riin. Elite-ohjauspaneeli sis\u00e4ltyy.<\/p>\n","protected":false},"featured_media":69048,"comment_status":"open","ping_status":"closed","template":"","meta":{"_acf_changed":false},"factory":[],"free-shipment":[],"product_brand":[],"product_cat":[2639,484],"product_tag":[2106],"class_list":{"0":"post-69200","1":"product","2":"type-product","3":"status-publish","4":"has-post-thumbnail","6":"product_cat-helo-fi","7":"product_cat-saunan-kiukaat","8":"product_tag-sauna-fi","10":"first","11":"instock","12":"sale","13":"taxable","14":"shipping-taxable","15":"purchasable","16":"product-type-simple"},"acf":[],"_links":{"self":[{"href":"https:\/\/factory.sale\/fi\/wp-json\/wp\/v2\/product\/69200","targetHints":{"allow":["GET"]}}],"collection":[{"href":"https:\/\/factory.sale\/fi\/wp-json\/wp\/v2\/product"}],"about":[{"href":"https:\/\/factory.sale\/fi\/wp-json\/wp\/v2\/types\/product"}],"replies":[{"embeddable":true,"href":"https:\/\/factory.sale\/fi\/wp-json\/wp\/v2\/comments?post=69200"}],"wp:featuredmedia":[{"embeddable":true,"href":"https:\/\/factory.sale\/fi\/wp-json\/wp\/v2\/media\/69048"}],"wp:attachment":[{"href":"https:\/\/factory.sale\/fi\/wp-json\/wp\/v2\/media?parent=69200"}],"wp:term":[{"taxonomy":"factory","embeddable":true,"href":"https:\/\/factory.sale\/fi\/wp-json\/wp\/v2\/factory?post=69200"},{"taxonomy":"free-shipment","embeddable":true,"href":"https:\/\/factory.sale\/fi\/wp-json\/wp\/v2\/free-shipment?post=69200"},{"taxonomy":"product_brand","embeddable":true,"href":"https:\/\/factory.sale\/fi\/wp-json\/wp\/v2\/product_brand?post=69200"},{"taxonomy":"product_cat","embeddable":true,"href":"https:\/\/factory.sale\/fi\/wp-json\/wp\/v2\/product_cat?post=69200"},{"taxonomy":"product_tag","embeddable":true,"href":"https:\/\/factory.sale\/fi\/wp-json\/wp\/v2\/product_tag?post=69200"}],"curies":[{"name":"wp","href":"https:\/\/api.w.org\/{rel}","templated":true}]}}