{"id":69039,"date":"2024-01-24T09:05:56","date_gmt":"2024-01-24T09:09:57","guid":{"rendered":"https:\/\/factory.sale\/?post_type=product&#038;p=69039"},"modified":"2025-11-28T13:17:41","modified_gmt":"2025-11-28T10:17:41","slug":"helo-kontaktorikotelo-we-54","status":"publish","type":"product","link":"https:\/\/factory.sale\/fi\/tuote\/helo-kontaktorikotelo-we-54\/","title":{"rendered":"Helo kontaktorikotelo WE 54"},"content":{"rendered":"<p><strong>Tuotekoodi:<\/strong> 001355<\/p>\n<p>&nbsp;<\/p>\n<p>Miksi tyyty\u00e4 v\u00e4hemp\u00e4\u00e4n saunael\u00e4myksiss\u00e4? Nauti infrapunal\u00e4mm\u00f6st\u00e4 perinteisess\u00e4 Helo-saunassa! Infrapunal\u00e4mp\u00f6 tukee hyvinvointiasi, t\u00e4ydent\u00e4\u00e4 perinteist\u00e4 saunaa ja tarjoaa vaihtoehdon. Nyt voit k\u00e4ytt\u00e4\u00e4 sek\u00e4 infrapunapaneelit ett\u00e4 kiukaan Elite Free -ohjauskeskuksen kautta. Kotik\u00e4yt\u00f6ss\u00e4 voit nauttia infrapunasaunasta, kun ostat t\u00e4m\u00e4n kontaktorikotelon WE 54, lis\u00e4ksi haluamasi v\u00e4rin infrapunapaneelit ja Rocher-, Himalaya- tai Roxx-s\u00e4hk\u00f6kiukaan, joka sis\u00e4lt\u00e4\u00e4 Elite Free -ohjauskeskuksen.<\/p>\n<p>&nbsp;<\/p>\n<p><strong>Tekniset tiedot:<\/strong><\/p>\n<p>Mitat (LxKxS): 190 x 160 x 85<\/p>\n<p>&nbsp;<\/p>\n<p>&nbsp;<\/p>\n<p><a href=\"https:\/\/factory.sale\/wp-content\/uploads\/2024\/01\/WE-54-Additional-instructions-for-the-IR-panel.pdf\" target=\"_blank\" rel=\"noopener\">WE 54 ohjeet<\/a><\/p>\n<p><a href=\"https:\/\/factory.sale\/wp-content\/uploads\/2024\/01\/Warranty-policy-1.pdf\" target=\"_blank\" rel=\"noopener\">Takuu<\/a><\/p>\n","protected":false},"excerpt":{"rendered":"<p>Miksi tyyty\u00e4 v\u00e4hemp\u00e4\u00e4n saunael\u00e4myksiss\u00e4? Nauti infrapunal\u00e4mm\u00f6st\u00e4 perinteisess\u00e4 Helo-saunassa! Infrapunal\u00e4mp\u00f6 tukee hyvinvointiasi, t\u00e4ydent\u00e4\u00e4 perinteist\u00e4 saunaa ja tarjoaa vaihtoehdon. Nyt voit k\u00e4ytt\u00e4\u00e4 sek\u00e4 infrapunapaneelit ett\u00e4 kiukaan Elite Free -ohjauskeskuksen kautta. Kotik\u00e4yt\u00f6ss\u00e4 voit nauttia infrapunasaunasta, kun ostat t\u00e4m\u00e4n kontaktorikotelon WE 54, lis\u00e4ksi haluamasi v\u00e4rin infrapunapaneelit ja Rocher-, Himalaya- tai Roxx-s\u00e4hk\u00f6kiukaan, joka sis\u00e4lt\u00e4\u00e4 Elite Free -ohjauskeskuksen.<\/p>\n","protected":false},"featured_media":69036,"comment_status":"open","ping_status":"closed","template":"","meta":{"_acf_changed":false},"factory":[],"free-shipment":[],"product_brand":[],"product_cat":[1334],"product_tag":[2106],"class_list":{"0":"post-69039","1":"product","2":"type-product","3":"status-publish","4":"has-post-thumbnail","6":"product_cat-saunatarvikkeet","7":"product_tag-sauna-fi","9":"first","10":"instock","11":"sale","12":"taxable","13":"shipping-taxable","14":"purchasable","15":"product-type-simple"},"acf":[],"_links":{"self":[{"href":"https:\/\/factory.sale\/fi\/wp-json\/wp\/v2\/product\/69039","targetHints":{"allow":["GET"]}}],"collection":[{"href":"https:\/\/factory.sale\/fi\/wp-json\/wp\/v2\/product"}],"about":[{"href":"https:\/\/factory.sale\/fi\/wp-json\/wp\/v2\/types\/product"}],"replies":[{"embeddable":true,"href":"https:\/\/factory.sale\/fi\/wp-json\/wp\/v2\/comments?post=69039"}],"wp:featuredmedia":[{"embeddable":true,"href":"https:\/\/factory.sale\/fi\/wp-json\/wp\/v2\/media\/69036"}],"wp:attachment":[{"href":"https:\/\/factory.sale\/fi\/wp-json\/wp\/v2\/media?parent=69039"}],"wp:term":[{"taxonomy":"factory","embeddable":true,"href":"https:\/\/factory.sale\/fi\/wp-json\/wp\/v2\/factory?post=69039"},{"taxonomy":"free-shipment","embeddable":true,"href":"https:\/\/factory.sale\/fi\/wp-json\/wp\/v2\/free-shipment?post=69039"},{"taxonomy":"product_brand","embeddable":true,"href":"https:\/\/factory.sale\/fi\/wp-json\/wp\/v2\/product_brand?post=69039"},{"taxonomy":"product_cat","embeddable":true,"href":"https:\/\/factory.sale\/fi\/wp-json\/wp\/v2\/product_cat?post=69039"},{"taxonomy":"product_tag","embeddable":true,"href":"https:\/\/factory.sale\/fi\/wp-json\/wp\/v2\/product_tag?post=69039"}],"curies":[{"name":"wp","href":"https:\/\/api.w.org\/{rel}","templated":true}]}}