{"id":68884,"date":"2024-01-23T22:28:26","date_gmt":"2024-01-23T22:33:16","guid":{"rendered":"https:\/\/factory.sale\/?post_type=product&#038;p=68884"},"modified":"2025-11-28T13:17:42","modified_gmt":"2025-11-28T10:17:42","slug":"helo-kontaktorikotelo-we-52","status":"publish","type":"product","link":"https:\/\/factory.sale\/fi\/tuote\/helo-kontaktorikotelo-we-52\/","title":{"rendered":"Helo kontaktorikotelo WE 52"},"content":{"rendered":"<p><strong>Tuotekoodi:<\/strong> 001351<\/p>\n<p>&nbsp;<\/p>\n<p>T\u00e4m\u00e4 kontaktorikotelo WE 52 on tarkoitettu Norjan ja Belgian markkinoille, 230-240V 3~ j\u00e4nnitteelle. SKLA-mallit 181, 210, 260 ja Magma-mallit 181, 210, 260.<\/p>\n<p>&nbsp;<\/p>\n<p><strong>Tekniset tiedot:<\/strong><\/p>\n<ul>\n<li>V\u00e4ri: Musta<\/li>\n<li>Paino (kg): 6.6<\/li>\n<li>Mitat (LxKxS): 387 x 130 x 320<\/li>\n<\/ul>\n<p>&nbsp;<\/p>\n<p>&nbsp;<\/p>\n<p><a href=\"https:\/\/factory.sale\/wp-content\/uploads\/2024\/01\/Installation-and-user-manual-WE50.pdf\" target=\"_blank\" rel=\"noopener\">Ohjeet WE50<\/a><\/p>\n<p><a href=\"https:\/\/factory.sale\/wp-content\/uploads\/2024\/01\/Warranty-policy-1.pdf\" target=\"_blank\" rel=\"noopener\">Takuu<\/a><\/p>\n","protected":false},"excerpt":{"rendered":"<p>T\u00e4m\u00e4 kontaktorikotelo WE 52 on tarkoitettu Norjan ja Belgian markkinoille, 230-240V 3~ j\u00e4nnitteelle. SKLA-mallit 181, 210, 260 ja Magma-mallit 181, 210, 260.<\/p>\n","protected":false},"featured_media":68871,"comment_status":"open","ping_status":"closed","template":"","meta":{"_acf_changed":false},"factory":[],"free-shipment":[],"product_brand":[],"product_cat":[1027],"product_tag":[809],"class_list":{"0":"post-68884","1":"product","2":"type-product","3":"status-publish","4":"has-post-thumbnail","6":"product_cat-sauna-accessories-2","7":"product_tag-sauna","9":"first","10":"instock","11":"sale","12":"taxable","13":"shipping-taxable","14":"purchasable","15":"product-type-simple"},"acf":[],"_links":{"self":[{"href":"https:\/\/factory.sale\/fi\/wp-json\/wp\/v2\/product\/68884","targetHints":{"allow":["GET"]}}],"collection":[{"href":"https:\/\/factory.sale\/fi\/wp-json\/wp\/v2\/product"}],"about":[{"href":"https:\/\/factory.sale\/fi\/wp-json\/wp\/v2\/types\/product"}],"replies":[{"embeddable":true,"href":"https:\/\/factory.sale\/fi\/wp-json\/wp\/v2\/comments?post=68884"}],"wp:featuredmedia":[{"embeddable":true,"href":"https:\/\/factory.sale\/fi\/wp-json\/wp\/v2\/media\/68871"}],"wp:attachment":[{"href":"https:\/\/factory.sale\/fi\/wp-json\/wp\/v2\/media?parent=68884"}],"wp:term":[{"taxonomy":"factory","embeddable":true,"href":"https:\/\/factory.sale\/fi\/wp-json\/wp\/v2\/factory?post=68884"},{"taxonomy":"free-shipment","embeddable":true,"href":"https:\/\/factory.sale\/fi\/wp-json\/wp\/v2\/free-shipment?post=68884"},{"taxonomy":"product_brand","embeddable":true,"href":"https:\/\/factory.sale\/fi\/wp-json\/wp\/v2\/product_brand?post=68884"},{"taxonomy":"product_cat","embeddable":true,"href":"https:\/\/factory.sale\/fi\/wp-json\/wp\/v2\/product_cat?post=68884"},{"taxonomy":"product_tag","embeddable":true,"href":"https:\/\/factory.sale\/fi\/wp-json\/wp\/v2\/product_tag?post=68884"}],"curies":[{"name":"wp","href":"https:\/\/api.w.org\/{rel}","templated":true}]}}