{"id":68857,"date":"2024-01-23T22:01:47","date_gmt":"2024-01-23T22:07:13","guid":{"rendered":"https:\/\/factory.sale\/?post_type=product&#038;p=68857"},"modified":"2025-11-28T13:17:43","modified_gmt":"2025-11-28T10:17:43","slug":"helo-kontaktorikotelo-we-30-low","status":"publish","type":"product","link":"https:\/\/factory.sale\/fi\/tuote\/helo-kontaktorikotelo-we-30-low\/","title":{"rendered":"Helo kontaktorikotelo WE 30 Low"},"content":{"rendered":"<p><strong>Tuotekoodi:<\/strong> 001343<\/p>\n<p>&nbsp;<\/p>\n<p>Uusi Helon kontaktorikotelo WE30 on kehitetty saumattomaan yhteisty\u00f6h\u00f6n Elite Free tai Pure -ohjauspaneelien kanssa ja jopa 9 kW:n s\u00e4hk\u00f6kiukaiden kanssa. Uusi WE30 on pienikokoinen ja hiljainen. Hiljainen malli takaa miellytt\u00e4v\u00e4mm\u00e4n saunakokemuksen, ja pieni koko mahdollistaa sen siistin asentamisen saunahuoneen ymp\u00e4rist\u00f6\u00f6n. Tarkoitettu Elite Free ja Pure -ohjauspaneeleille. Ohjauspaneelit myyd\u00e4\u00e4n erikseen. Yhteensopiva sein\u00e4kiinnitteisten kiukaiden kanssa: CUP D, Vienna D, Havanna D ja Hanko D.<\/p>\n<p>&nbsp;<\/p>\n<p>&nbsp;<\/p>\n<p><strong>Tekniset tiedot:<\/strong><\/p>\n<ul>\n<li>V\u00e4ri: Alutsinkki<\/li>\n<li>Paino (kg): 2.8<\/li>\n<li>Teho (kW): 9.0<\/li>\n<li>Mitat (LxKxS): 205 x 90 x 315<\/li>\n<\/ul>\n<p>&nbsp;<\/p>\n<p>&nbsp;<\/p>\n<p>&nbsp;<\/p>\n<p><a href=\"https:\/\/factory.sale\/wp-content\/uploads\/2024\/01\/Contactor-Box-WE-30-Multilanguage.pdf\" target=\"_blank\" rel=\"noopener\">Kontaktorikotelo WE 30 &#8211; K\u00e4ytt\u00f6ohje<\/a><\/p>\n","protected":false},"excerpt":{"rendered":"<p>Uusi Helon kontaktorikotelo WE30 on kehitetty saumattomaan yhteisty\u00f6h\u00f6n Elite Free tai Pure -ohjauspaneelien kanssa ja jopa 9 kW:n s\u00e4hk\u00f6kiukaiden kanssa. Uusi WE30 on pienikokoinen ja hiljainen. Hiljainen malli takaa miellytt\u00e4v\u00e4mm\u00e4n saunakokemuksen, ja pieni koko mahdollistaa sen siistin asentamisen saunahuoneen ymp\u00e4rist\u00f6\u00f6n. Tarkoitettu Elite Free ja Pure -ohjauspaneeleille. Ohjauspaneelit myyd\u00e4\u00e4n erikseen. Yhteensopiva sein\u00e4kiinnitteisten kiukaiden kanssa: CUP D, Vienna D, Havanna D ja Hanko D.<\/p>\n","protected":false},"featured_media":68854,"comment_status":"open","ping_status":"closed","template":"","meta":{"_acf_changed":false},"factory":[],"free-shipment":[],"product_brand":[],"product_cat":[2639,484],"product_tag":[2106],"class_list":{"0":"post-68857","1":"product","2":"type-product","3":"status-publish","4":"has-post-thumbnail","6":"product_cat-helo-fi","7":"product_cat-saunan-kiukaat","8":"product_tag-sauna-fi","10":"first","11":"instock","12":"sale","13":"taxable","14":"shipping-taxable","15":"purchasable","16":"product-type-simple"},"acf":[],"_links":{"self":[{"href":"https:\/\/factory.sale\/fi\/wp-json\/wp\/v2\/product\/68857","targetHints":{"allow":["GET"]}}],"collection":[{"href":"https:\/\/factory.sale\/fi\/wp-json\/wp\/v2\/product"}],"about":[{"href":"https:\/\/factory.sale\/fi\/wp-json\/wp\/v2\/types\/product"}],"replies":[{"embeddable":true,"href":"https:\/\/factory.sale\/fi\/wp-json\/wp\/v2\/comments?post=68857"}],"wp:featuredmedia":[{"embeddable":true,"href":"https:\/\/factory.sale\/fi\/wp-json\/wp\/v2\/media\/68854"}],"wp:attachment":[{"href":"https:\/\/factory.sale\/fi\/wp-json\/wp\/v2\/media?parent=68857"}],"wp:term":[{"taxonomy":"factory","embeddable":true,"href":"https:\/\/factory.sale\/fi\/wp-json\/wp\/v2\/factory?post=68857"},{"taxonomy":"free-shipment","embeddable":true,"href":"https:\/\/factory.sale\/fi\/wp-json\/wp\/v2\/free-shipment?post=68857"},{"taxonomy":"product_brand","embeddable":true,"href":"https:\/\/factory.sale\/fi\/wp-json\/wp\/v2\/product_brand?post=68857"},{"taxonomy":"product_cat","embeddable":true,"href":"https:\/\/factory.sale\/fi\/wp-json\/wp\/v2\/product_cat?post=68857"},{"taxonomy":"product_tag","embeddable":true,"href":"https:\/\/factory.sale\/fi\/wp-json\/wp\/v2\/product_tag?post=68857"}],"curies":[{"name":"wp","href":"https:\/\/api.w.org\/{rel}","templated":true}]}}