{"id":6881,"date":"2021-03-31T13:06:42","date_gmt":"2021-03-31T13:06:42","guid":{"rendered":"https:\/\/factory.sale\/product\/huum-uku-local-controller\/"},"modified":"2026-03-05T16:54:58","modified_gmt":"2026-03-05T13:54:58","slug":"huum-uku-paikallinen-ohjain","status":"publish","type":"product","link":"https:\/\/factory.sale\/fi\/tuote\/huum-uku-paikallinen-ohjain\/","title":{"rendered":"HUUM UKU 4.2 Paikallinen ohjain"},"content":{"rendered":"<h2><span style=\"font-size: 14pt;\">HUUM UKU 4.2 Paikallinen ohjain<\/span><\/h2>\n<p>HUUM UKU paikallissaunas\u00e4\u00e4din tekee saunan l\u00e4mmitt\u00e4misest\u00e4 helppoa ja mukavaa. UKU:ssa on useita turva- ja lis\u00e4ominaisuuksia miellytt\u00e4v\u00e4n saunakokemuksen takaamiseksi. Sit\u00e4 voidaan k\u00e4ytt\u00e4\u00e4 eri valmistajien l\u00e4mmittimien kanssa. Jos et ole kiinnostunut l\u00e4mmitt\u00e4m\u00e4\u00e4n saunaasi puhelimella, UKU Local voi olla sinulle oikea valinta.<\/p>\n<p>Ohjain<\/p>\n<ul>\n<li>L\u00e4mp\u00f6tilat 40-110 \u00baC<\/li>\n<li>L\u00e4mmittimille 18 kW asti<\/li>\n<li>Sy\u00f6tt\u00f6j\u00e4nnite 400 V 3N; 230 V 1N<\/li>\n<li>L\u00e4mmitysaika 3h; 8h; 12h<\/li>\n<li>EAN: 4744103013326<\/li>\n<\/ul>\n<p>Setti si\u00e4lt\u00e4\u00e4:<\/p>\n<ul class=\"normal\">\n<li>Ohjauskonsoli (105 x 55 x 22 mm)<\/li>\n<li>Ohjauskonsolin kaapeli (3 m; 4 x 0,34 mm\u00b2)<\/li>\n<li>P\u00e4\u00e4moduuli (250 x 175 x 75 mm)<\/li>\n<li>L\u00e4mp\u00f6sensori<\/li>\n<li>Oven anturi<\/li>\n<li>L\u00e4mp\u00f6tila-\/ovianturin kaapeli (5 + 5m; 2 x 0,22 mm\u00b2)<\/li>\n<\/ul>\n<p>T\u00e4rkeimm\u00e4t ominaisuudet:<\/p>\n<ul>\n<li>Sopii s\u00e4hk\u00f6kiukaille, joiden teho on enint\u00e4\u00e4n 18 kW<\/li>\n<li>Yhteensopiva eri valmistajien kiukaiden kanssa<\/li>\n<li>Tavoitel\u00e4mp\u00f6tila v\u00e4lill\u00e4 40\u2013110 \u00b0C<\/li>\n<li>Ajastin l\u00e4mmityksen aloitusajan ja keston s\u00e4\u00e4t\u00e4miseen<\/li>\n<li>Liitett\u00e4viss\u00e4 valaistukseen, ilmanvaihtoon ja h\u00f6yrystimeen<\/li>\n<li>Ylikuumenemissuoja<\/li>\n<li>Lapsilukko<\/li>\n<li>Oven anturi<\/li>\n<li>Tyylikk\u00e4iden ohjauspaneelien valikoima<\/li>\n<li>Hallittavissa sein\u00e4\u00e4n kiinnitett\u00e4v\u00e4st\u00e4 ohjauspaneelista<\/li>\n<\/ul>\n<p>Ohjausj\u00e4rjestelm\u00e4n pakettiin kuuluu mustasta muovista valmistettu CLASSIC Black -kaukos\u00e4\u00e4din. Jos haluat erimallisen kaukos\u00e4\u00e4timen, voit ostaa sen erikseen.<\/p>\n<p>UKU tulee lasi-, puu- ja eriv\u00e4risiss\u00e4 muovikoteloissa. Puukotelot on valmistettu k\u00e4sin l\u00e4mp\u00f6k\u00e4sitellyst\u00e4 tuhkasta.<\/p>\n<p>Voit valita eri v\u00e4reist\u00e4:\u00a0<a href=\"https:\/\/factory.sale\/fi\/tuote\/huum-uku-classic%E2%80%A6auspaneeli-musta\/\" target=\"_blank\" rel=\"noopener\">klassinen musta<\/a> (muovi),\u00a0<a href=\"https:\/\/factory.sale\/fi\/tuote\/huum-uku-wood-saunan-ohjauspaneeli\/\" target=\"_blank\" rel=\"noopener\">puu<\/a>,\u00a0<a href=\"https:\/\/factory.sale\/fi\/tuote\/huum-uku-glass-ohjauspaneeli-musta\/\" target=\"_blank\" rel=\"noopener\">lasi musta<\/a>,\u00a0<a href=\"https:\/\/factory.sale\/fi\/tuote\/huum-uku-glass-o%E2%80%A6neeli-peiliaisin\/\" target=\"_blank\" rel=\"noopener\">lasi peili<\/a>\u00a0tai\u00a0<a href=\"https:\/\/factory.sale\/fi\/tuote\/huum-uku-glass-o%E2%80%A6aneeli-kultainen\/\" target=\"_blank\" rel=\"noopener\">lasi kulta<\/a>.<\/p>\n<p>&nbsp;<\/p>\n<div class=\"video-wrapper \"><iframe loading=\"lazy\" title=\"UKU INTRODUCTION\" width=\"500\" height=\"281\" src=\"https:\/\/www.youtube.com\/embed\/qGxgJDDF6XE?feature=oembed\" frameborder=\"0\" allow=\"accelerometer; autoplay; clipboard-write; encrypted-media; gyroscope; picture-in-picture; web-share\" referrerpolicy=\"strict-origin-when-cross-origin\" allowfullscreen><\/iframe><\/div>\n<p>&nbsp;<\/p>\n<p><a title=\"Avaa video uudessa v\u00e4lilehdess\u00e4\" href=\"https:\/\/www.youtube.com\/watch?v=qGxgJDDF6XE\" target=\"_blank\" rel=\"noopener\">Avaa video uudessa v\u00e4lilehdess\u00e4<\/a><\/p>\n","protected":false},"excerpt":{"rendered":"<p>HUUM UKU paikallissaunas\u00e4\u00e4din tekee saunan l\u00e4mmitt\u00e4misest\u00e4 helppoa ja mukavaa. UKU:ssa on useita turva- ja lis\u00e4ominaisuuksia miellytt\u00e4v\u00e4n saunakokemuksen takaamiseksi. Sit\u00e4 voidaan k\u00e4ytt\u00e4\u00e4 eri valmistajien l\u00e4mmittimien kanssa. Jos et ole kiinnostunut l\u00e4mmitt\u00e4m\u00e4\u00e4n saunaasi puhelimella, UKU Local voi olla sinulle oikea valinta.<\/p>\n","protected":false},"featured_media":98871,"comment_status":"open","ping_status":"closed","template":"","meta":{"_acf_changed":false},"factory":[],"free-shipment":[5019],"product_brand":[4433],"product_cat":[2008,1121,1346],"product_tag":[861,860,870,871,859,872,873],"class_list":{"0":"post-6881","1":"product","2":"type-product","3":"status-publish","4":"has-post-thumbnail","6":"free-shipment-ilmainen-toimitus","7":"product_brand-huum-fi","8":"product_cat-huum-fi-2","9":"product_cat-saniteetti","10":"product_cat-ohjauspaneeli","11":"product_tag-cliff-fi","12":"product_tag-hive-fi","13":"product_tag-hive-heat-fi","14":"product_tag-hive-wood-fi","15":"product_tag-huum-fi","16":"product_tag-steel-fi","17":"product_tag-uku-local-fi","19":"first","20":"instock","21":"sale","22":"taxable","23":"shipping-taxable","24":"purchasable","25":"product-type-simple"},"acf":[],"_links":{"self":[{"href":"https:\/\/factory.sale\/fi\/wp-json\/wp\/v2\/product\/6881","targetHints":{"allow":["GET"]}}],"collection":[{"href":"https:\/\/factory.sale\/fi\/wp-json\/wp\/v2\/product"}],"about":[{"href":"https:\/\/factory.sale\/fi\/wp-json\/wp\/v2\/types\/product"}],"replies":[{"embeddable":true,"href":"https:\/\/factory.sale\/fi\/wp-json\/wp\/v2\/comments?post=6881"}],"wp:featuredmedia":[{"embeddable":true,"href":"https:\/\/factory.sale\/fi\/wp-json\/wp\/v2\/media\/98871"}],"wp:attachment":[{"href":"https:\/\/factory.sale\/fi\/wp-json\/wp\/v2\/media?parent=6881"}],"wp:term":[{"taxonomy":"factory","embeddable":true,"href":"https:\/\/factory.sale\/fi\/wp-json\/wp\/v2\/factory?post=6881"},{"taxonomy":"free-shipment","embeddable":true,"href":"https:\/\/factory.sale\/fi\/wp-json\/wp\/v2\/free-shipment?post=6881"},{"taxonomy":"product_brand","embeddable":true,"href":"https:\/\/factory.sale\/fi\/wp-json\/wp\/v2\/product_brand?post=6881"},{"taxonomy":"product_cat","embeddable":true,"href":"https:\/\/factory.sale\/fi\/wp-json\/wp\/v2\/product_cat?post=6881"},{"taxonomy":"product_tag","embeddable":true,"href":"https:\/\/factory.sale\/fi\/wp-json\/wp\/v2\/product_tag?post=6881"}],"curies":[{"name":"wp","href":"https:\/\/api.w.org\/{rel}","templated":true}]}}