{"id":6873,"date":"2021-03-30T12:10:39","date_gmt":"2021-03-30T12:10:39","guid":{"rendered":"https:\/\/factory.sale\/product\/huum-steel-heater\/"},"modified":"2026-03-05T16:45:53","modified_gmt":"2026-03-05T13:45:53","slug":"huum-steel-lammitin-mini-35-kw","status":"publish","type":"product","link":"https:\/\/factory.sale\/fi\/tuote\/huum-steel-lammitin-mini-35-kw\/","title":{"rendered":"S\u00e4hk\u00f6kiuas HUUM Steel Mini 4 KW"},"content":{"rendered":"<p>HUUM STEEL Mini-s\u00e4hk\u00f6kiuas on tyylik\u00e4s valinta moderniin kotisaunaan. Ruostumattomasta ter\u00e4ksest\u00e4 valmistetun rungon selke\u00e4t linjat ja kivien muodostama n\u00e4ytt\u00e4v\u00e4 kokonaisuus antavat saunalle luonnetta. Pienet suojaet\u00e4isyydet tekev\u00e4t STEEL-kiukaasta sopivan my\u00f6s pienempiin saunoihin. Kiukaan kapea muoto ei kuitenkaan v\u00e4henn\u00e4 sen tehokkuutta. Sis\u00e4inen ilmakanava takaa tehokkaan ilmankierron ja nopeuttaa kiukaan l\u00e4mpe\u00e4mist\u00e4. Lis\u00e4ksi ilmakanava suojaa l\u00e4mmityselementtej\u00e4 ja pident\u00e4\u00e4 niiden k\u00e4ytt\u00f6ik\u00e4\u00e4. Kiuas on valmistettu kest\u00e4v\u00e4st\u00e4 ruostumattomasta ter\u00e4ksest\u00e4. Suuri kivim\u00e4\u00e4r\u00e4 takaa pehme\u00e4t ja pitk\u00e4kestoiset l\u00f6ylyt rentouttavaa saunael\u00e4myst\u00e4 varten.<\/p>\n<p>Suosittelemme asentamaan kiukaaseen suojakaiteen \u2013 joko HUUMin suojakaiteen tai mittatilausty\u00f6n\u00e4 valmistetun suojakaiteen, jotta saunassa olisi enemm\u00e4n turvallisuutta ja mukavuutta.<\/p>\n<p>Oikean kokoinen kiuas = t\u00e4ydellinen sauna! K\u00e4yt\u00e4 <a href=\"https:\/\/huum.eu\/calculator\/\" target=\"_blank\" rel=\"noopener\">saunalaskuriamme<\/a> l\u00f6yt\u00e4\u00e4ksesi ihanteellisen tehon.<\/p>\n<p><strong>Setti sis\u00e4lt\u00e4\u00e4:<\/strong><\/p>\n<ul>\n<li>s\u00e4hk\u00f6kiuas<\/li>\n<li>s\u00e4\u00e4dett\u00e4v\u00e4t jalat<\/li>\n<\/ul>\n<p><strong>Kiuas tarvitsee lis\u00e4ksi:<\/strong><\/p>\n<ul>\n<li>60 kg <a href=\"https:\/\/factory.sale\/fi\/tuote\/lammittimen-kivet\/\" target=\"_blank\" rel=\"noopener\">kiuaskivi\u00e4<\/a> (3-5 cm)<\/li>\n<li><a href=\"https:\/\/factory.sale\/fi\/tuote-osasto\/saniteetti\/ohjauspaneeli\/huum-fi-2\/\" target=\"_blank\" rel=\"noopener\">ohjauspaneelin<\/a><\/li>\n<li>l\u00e4mm\u00f6nkest\u00e4v\u00e4n virtajohdon<\/li>\n<\/ul>\n<p><strong>Tekniset tiedot:<\/strong><\/p>\n<ul>\n<li>teho: 3,5 kW<\/li>\n<li>l\u00e4mmitetty huone min.: 3 m\u00b3<\/li>\n<li>l\u00e4mmitetty huone max.: 5 m\u00b3<\/li>\n<li>kivien kapasiteetti: 60 kg<\/li>\n<li>paino: 14,5 kg<\/li>\n<li>korkeus: 975 mm<\/li>\n<li>leveys: 320 mm<\/li>\n<li>syvyys: 150 mm<\/li>\n<\/ul>\n<p><strong>Turvaet\u00e4isyydet:<\/strong><\/p>\n<ul>\n<li>A 50 mm<\/li>\n<li>B 420 mm<\/li>\n<li>C 310 mm<\/li>\n<li>D 160 mm<\/li>\n<li>H 975 mm<\/li>\n<\/ul>\n<p><strong data-start=\"78\" data-end=\"88\">Takuu:<\/strong><\/p>\n<ul>\n<li>kotik\u00e4ytt\u00f6 \u2013 3 vuotta<\/li>\n<li>ammattik\u00e4ytt\u00f6 \u2013 1 vuosi<\/li>\n<\/ul>\n<p>Tarvitsetko varaosia t\u00e4lle kiukaalle? \u2013 L\u00e4het\u00e4 meille s\u00e4hk\u00f6postia. Kaikki muut lis\u00e4varusteet l\u00f6ytyv\u00e4t <a href=\"https:\/\/factory.sale\/fi\/tuote-osasto\/saniteetti\/saunatarvikkeet\/huum-fi-3\/\" target=\"_blank\" rel=\"noopener\">t\u00e4\u00e4lt\u00e4<\/a>.<\/p>\n<p><strong>EAN: 4744103010233<\/strong><\/p>\n<p>&nbsp;<\/p>\n<h2>HUUM STEEL MINI KIVIEN SIJOITUS<\/h2>\n<div class=\"video-wrapper \"><iframe loading=\"lazy\" title=\"HUUM STEEL and STEEL mini stone placement\" width=\"500\" height=\"281\" src=\"https:\/\/www.youtube.com\/embed\/g5r_FBV34KI?feature=oembed\" frameborder=\"0\" allow=\"accelerometer; autoplay; clipboard-write; encrypted-media; gyroscope; picture-in-picture; web-share\" referrerpolicy=\"strict-origin-when-cross-origin\" allowfullscreen><\/iframe><\/div>\n<h2>HUUM STEEL MINI ASENNUS<\/h2>\n<div class=\"video-wrapper \"><iframe loading=\"lazy\" title=\"HUUM STEEL Mini installation for EU\" width=\"500\" height=\"281\" src=\"https:\/\/www.youtube.com\/embed\/LZPfJbd_p5g?feature=oembed\" frameborder=\"0\" allow=\"accelerometer; autoplay; clipboard-write; encrypted-media; gyroscope; picture-in-picture; web-share\" referrerpolicy=\"strict-origin-when-cross-origin\" allowfullscreen><\/iframe><\/div>\n<h2>HUUM SAUNA<\/h2>\n<div class=\"video-wrapper \"><iframe loading=\"lazy\" title=\"Sauna inspiration \u2502 HUUM HIVE Wood \u2502 wood-burning stove\" width=\"500\" height=\"281\" src=\"https:\/\/www.youtube.com\/embed\/s5SwqfqFP9Y?feature=oembed\" frameborder=\"0\" allow=\"accelerometer; autoplay; clipboard-write; encrypted-media; gyroscope; picture-in-picture; web-share\" referrerpolicy=\"strict-origin-when-cross-origin\" allowfullscreen><\/iframe><\/div>\n<p><strong><span style=\"font-size: 18pt;\">MIKSI HUUM?<\/span><\/strong><\/p>\n<div class=\"video-wrapper \"><iframe loading=\"lazy\" title=\"Why HUUM heaters?\" width=\"500\" height=\"281\" src=\"https:\/\/www.youtube.com\/embed\/mstEnCX5Ehs?feature=oembed\" frameborder=\"0\" allow=\"accelerometer; autoplay; clipboard-write; encrypted-media; gyroscope; picture-in-picture; web-share\" referrerpolicy=\"strict-origin-when-cross-origin\" allowfullscreen><\/iframe><\/div>\n","protected":false},"excerpt":{"rendered":"<p>Esittelyss\u00e4 HUUM Steel Mini 4 kW &#8211; t\u00e4ydellinen saunalauteiden l\u00e4mmitin pieneen tilaan!<\/p>\n<ul>\n<li>pienet turvaet\u00e4isyydet<\/li>\n<li>keskell\u00e4 oleva sis\u00e4ilmakanava nopeuttaa l\u00e4mmityst\u00e4 25 %<\/li>\n<li>korkea kivikapasiteetti<\/li>\n<li>ruostumaton ter\u00e4s<\/li>\n<\/ul>\n","protected":false},"featured_media":99960,"comment_status":"open","ping_status":"closed","template":"","meta":{"_acf_changed":false},"factory":[],"free-shipment":[5019],"product_brand":[4433],"product_cat":[858,1121,484],"product_tag":[861,860,859,872],"class_list":{"0":"post-6873","1":"product","2":"type-product","3":"status-publish","4":"has-post-thumbnail","6":"free-shipment-ilmainen-toimitus","7":"product_brand-huum-fi","8":"product_cat-huum-fi","9":"product_cat-saniteetti","10":"product_cat-saunan-kiukaat","11":"product_tag-cliff-fi","12":"product_tag-hive-fi","13":"product_tag-huum-fi","14":"product_tag-steel-fi","16":"first","17":"instock","18":"sale","19":"taxable","20":"shipping-taxable","21":"purchasable","22":"product-type-simple"},"acf":[],"_links":{"self":[{"href":"https:\/\/factory.sale\/fi\/wp-json\/wp\/v2\/product\/6873","targetHints":{"allow":["GET"]}}],"collection":[{"href":"https:\/\/factory.sale\/fi\/wp-json\/wp\/v2\/product"}],"about":[{"href":"https:\/\/factory.sale\/fi\/wp-json\/wp\/v2\/types\/product"}],"replies":[{"embeddable":true,"href":"https:\/\/factory.sale\/fi\/wp-json\/wp\/v2\/comments?post=6873"}],"wp:featuredmedia":[{"embeddable":true,"href":"https:\/\/factory.sale\/fi\/wp-json\/wp\/v2\/media\/99960"}],"wp:attachment":[{"href":"https:\/\/factory.sale\/fi\/wp-json\/wp\/v2\/media?parent=6873"}],"wp:term":[{"taxonomy":"factory","embeddable":true,"href":"https:\/\/factory.sale\/fi\/wp-json\/wp\/v2\/factory?post=6873"},{"taxonomy":"free-shipment","embeddable":true,"href":"https:\/\/factory.sale\/fi\/wp-json\/wp\/v2\/free-shipment?post=6873"},{"taxonomy":"product_brand","embeddable":true,"href":"https:\/\/factory.sale\/fi\/wp-json\/wp\/v2\/product_brand?post=6873"},{"taxonomy":"product_cat","embeddable":true,"href":"https:\/\/factory.sale\/fi\/wp-json\/wp\/v2\/product_cat?post=6873"},{"taxonomy":"product_tag","embeddable":true,"href":"https:\/\/factory.sale\/fi\/wp-json\/wp\/v2\/product_tag?post=6873"}],"curies":[{"name":"wp","href":"https:\/\/api.w.org\/{rel}","templated":true}]}}