{"id":68712,"date":"2024-01-23T16:30:06","date_gmt":"2024-01-23T17:29:15","guid":{"rendered":"https:\/\/factory.sale\/?post_type=product&#038;p=68712"},"modified":"2025-11-28T13:17:44","modified_gmt":"2025-11-28T10:17:44","slug":"helo-sahkokiuas-rondo-65-sis-ra-19","status":"publish","type":"product","link":"https:\/\/factory.sale\/fi\/tuote\/helo-sahkokiuas-rondo-65-sis-ra-19\/","title":{"rendered":"Helo s\u00e4hk\u00f6kiuas Rondo 65 sis. RA 19"},"content":{"rendered":"<p><strong>Tuotekoodi:<\/strong> 002907<\/p>\n<p>Rondo 65 on py\u00f6re\u00e4muotoinen &#8220;valmiiksi k\u00e4ytett\u00e4v\u00e4&#8221; kiuas, joka varaa tehokkaasti l\u00e4mp\u00f6\u00e4. Patentoitu kansi k\u00e4\u00e4ntyy 360 astetta, joten voit k\u00e4ytt\u00e4\u00e4 t\u00e4ysin uusia mahdollisuuksia saunan sisustuksessa. Rondo-s\u00e4hk\u00f6kiukaissa on massiivinen 100 kg:n kivitila, joka tarjoaa pehme\u00e4t ja kosteat l\u00f6ylyt. L\u00e4mp\u00f6\u00e4 varaava Rondo-kiuas tuottaa tasaisen ja tehokkaan l\u00e4mm\u00f6n. Optimoitu eristyskuori s\u00e4ilytt\u00e4\u00e4 tehokkaasti l\u00e4mp\u00f6\u00e4, joten voit nauttia saunasta ilman esil\u00e4mmityst\u00e4. Kiukaan pinta pysyy suhteellisen viile\u00e4n\u00e4, joten kiuas voidaan sijoittaa mihin tahansa saunaan minimaalisella suojaiset\u00e4isyydell\u00e4.<\/p>\n<ul>\n<li>Energiatehokkain vaihtoehto aktiivisille saunojille<\/li>\n<li>Saatavana v\u00e4reiss\u00e4: Grafiitti<\/li>\n<li>RA 19 -ohjausyksikk\u00f6 sis\u00e4ltyy<\/li>\n<li>Eritt\u00e4in tehokkaasti l\u00e4mp\u00f6\u00e4 erist\u00e4v\u00e4 kuori, joka varmistaa, ett\u00e4 h\u00f6yry ja l\u00e4mp\u00f6 pysyv\u00e4t saunassa pitk\u00e4\u00e4n.<\/li>\n<li>L\u00e4mp\u00f6eristyksen ja hiljaisen l\u00e4mm\u00f6n ansiosta kiuas on k\u00e4ytt\u00f6valmis heti l\u00e4mmityksen alkaessa eik\u00e4 vaadi esil\u00e4mmityst\u00e4.<\/li>\n<li>6,5 kW<\/li>\n<li>T\u00e4ydellinen valinta 7-13 kuutiometrin kokoisille saunahuoneille<\/li>\n<\/ul>\n<p>&nbsp;<\/p>\n<p>&nbsp;<\/p>\n<p><strong>Tekniset tiedot:<\/strong><\/p>\n<ul>\n<li>V\u00e4ri: GRAFIITTI<\/li>\n<li>Paino (kg): 43.0<\/li>\n<li>Kivien m\u00e4\u00e4r\u00e4 (kg): 100<\/li>\n<li>Teho (kW): 6,5<\/li>\n<li>Mitat (LxKxS): 500 x 860 x 500<\/li>\n<li>Saunan koko (m\u00b3): 7-13<\/li>\n<li>Turvaet\u00e4isyys, takana: 50<\/li>\n<li>Turvaet\u00e4isyys, yl\u00e4puolella: 1040<\/li>\n<li>Turvaet\u00e4isyys, sivulla: 50<\/li>\n<li>Turvaet\u00e4isyys, edess\u00e4: 50<\/li>\n<\/ul>\n<p>&nbsp;<\/p>\n<p><a href=\"https:\/\/factory.sale\/wp-content\/uploads\/2024\/01\/Rondo-Installation-manual-and-user-guide.pdf\" target=\"_blank\" rel=\"noopener\">Rondo &#8211; ohjeet<\/a><\/p>\n<p><a href=\"https:\/\/factory.sale\/wp-content\/uploads\/2024\/01\/Warranty-policy.pdf\" target=\"_blank\" rel=\"noopener\">Takuu<\/a><\/p>\n","protected":false},"excerpt":{"rendered":"<p>Rondo 65 on py\u00f6re\u00e4muotoinen &#8220;valmiiksi k\u00e4ytett\u00e4v\u00e4&#8221; kiuas, joka varaa tehokkaasti l\u00e4mp\u00f6\u00e4. Patentoitu kansi k\u00e4\u00e4ntyy 360 astetta, joten voit k\u00e4ytt\u00e4\u00e4 t\u00e4ysin uusia mahdollisuuksia saunan sisustuksessa. Rondo-s\u00e4hk\u00f6kiukaissa on massiivinen 100 kg:n kivitila, joka tarjoaa pehme\u00e4t ja kosteat l\u00f6ylyt. L\u00e4mp\u00f6\u00e4 varaava Rondo-kiuas tuottaa tasaisen ja tehokkaan l\u00e4mm\u00f6n. Optimoitu eristyskuori s\u00e4ilytt\u00e4\u00e4 tehokkaasti l\u00e4mp\u00f6\u00e4, joten voit nauttia saunasta ilman esil\u00e4mmityst\u00e4. Kiukaan pinta pysyy suhteellisen viile\u00e4n\u00e4, joten kiuas voidaan sijoittaa mihin tahansa saunaan minimaalisella suojaiset\u00e4isyydell\u00e4.<\/p>\n","protected":false},"featured_media":68658,"comment_status":"open","ping_status":"closed","template":"","meta":{"_acf_changed":false},"factory":[],"free-shipment":[],"product_brand":[],"product_cat":[2639,484],"product_tag":[3162,1153],"class_list":{"0":"post-68712","1":"product","2":"type-product","3":"status-publish","4":"has-post-thumbnail","6":"product_cat-helo-fi","7":"product_cat-saunan-kiukaat","8":"product_tag-electric-heater-fi","9":"product_tag-sahkokiuas","11":"first","12":"instock","13":"sale","14":"taxable","15":"shipping-taxable","16":"purchasable","17":"product-type-simple"},"acf":[],"_links":{"self":[{"href":"https:\/\/factory.sale\/fi\/wp-json\/wp\/v2\/product\/68712","targetHints":{"allow":["GET"]}}],"collection":[{"href":"https:\/\/factory.sale\/fi\/wp-json\/wp\/v2\/product"}],"about":[{"href":"https:\/\/factory.sale\/fi\/wp-json\/wp\/v2\/types\/product"}],"replies":[{"embeddable":true,"href":"https:\/\/factory.sale\/fi\/wp-json\/wp\/v2\/comments?post=68712"}],"wp:featuredmedia":[{"embeddable":true,"href":"https:\/\/factory.sale\/fi\/wp-json\/wp\/v2\/media\/68658"}],"wp:attachment":[{"href":"https:\/\/factory.sale\/fi\/wp-json\/wp\/v2\/media?parent=68712"}],"wp:term":[{"taxonomy":"factory","embeddable":true,"href":"https:\/\/factory.sale\/fi\/wp-json\/wp\/v2\/factory?post=68712"},{"taxonomy":"free-shipment","embeddable":true,"href":"https:\/\/factory.sale\/fi\/wp-json\/wp\/v2\/free-shipment?post=68712"},{"taxonomy":"product_brand","embeddable":true,"href":"https:\/\/factory.sale\/fi\/wp-json\/wp\/v2\/product_brand?post=68712"},{"taxonomy":"product_cat","embeddable":true,"href":"https:\/\/factory.sale\/fi\/wp-json\/wp\/v2\/product_cat?post=68712"},{"taxonomy":"product_tag","embeddable":true,"href":"https:\/\/factory.sale\/fi\/wp-json\/wp\/v2\/product_tag?post=68712"}],"curies":[{"name":"wp","href":"https:\/\/api.w.org\/{rel}","templated":true}]}}