{"id":6869,"date":"2021-03-30T12:23:28","date_gmt":"2021-03-30T12:23:28","guid":{"rendered":"https:\/\/factory.sale\/product\/huum-hive-wood-heater\/"},"modified":"2026-03-05T16:45:52","modified_gmt":"2026-03-05T13:45:52","slug":"puulammitin-huum-hive-wood-13-kw","status":"publish","type":"product","link":"https:\/\/factory.sale\/fi\/tuote\/puulammitin-huum-hive-wood-13-kw\/","title":{"rendered":"Puukiuas HUUM HIVE Wood 13 kw"},"content":{"rendered":"<h2><span style=\"font-size: 14pt;\">Puukiuas HUUM HIVE Wood 13 kw<\/span><\/h2>\n<p>HUUM HIVE Wood -puukiuas on varma ja tyylik\u00e4s valinta, kun arvostat perinteisen saunan yksinkertaisuutta tai saunahuoneessasi ei ole s\u00e4hk\u00f6kytkent\u00e4\u00e4. Kiukaan pohjoismainen, rauhallinen muotoilu korostaa kivien luonnollista kauneutta. HUUM HIVE Wood on sek\u00e4 tehokas ett\u00e4 kest\u00e4v\u00e4. Suuri kivim\u00e4\u00e4r\u00e4 takaa pitk\u00e4\u00e4n kest\u00e4v\u00e4n ja lempe\u00e4n l\u00f6ylyn. Tuli on voimakasta ja palaminen tehokasta. Kiukaan sis\u00e4ll\u00e4 oleva liekins\u00e4\u00e4t\u00e4j\u00e4 on valmistettu 5 mm ter\u00e4ksest\u00e4 ja kest\u00e4\u00e4 korkeimmatkin l\u00e4mp\u00f6tilat. Lis\u00e4ksi kiuaskivien alle voidaan asentaa l\u00e4mm\u00f6nvaihdin veden l\u00e4mmitt\u00e4miseksi puun palamisen aikana. El\u00e4v\u00e4 tuli ja puun r\u00e4tin\u00e4 takassa luovat viihtyis\u00e4n tunnelman ja auttavat sinua irtautumaan arjen kiireist\u00e4.<\/p>\n<p>Suosittelemme asentamaan kiukaaseen suojakaiteen!<\/p>\n<p>Oikean kokoinen kiuas = t\u00e4ydellinen sauna! K\u00e4yt\u00e4 <a href=\"https:\/\/huum.eu\/calculator\/\" target=\"_blank\" rel=\"noopener\">saunalaskuriamme<\/a> l\u00f6yt\u00e4\u00e4ksesi ihanteellisen tehon.<\/p>\n<p>&nbsp;<\/p>\n<p><strong>Pakkaus sis\u00e4lt\u00e4\u00e4:<\/strong><\/p>\n<ul>\n<li>puul\u00e4mmitteinen kiuas<\/li>\n<\/ul>\n<p><strong>Kiuas tarvitsee lis\u00e4ksi:<\/strong><\/p>\n<ul>\n<li>90 kg <a href=\"https:\/\/factory.sale\/fi\/tuote\/lammittimen-kivet\/\" target=\"_blank\" rel=\"noopener\">kiuaskivi\u00e4<\/a> (5-10 cm)<\/li>\n<li>Liit\u00e4nt\u00e4 savupiippuun<\/li>\n<\/ul>\n<p><strong>Tekniset tiedot:<\/strong><\/p>\n<ul>\n<li>teho: 13 kW<\/li>\n<li>l\u00e4mmitetty huone min.: 6 m\u00b3<\/li>\n<li>l\u00e4mmitetty huone max.: 13 m\u00b3<\/li>\n<li>kivien kapasiteetti: ~90 kg<\/li>\n<li>paino: 47 kg<\/li>\n<li>korkeus: 750 mm<\/li>\n<li>leveys: 450 mm<\/li>\n<li>syvyys: 460 mm<\/li>\n<li>polttopuun pituus: 300 mm<\/li>\n<li>savuluukun kalkaisija: 115 mm<\/li>\n<\/ul>\n<p><strong>Puul\u00e4mmittimen turvaet\u00e4isyydet:<\/strong><\/p>\n<ul>\n<li>A: 190 mm<\/li>\n<li>B: 250 mm<\/li>\n<li>C: 900 mm<\/li>\n<li>D: 425 mm<\/li>\n<li>E: 5 mm<\/li>\n<li>F: 460 mm<\/li>\n<li>G: 240 mm<\/li>\n<li>\u00d8: 450 mm<\/li>\n<\/ul>\n<p><strong data-start=\"78\" data-end=\"88\">Takuu:<\/strong><\/p>\n<ul>\n<li>kotik\u00e4ytt\u00f6 \u2013 3 vuotta<\/li>\n<li>ammattik\u00e4ytt\u00f6 \u2013 1 vuosi<\/li>\n<\/ul>\n<p>Tarvitsetko varaosia t\u00e4lle kiukaalle? \u2013 L\u00e4het\u00e4 meille s\u00e4hk\u00f6postia. Kaikki muut lis\u00e4varusteet l\u00f6ytyv\u00e4t <a href=\"https:\/\/factory.sale\/fi\/tuote-osasto\/saniteetti\/saunatarvikkeet\/huum-fi-3\/\" target=\"_blank\" rel=\"noopener\">t\u00e4\u00e4lt\u00e4<\/a>.<\/p>\n<p>HUOM! Savupiippusarjat voi ostaa erikseen &#8211; <a href=\"https:\/\/factory.sale\/fi\/tuote-osasto\/saniteetti\/saunatarvikkeet\/piippusetit\/\" target=\"_blank\" rel=\"noopener\">l\u00f6yd\u00e4t ne t\u00e4\u00e4lt\u00e4<\/a><\/p>\n<p><strong>EAN: 4744103015139<\/strong><\/p>\n<p>&nbsp;<\/p>\n<h2>HUUM HIVE HEAT WOOD KIVIEN SIJOITUS<\/h2>\n<div class=\"video-wrapper \"><iframe loading=\"lazy\" title=\"HUUM HIVE Wood and Heat stone placement\" width=\"500\" height=\"281\" src=\"https:\/\/www.youtube.com\/embed\/6TlsxBdrBZw?feature=oembed\" frameborder=\"0\" allow=\"accelerometer; autoplay; clipboard-write; encrypted-media; gyroscope; picture-in-picture; web-share\" referrerpolicy=\"strict-origin-when-cross-origin\" allowfullscreen><\/iframe><\/div>\n<h2>HUUM SAUNA<\/h2>\n<div class=\"video-wrapper \"><iframe loading=\"lazy\" title=\"HUUM Sauna\" width=\"500\" height=\"281\" src=\"https:\/\/www.youtube.com\/embed\/iwtstDYE1Do?feature=oembed\" frameborder=\"0\" allow=\"accelerometer; autoplay; clipboard-write; encrypted-media; gyroscope; picture-in-picture; web-share\" referrerpolicy=\"strict-origin-when-cross-origin\" allowfullscreen><\/iframe><\/div>\n<h2>MIKSI HUUM?<\/h2>\n<div class=\"video-wrapper \"><iframe loading=\"lazy\" title=\"Why HUUM heaters?\" width=\"500\" height=\"281\" src=\"https:\/\/www.youtube.com\/embed\/mstEnCX5Ehs?feature=oembed\" frameborder=\"0\" allow=\"accelerometer; autoplay; clipboard-write; encrypted-media; gyroscope; picture-in-picture; web-share\" referrerpolicy=\"strict-origin-when-cross-origin\" allowfullscreen><\/iframe><\/div>\n","protected":false},"excerpt":{"rendered":"<p>HUUM HIVE Wood on vienyt kiukaiden rakentamisen muinaisen viisauden uudelle tasolle. Puul\u00e4mmitteisen kiukaan herkin komponentti, liekkisuoja on valmistettu 5 mm paksusta ruostumattomasta ter\u00e4ksest\u00e4 ja on siksi poikkeuksellisen kest\u00e4v\u00e4. HIVE Wood on saatavana my\u00f6s tulipes\u00e4laajennuksella, jonka avulla voit l\u00e4mmitt\u00e4\u00e4 saunan toisesta huoneesta.<\/p>\n<ul>\n<li>ruostumaton ter\u00e4s<\/li>\n<li>korkea kivikapasiteetti<\/li>\n<\/ul>\n","protected":false},"featured_media":133242,"comment_status":"open","ping_status":"closed","template":"","meta":{"_acf_changed":false},"factory":[],"free-shipment":[5019],"product_brand":[4433],"product_cat":[858,1121],"product_tag":[861,860,871,859,872],"class_list":{"0":"post-6869","1":"product","2":"type-product","3":"status-publish","4":"has-post-thumbnail","6":"free-shipment-ilmainen-toimitus","7":"product_brand-huum-fi","8":"product_cat-huum-fi","9":"product_cat-saniteetti","10":"product_tag-cliff-fi","11":"product_tag-hive-fi","12":"product_tag-hive-wood-fi","13":"product_tag-huum-fi","14":"product_tag-steel-fi","16":"first","17":"instock","18":"sale","19":"taxable","20":"shipping-taxable","21":"purchasable","22":"product-type-simple"},"acf":[],"_links":{"self":[{"href":"https:\/\/factory.sale\/fi\/wp-json\/wp\/v2\/product\/6869","targetHints":{"allow":["GET"]}}],"collection":[{"href":"https:\/\/factory.sale\/fi\/wp-json\/wp\/v2\/product"}],"about":[{"href":"https:\/\/factory.sale\/fi\/wp-json\/wp\/v2\/types\/product"}],"replies":[{"embeddable":true,"href":"https:\/\/factory.sale\/fi\/wp-json\/wp\/v2\/comments?post=6869"}],"wp:featuredmedia":[{"embeddable":true,"href":"https:\/\/factory.sale\/fi\/wp-json\/wp\/v2\/media\/133242"}],"wp:attachment":[{"href":"https:\/\/factory.sale\/fi\/wp-json\/wp\/v2\/media?parent=6869"}],"wp:term":[{"taxonomy":"factory","embeddable":true,"href":"https:\/\/factory.sale\/fi\/wp-json\/wp\/v2\/factory?post=6869"},{"taxonomy":"free-shipment","embeddable":true,"href":"https:\/\/factory.sale\/fi\/wp-json\/wp\/v2\/free-shipment?post=6869"},{"taxonomy":"product_brand","embeddable":true,"href":"https:\/\/factory.sale\/fi\/wp-json\/wp\/v2\/product_brand?post=6869"},{"taxonomy":"product_cat","embeddable":true,"href":"https:\/\/factory.sale\/fi\/wp-json\/wp\/v2\/product_cat?post=6869"},{"taxonomy":"product_tag","embeddable":true,"href":"https:\/\/factory.sale\/fi\/wp-json\/wp\/v2\/product_tag?post=6869"}],"curies":[{"name":"wp","href":"https:\/\/api.w.org\/{rel}","templated":true}]}}