{"id":6854,"date":"2025-09-23T11:53:56","date_gmt":"2021-03-23T11:53:56","guid":{"rendered":"https:\/\/factory.sale\/product\/huum-drop-heater\/"},"modified":"2026-04-09T20:56:59","modified_gmt":"2026-04-09T17:56:59","slug":"sahkokiuas-huum-drop-4-5-kw","status":"publish","type":"product","link":"https:\/\/factory.sale\/fi\/tuote\/sahkokiuas-huum-drop-4-5-kw\/","title":{"rendered":"S\u00e4hk\u00f6kiuas HUUM DROP 4 + ILMAISET kiuaskivet!"},"content":{"rendered":"<p>HUUM DROP-s\u00e4hk\u00f6kiuas on saanut inspiraationsa luonnon puhtaimmasta elementist\u00e4 \u2013 vesipisarasta. Arvostetulla Red Dot 2015 -muotoilupalkinnolla palkittu kiuas erottuu kaarevilla muodoillaan, jotka pehment\u00e4v\u00e4t saunan sisustusta ja tuovat l\u00f6ylyhuoneeseen eleganssia. Ulkon\u00e4\u00f6n lis\u00e4ksi DROP-kiukaassa on monia muita erinomaisia ominaisuuksia. Kompaktiin sein\u00e4\u00e4n asennettavaan kiukaaseen mahtuu jopa 55 kg kivi\u00e4, mik\u00e4 ylitt\u00e4\u00e4 useimmat puukiukaat, ja takaa lempe\u00e4n ja pitk\u00e4kestoisen l\u00f6ylyn. Ruostumattomasta ter\u00e4ksest\u00e4 valmistetut osat varmistavat kiukaan kest\u00e4vyyden ja pitk\u00e4n k\u00e4ytt\u00f6i\u00e4n. DROP on tyylik\u00e4s ja tehokas s\u00e4hk\u00f6kiuas, joka tarjoaa miellytt\u00e4v\u00e4n saunael\u00e4myksen ja toimii katseenvangitsijana jokaisessa saunassa.<\/p>\n<p>Suosittelemme asentamaan kiukaaseen suojakaiteen, jotta saunassa olisi turvallisempaa ja mukavampaa. T\u00e4h\u00e4n soveltuu joko HUUMin suojakaide tai mittatilausty\u00f6n\u00e4 valmistettu suojakaide.<\/p>\n<p>Oikean kokoinen kiuas = t\u00e4ydellinen sauna! K\u00e4yt\u00e4 <a href=\"https:\/\/huum.eu\/calculator\/\" target=\"_blank\" rel=\"noopener\">saunalaskuriamme<\/a> l\u00f6yt\u00e4\u00e4ksesi ihanteellisen tehon.<\/p>\n<p>&nbsp;<\/p>\n<p><strong>Pakkaus sis\u00e4lt\u00e4\u00e4:<\/strong><\/p>\n<ul>\n<li>s\u00e4hk\u00f6kiuas<\/li>\n<li>sein\u00e4teline<\/li>\n<\/ul>\n<p><strong>Kiuas tarvitsee lis\u00e4ksi:<\/strong><\/p>\n<ul>\n<li>55 kg <a href=\"https:\/\/factory.sale\/fi\/tuote\/lammittimen-kivet\/\" target=\"_blank\" rel=\"noopener\">kiuaskivi\u00e4<\/a> (5-10 cm)<\/li>\n<li><a href=\"https:\/\/factory.sale\/fi\/tuote-osasto\/saniteetti\/ohjauspaneeli\/huum-fi-2\/\" target=\"_blank\" rel=\"noopener\">ohjauspaneelin<\/a><\/li>\n<li>l\u00e4mm\u00f6nkest\u00e4v\u00e4n virtajohdon<\/li>\n<\/ul>\n<p><strong>Tekniset tiedot:<\/strong><\/p>\n<ul>\n<li>teho: 4,5 kW<\/li>\n<li>l\u00e4mmitetty huone min.: 3 m\u00b3<\/li>\n<li>l\u00e4mmitetty huone max.: 7 m\u00b3<\/li>\n<li>kivien kapasiteetti: 55 kg<\/li>\n<li>paino: 11 kg<\/li>\n<li>korkeus: 590 mm<\/li>\n<li>leveys: 390 mm<\/li>\n<li>syvyys: 335 mm<\/li>\n<\/ul>\n<p><strong>Turvaet\u00e4isyydet:<\/strong><\/p>\n<ul>\n<li>A 100 mm<\/li>\n<li>B 590 mm<\/li>\n<li>C 435 mm<\/li>\n<li>D 170 mm<\/li>\n<li>E min. 310 mm<\/li>\n<\/ul>\n<p><strong data-start=\"78\" data-end=\"88\">Takuu:<\/strong><\/p>\n<ul>\n<li>kotik\u00e4ytt\u00f6 \u2013 3 vuotta<\/li>\n<li>ammattik\u00e4ytt\u00f6 \u2013 1 vuosi<\/li>\n<\/ul>\n<p>Tarvitsetko varaosia t\u00e4lle kiukaalle? \u2013 L\u00e4het\u00e4 meille s\u00e4hk\u00f6postia. Kaikki muut lis\u00e4varusteet l\u00f6ytyv\u00e4t <a href=\"https:\/\/factory.sale\/fi\/tuote-osasto\/saniteetti\/saunatarvikkeet\/huum-fi-3\/\" target=\"_blank\" rel=\"noopener\">t\u00e4\u00e4lt\u00e4<\/a>.<\/p>\n<p><strong>EAN: 4744103010622<\/strong><\/p>\n<p>&nbsp;<\/p>\n<div>\n<h2>HUUM DROP KIVIEN SIJOITUS<\/h2>\n<div class=\"video-wrapper \"><iframe loading=\"lazy\" title=\"HUUM DROP stone placement\" width=\"500\" height=\"281\" src=\"https:\/\/www.youtube.com\/embed\/JfjHE9vosF8?feature=oembed\" frameborder=\"0\" allow=\"accelerometer; autoplay; clipboard-write; encrypted-media; gyroscope; picture-in-picture; web-share\" referrerpolicy=\"strict-origin-when-cross-origin\" allowfullscreen><\/iframe><\/div>\n<h2>HUUM DROP OHJEET<\/h2>\n<div class=\"video-wrapper \"><iframe loading=\"lazy\" title=\"DROP installation\" width=\"500\" height=\"281\" src=\"https:\/\/www.youtube.com\/embed\/XOvYxiIffyA?feature=oembed\" frameborder=\"0\" allow=\"accelerometer; autoplay; clipboard-write; encrypted-media; gyroscope; picture-in-picture; web-share\" referrerpolicy=\"strict-origin-when-cross-origin\" allowfullscreen><\/iframe><\/div>\n<p><strong><span style=\"font-size: 18pt;\">MIKSI HUUM?<\/span><\/strong><\/p>\n<div class=\"video-wrapper \"><iframe loading=\"lazy\" title=\"Why HUUM heaters?\" width=\"500\" height=\"281\" src=\"https:\/\/www.youtube.com\/embed\/mstEnCX5Ehs?feature=oembed\" frameborder=\"0\" allow=\"accelerometer; autoplay; clipboard-write; encrypted-media; gyroscope; picture-in-picture; web-share\" referrerpolicy=\"strict-origin-when-cross-origin\" allowfullscreen><\/iframe><\/div>\n<\/div>\n","protected":false},"excerpt":{"rendered":"<p>HUUM DROP 4 -s\u00e4hk\u00f6kiuas on saanut inspiraationsa vesipisarasta. S\u00e4hk\u00f6kiukaan orgaaninen ja minimalistinen muotoilu tekee saunastasi elegantin ja modernin. T\u00e4st\u00e4 kiukaasta tulee ep\u00e4ilem\u00e4tt\u00e4 saunasi elegantein osa, joka her\u00e4tt\u00e4\u00e4 kaikkien saunan k\u00e4ytt\u00e4jien huomion ja kehut.<\/p>\n<ul>\n<li>ruostumaton ter\u00e4s<\/li>\n<li>suuri kivitilavuus<\/li>\n<\/ul>\n","protected":false},"featured_media":99992,"comment_status":"open","ping_status":"closed","template":"","meta":{"_acf_changed":false},"factory":[],"free-shipment":[5019],"product_brand":[4433],"product_cat":[858,1121],"product_tag":[4826,3162,859,4971,2106],"class_list":{"0":"post-6854","1":"product","2":"type-product","3":"status-publish","4":"has-post-thumbnail","6":"free-shipment-ilmainen-toimitus","7":"product_brand-huum-fi","8":"product_cat-huum-fi","9":"product_cat-saniteetti","10":"product_tag-4-5-kw-fi","11":"product_tag-electric-heater-fi","12":"product_tag-huum-fi","13":"product_tag-huum-drop-fi","14":"product_tag-sauna-fi","16":"first","17":"instock","18":"sale","19":"taxable","20":"shipping-taxable","21":"purchasable","22":"product-type-simple"},"acf":[],"_links":{"self":[{"href":"https:\/\/factory.sale\/fi\/wp-json\/wp\/v2\/product\/6854","targetHints":{"allow":["GET"]}}],"collection":[{"href":"https:\/\/factory.sale\/fi\/wp-json\/wp\/v2\/product"}],"about":[{"href":"https:\/\/factory.sale\/fi\/wp-json\/wp\/v2\/types\/product"}],"replies":[{"embeddable":true,"href":"https:\/\/factory.sale\/fi\/wp-json\/wp\/v2\/comments?post=6854"}],"wp:featuredmedia":[{"embeddable":true,"href":"https:\/\/factory.sale\/fi\/wp-json\/wp\/v2\/media\/99992"}],"wp:attachment":[{"href":"https:\/\/factory.sale\/fi\/wp-json\/wp\/v2\/media?parent=6854"}],"wp:term":[{"taxonomy":"factory","embeddable":true,"href":"https:\/\/factory.sale\/fi\/wp-json\/wp\/v2\/factory?post=6854"},{"taxonomy":"free-shipment","embeddable":true,"href":"https:\/\/factory.sale\/fi\/wp-json\/wp\/v2\/free-shipment?post=6854"},{"taxonomy":"product_brand","embeddable":true,"href":"https:\/\/factory.sale\/fi\/wp-json\/wp\/v2\/product_brand?post=6854"},{"taxonomy":"product_cat","embeddable":true,"href":"https:\/\/factory.sale\/fi\/wp-json\/wp\/v2\/product_cat?post=6854"},{"taxonomy":"product_tag","embeddable":true,"href":"https:\/\/factory.sale\/fi\/wp-json\/wp\/v2\/product_tag?post=6854"}],"curies":[{"name":"wp","href":"https:\/\/api.w.org\/{rel}","templated":true}]}}