{"id":68227,"date":"2024-01-22T21:41:10","date_gmt":"2024-01-22T21:51:45","guid":{"rendered":"https:\/\/factory.sale\/?post_type=product&#038;p=68227"},"modified":"2025-11-28T13:17:45","modified_gmt":"2025-11-28T10:17:45","slug":"helo-sahkokiuas-cup-45-stj-grafiitti","status":"publish","type":"product","link":"https:\/\/factory.sale\/fi\/tuote\/helo-sahkokiuas-cup-45-stj-grafiitti\/","title":{"rendered":"Helo s\u00e4hk\u00f6kiuas Cup 45 STJ grafiitti"},"content":{"rendered":"<p><strong>Tuotekoodi:<\/strong> 004706<\/p>\n<p>&nbsp;<\/p>\n<p>Sein\u00e4\u00e4n kiinnitett\u00e4v\u00e4 Cup-s\u00e4hk\u00f6kiuas on todellinen s\u00e4hk\u00f6kiukaiden klassikko. Sen pitk\u00e4aikaisen suosion salaisuus on ajaton ulkon\u00e4k\u00f6, kest\u00e4vyys ja helppok\u00e4ytt\u00f6isyys. Perustoimintojensa ansiosta se on ihanteellinen valinta pienille ja keskikokoisille saunatiloille. STJ-mallissa on integroidut s\u00e4\u00e4timet. Ajastin 9 tunnin esivalinta-alueella ja 0-3 tunnin l\u00e4mmitysaika.<\/p>\n<ul>\n<li>Kompaktin kokoinen kiuas, joka l\u00e4mmitt\u00e4\u00e4 saunatilan nopeasti<\/li>\n<li>4,5kW<\/li>\n<li>T\u00e4ydellinen valinta 3-6 kuutiometrin kokoisille saunahuoneille<\/li>\n<\/ul>\n<p>&nbsp;<\/p>\n<p>&nbsp;<\/p>\n<p><strong>Tekniset tiedot:<\/strong><\/p>\n<ul>\n<li>V\u00e4ri: Grafiitti<\/li>\n<li>Paino (kg): 10,5<\/li>\n<li>Kivien m\u00e4\u00e4r\u00e4 (kg): 15<\/li>\n<li>Teho (kW): 4,5<\/li>\n<li>Mitat (LxKxS): 410 x 580 x 280<\/li>\n<li>Saunan koko (m\u00b3): 3-6<\/li>\n<li>Turvaet\u00e4isyys, takana: 0<\/li>\n<li>Turvaet\u00e4isyys, yl\u00e4puolella: 1200<\/li>\n<li>Turvaet\u00e4isyys, sivulla: 50<\/li>\n<li>Turvaet\u00e4isyys, edess\u00e4: 80<\/li>\n<\/ul>\n<p>&nbsp;<\/p>\n<p><a href=\"https:\/\/factory.sale\/wp-content\/uploads\/2024\/01\/Cup-STJ-Installation-manual-and-user-guide.pdf\" target=\"_blank\" rel=\"noopener\">Cup STJ &#8211; ohjeet<\/a><\/p>\n<p><a href=\"https:\/\/factory.sale\/wp-content\/uploads\/2024\/01\/Warranty-policy.pdf\" target=\"_blank\" rel=\"noopener\">Takuu<\/a><\/p>\n","protected":false},"excerpt":{"rendered":"<p>Sein\u00e4\u00e4n kiinnitett\u00e4v\u00e4 Cup-s\u00e4hk\u00f6kiuas on todellinen s\u00e4hk\u00f6kiukaiden klassikko. Sen pitk\u00e4aikaisen suosion salaisuus on ajaton ulkon\u00e4k\u00f6, kest\u00e4vyys ja helppok\u00e4ytt\u00f6isyys. Perustoimintojensa ansiosta se on ihanteellinen valinta pienille ja keskikokoisille saunatiloille. STJ-mallissa on integroidut s\u00e4\u00e4timet. Ajastin 9 tunnin esivalinta-alueella ja 0-3 tunnin l\u00e4mmitysaika.<\/p>\n","protected":false},"featured_media":68217,"comment_status":"open","ping_status":"closed","template":"","meta":{"_acf_changed":false},"factory":[],"free-shipment":[],"product_brand":[],"product_cat":[2639,484],"product_tag":[3162,1153,2106],"class_list":{"0":"post-68227","1":"product","2":"type-product","3":"status-publish","4":"has-post-thumbnail","6":"product_cat-helo-fi","7":"product_cat-saunan-kiukaat","8":"product_tag-electric-heater-fi","9":"product_tag-sahkokiuas","10":"product_tag-sauna-fi","12":"first","13":"instock","14":"sale","15":"taxable","16":"shipping-taxable","17":"purchasable","18":"product-type-simple"},"acf":[],"_links":{"self":[{"href":"https:\/\/factory.sale\/fi\/wp-json\/wp\/v2\/product\/68227","targetHints":{"allow":["GET"]}}],"collection":[{"href":"https:\/\/factory.sale\/fi\/wp-json\/wp\/v2\/product"}],"about":[{"href":"https:\/\/factory.sale\/fi\/wp-json\/wp\/v2\/types\/product"}],"replies":[{"embeddable":true,"href":"https:\/\/factory.sale\/fi\/wp-json\/wp\/v2\/comments?post=68227"}],"wp:featuredmedia":[{"embeddable":true,"href":"https:\/\/factory.sale\/fi\/wp-json\/wp\/v2\/media\/68217"}],"wp:attachment":[{"href":"https:\/\/factory.sale\/fi\/wp-json\/wp\/v2\/media?parent=68227"}],"wp:term":[{"taxonomy":"factory","embeddable":true,"href":"https:\/\/factory.sale\/fi\/wp-json\/wp\/v2\/factory?post=68227"},{"taxonomy":"free-shipment","embeddable":true,"href":"https:\/\/factory.sale\/fi\/wp-json\/wp\/v2\/free-shipment?post=68227"},{"taxonomy":"product_brand","embeddable":true,"href":"https:\/\/factory.sale\/fi\/wp-json\/wp\/v2\/product_brand?post=68227"},{"taxonomy":"product_cat","embeddable":true,"href":"https:\/\/factory.sale\/fi\/wp-json\/wp\/v2\/product_cat?post=68227"},{"taxonomy":"product_tag","embeddable":true,"href":"https:\/\/factory.sale\/fi\/wp-json\/wp\/v2\/product_tag?post=68227"}],"curies":[{"name":"wp","href":"https:\/\/api.w.org\/{rel}","templated":true}]}}