{"id":65992,"date":"2024-01-19T09:28:06","date_gmt":"2024-01-19T09:45:43","guid":{"rendered":"https:\/\/factory.sale\/?post_type=product&#038;p=65992"},"modified":"2025-11-28T13:18:41","modified_gmt":"2025-11-28T10:18:41","slug":"helo-ohjauspaneeli-elite-free","status":"publish","type":"product","link":"https:\/\/factory.sale\/fi\/tuote\/helo-ohjauspaneeli-elite-free\/","title":{"rendered":"Helo ohjauspaneeli Elite Free"},"content":{"rendered":"<p><strong>Tuotekoodi:<\/strong> 72005030<\/p>\n<p>&nbsp;<\/p>\n<p>&nbsp;<\/p>\n<p>Uusi Elite Free -ohjauspaneeli on p\u00e4ivitetty pilvipohjaisella toiminnallisuudella, joka mahdollistaa saunan ohjauksen mist\u00e4 tahansa, milloin tahansa. Monipuolinen Elite Free -ohjauspaneeli on tarkoitettu sek\u00e4 saunoille ett\u00e4 h\u00f6yryhuoneille, ja se sis\u00e4lt\u00e4\u00e4 edistyneit\u00e4 ominaisuuksia. Elite Freen voi ohjelmoida yksil\u00f6llisesti oman aikataulusi mukaan, ja se tarjoaa eritt\u00e4in henkil\u00f6kohtaisia asetuksia. Voit lis\u00e4t\u00e4 ominaisuuksia, kuten apupuhaltimia, tuoksunpumppuja (h\u00f6yrygeneraattoreita) tai valoja \u2013 Elite Free -ohjauspaneeli hallitsee kaiken selke\u00e4sti ja tarkasti. 4,5 tuuman kosketusn\u00e4ytt\u00f6 tarjoaa reaaliaikaisen tilanteen jokaisesta saunan ja h\u00f6yrykylpyl\u00e4n osa-alueesta. Paneelissa on energians\u00e4\u00e4st\u00f6toimintoja. Lataa Helo Control\u2122 -sovellus App-storesta ja Google Playsta tai k\u00e4yt\u00e4 PC-ohjelmaa. Helo Control \u2122 -sovelluksen avulla voit ohjata saunan ja h\u00f6yrygeneraattorin toimintoja mist\u00e4 tahansa, milloin tahansa. Olitpa sitten palaamassa suksilta palellen tai ajamassa kotiin pitk\u00e4n ja v\u00e4sytt\u00e4v\u00e4n ty\u00f6p\u00e4iv\u00e4n j\u00e4lkeen. Mik\u00e4 olisikaan parempaa kuin esil\u00e4mmitetty sauna kotiin saapuessasi? Elite Free -ohjauspaneelin ja Helo Control \u2122 -sovelluksen avulla kaikki t\u00e4m\u00e4 on mahdollista.<\/p>\n<p>&nbsp;<\/p>\n<p><strong>YHTEENSOPIVUUS<\/strong><\/p>\n<p>Elite Free on yhteensopiva kaikkien h\u00f6yrygeneraattorien ja niiden s\u00e4hk\u00f6kiukaiden kanssa, joiden mukana Elite Free on toimitettu. T\u00e4ll\u00f6in Elite Free -ohjauspaneelia tulisi pit\u00e4\u00e4 varaosana.<\/p>\n<p>&nbsp;<\/p>\n<p><strong>Elite Free on yhteensopiva seuraavien kiukaiden kanssa:<\/strong><\/p>\n<p>Himalaya 70 WT Elite Helo-WT<br \/>\nHimalaya 105 WT Elite Helo-WT<br \/>\nRocher 70 Elite<br \/>\nRocher 105 Elite<br \/>\nRoxx 60 Elite Helo-WT<br \/>\nRoxx 90 Elite Helo-WT<\/p>\n<p>&nbsp;<\/p>\n<p><strong>Sein\u00e4kiinnitteiset D-kiukaat WE40-kontaktorilaatikon kanssa Elite Free on my\u00f6s yhteensopiva seuraavien kiuas + kontaktorilaatikko -yhdistelmien kanssa:<\/strong><\/p>\n<p>Laava (Elite Free + WE40 kontaktorilaatikko)<br \/>\nMagma (Elite Free + WE50 kontaktorilaatikko)<br \/>\nSKLE (Elite Free + WE40 kontaktorilaatikko)<br \/>\nSKLA (Elite Free + WE50 kontaktorilaatikko)<\/p>\n<p>&nbsp;<\/p>\n<p>\u2022 Helo Control -sovelluksen avulla hallitset aina tilannetta. Olitpa sitten lukemassa lempituolissasi tai leikkaamassa nurmikkoa takapihalla.<\/p>\n<p>\u2022 Ohjaa saunasi ja h\u00f6yrytoimintoja paikallisen WiFi-verkon kautta. K\u00e4yt\u00e4 t\u00e4ydellist\u00e4 joustavuutta varten tietokonetta tai mobiililaitetta.<\/p>\n<p>\u2022 Suosittelemme asentamaan ohjauspaneelin saunan ulkopuolelle alhaisempien l\u00e4mp\u00f6tilojen vuoksi. Jos ohjauspaneeli asennetaan saunan sis\u00e4tiloihin, varmista, ett\u00e4 l\u00e4mp\u00f6tila pysyy aina alle 80 asteen (\u00b0C).<\/p>\n<p>&nbsp;<\/p>\n<p><strong>Tekniset tiedot:<\/strong><\/p>\n<ul>\n<li>V\u00e4ri: Musta<\/li>\n<li>Paino (kg): 0.41<\/li>\n<li>Mitat (LxKxS): 85 x 127 x 14<\/li>\n<\/ul>\n<p>&nbsp;<\/p>\n<p>&nbsp;<\/p>\n<p><a href=\"https:\/\/factory.sale\/wp-content\/uploads\/2024\/01\/Elite-Free-Installation-manual-and-user-guide.pdf\" target=\"_blank\" rel=\"noopener\">Elite Free &#8211; ohjeet<\/a><\/p>\n<p><a href=\"https:\/\/factory.sale\/wp-content\/uploads\/2024\/01\/Warranty-policy.pdf\" target=\"_blank\" rel=\"noopener\">Takuu<\/a><\/p>\n","protected":false},"excerpt":{"rendered":"<p>Uusi Elite Free -ohjauspaneeli on p\u00e4ivitetty pilvipohjaisella toiminnallisuudella, joka mahdollistaa saunan ohjauksen mist\u00e4 tahansa, milloin tahansa. Monipuolinen Elite Free -ohjauspaneeli on tarkoitettu sek\u00e4 saunoille ett\u00e4 h\u00f6yryhuoneille, ja se sis\u00e4lt\u00e4\u00e4 edistyneit\u00e4 ominaisuuksia. Elite Freen voi ohjelmoida yksil\u00f6llisesti oman aikataulusi mukaan, ja se tarjoaa eritt\u00e4in henkil\u00f6kohtaisia asetuksia. Voit lis\u00e4t\u00e4 ominaisuuksia, kuten apupuhaltimia, tuoksunpumppuja (h\u00f6yrygeneraattoreita) tai valoja \u2013 Elite Free -ohjauspaneeli hallitsee kaiken selke\u00e4sti ja tarkasti.<\/p>\n","protected":false},"featured_media":65979,"comment_status":"open","ping_status":"closed","template":"","meta":{"_acf_changed":false},"factory":[],"free-shipment":[],"product_brand":[],"product_cat":[1346],"product_tag":[2106],"class_list":{"0":"post-65992","1":"product","2":"type-product","3":"status-publish","4":"has-post-thumbnail","6":"product_cat-ohjauspaneeli","7":"product_tag-sauna-fi","9":"first","10":"instock","11":"sale","12":"taxable","13":"shipping-taxable","14":"purchasable","15":"product-type-simple"},"acf":[],"_links":{"self":[{"href":"https:\/\/factory.sale\/fi\/wp-json\/wp\/v2\/product\/65992","targetHints":{"allow":["GET"]}}],"collection":[{"href":"https:\/\/factory.sale\/fi\/wp-json\/wp\/v2\/product"}],"about":[{"href":"https:\/\/factory.sale\/fi\/wp-json\/wp\/v2\/types\/product"}],"replies":[{"embeddable":true,"href":"https:\/\/factory.sale\/fi\/wp-json\/wp\/v2\/comments?post=65992"}],"wp:featuredmedia":[{"embeddable":true,"href":"https:\/\/factory.sale\/fi\/wp-json\/wp\/v2\/media\/65979"}],"wp:attachment":[{"href":"https:\/\/factory.sale\/fi\/wp-json\/wp\/v2\/media?parent=65992"}],"wp:term":[{"taxonomy":"factory","embeddable":true,"href":"https:\/\/factory.sale\/fi\/wp-json\/wp\/v2\/factory?post=65992"},{"taxonomy":"free-shipment","embeddable":true,"href":"https:\/\/factory.sale\/fi\/wp-json\/wp\/v2\/free-shipment?post=65992"},{"taxonomy":"product_brand","embeddable":true,"href":"https:\/\/factory.sale\/fi\/wp-json\/wp\/v2\/product_brand?post=65992"},{"taxonomy":"product_cat","embeddable":true,"href":"https:\/\/factory.sale\/fi\/wp-json\/wp\/v2\/product_cat?post=65992"},{"taxonomy":"product_tag","embeddable":true,"href":"https:\/\/factory.sale\/fi\/wp-json\/wp\/v2\/product_tag?post=65992"}],"curies":[{"name":"wp","href":"https:\/\/api.w.org\/{rel}","templated":true}]}}