{"id":65968,"date":"2024-01-19T09:12:44","date_gmt":"2024-01-19T09:21:33","guid":{"rendered":"https:\/\/factory.sale\/?post_type=product&#038;p=65968"},"modified":"2025-11-28T13:18:41","modified_gmt":"2025-11-28T10:18:41","slug":"helo-ohjauspaneelin-pure","status":"publish","type":"product","link":"https:\/\/factory.sale\/fi\/tuote\/helo-ohjauspaneelin-pure\/","title":{"rendered":"Helo ohjauspaneelin Pure"},"content":{"rendered":"<p><strong>Tuotekoodi:<\/strong> 72001420<\/p>\n<p>&nbsp;<\/p>\n<p>Pure-ohjauspaneelin elegantti ja kompakti muotoilu tekee siit\u00e4 ensisijaisen valinnan niille, jotka arvostavat toiminnallisuutta ja yksinkertaisuutta. Ohut musta ohjauspaneeli mahdollistaa valaistuksen, l\u00e4mp\u00f6tilan ja saunan ajan s\u00e4\u00e4t\u00e4misen vain muutamalla kosketuksella. Tietysti alkamisajan valitseminen jopa kymmenen tuntia etuk\u00e4teen tarkoittaa, ett\u00e4 voit astua ihanaan kuumaan saunaan tai h\u00f6yryyn heti kotiin p\u00e4\u00e4sty\u00e4si. Suosittelemme asentamaan ohjauspaneelin saunan ulkopuolelle matalamman l\u00e4mp\u00f6tilan vuoksi. Jos ohjauspaneeli sijoitetaan saunan sis\u00e4tiloihin, varmista, ett\u00e4 l\u00e4mp\u00f6tila pysyy aina alle 80 asteen.<\/p>\n<p>&nbsp;<\/p>\n<p><strong>Tekniset tiedot:<\/strong><\/p>\n<ul>\n<li>V\u00e4ri: Musta<\/li>\n<li>Paino (kg): 0.23<\/li>\n<li>Mitat (LxKxS): 85 x 127 x 14<\/li>\n<\/ul>\n<p>&nbsp;<\/p>\n<p>&nbsp;<\/p>\n<p><a href=\"https:\/\/factory.sale\/wp-content\/uploads\/2024\/01\/Pure-Installation-manual-and-user-guide-1.pdf\" target=\"_blank\" rel=\"noopener\">Pure &#8211; Ohjeet<\/a><\/p>\n<p><a href=\"https:\/\/factory.sale\/wp-content\/uploads\/2024\/01\/Warranty-policy.pdf\" target=\"_blank\" rel=\"noopener\">Takuu<\/a><\/p>\n","protected":false},"excerpt":{"rendered":"<p>Pure-ohjauspaneelin elegantti ja kompakti muotoilu tekee siit\u00e4 ensisijaisen valinnan niille, jotka arvostavat toiminnallisuutta ja yksinkertaisuutta. Ohut musta ohjauspaneeli mahdollistaa valaistuksen, l\u00e4mp\u00f6tilan ja saunan ajan s\u00e4\u00e4t\u00e4misen vain muutamalla kosketuksella. Tietysti alkamisajan valitseminen jopa kymmenen tuntia etuk\u00e4teen tarkoittaa, ett\u00e4 voit astua ihanaan kuumaan saunaan tai h\u00f6yryyn heti kotiin p\u00e4\u00e4sty\u00e4si. Suosittelemme asentamaan ohjauspaneelin saunan ulkopuolelle matalamman l\u00e4mp\u00f6tilan vuoksi. Jos ohjauspaneeli sijoitetaan saunan sis\u00e4tiloihin, varmista, ett\u00e4 l\u00e4mp\u00f6tila pysyy aina alle 80 asteen.<\/p>\n","protected":false},"featured_media":65961,"comment_status":"open","ping_status":"closed","template":"","meta":{"_acf_changed":false},"factory":[],"free-shipment":[],"product_brand":[],"product_cat":[1346],"product_tag":[2106],"class_list":{"0":"post-65968","1":"product","2":"type-product","3":"status-publish","4":"has-post-thumbnail","6":"product_cat-ohjauspaneeli","7":"product_tag-sauna-fi","9":"first","10":"instock","11":"sale","12":"taxable","13":"shipping-taxable","14":"purchasable","15":"product-type-simple"},"acf":[],"_links":{"self":[{"href":"https:\/\/factory.sale\/fi\/wp-json\/wp\/v2\/product\/65968","targetHints":{"allow":["GET"]}}],"collection":[{"href":"https:\/\/factory.sale\/fi\/wp-json\/wp\/v2\/product"}],"about":[{"href":"https:\/\/factory.sale\/fi\/wp-json\/wp\/v2\/types\/product"}],"replies":[{"embeddable":true,"href":"https:\/\/factory.sale\/fi\/wp-json\/wp\/v2\/comments?post=65968"}],"wp:featuredmedia":[{"embeddable":true,"href":"https:\/\/factory.sale\/fi\/wp-json\/wp\/v2\/media\/65961"}],"wp:attachment":[{"href":"https:\/\/factory.sale\/fi\/wp-json\/wp\/v2\/media?parent=65968"}],"wp:term":[{"taxonomy":"factory","embeddable":true,"href":"https:\/\/factory.sale\/fi\/wp-json\/wp\/v2\/factory?post=65968"},{"taxonomy":"free-shipment","embeddable":true,"href":"https:\/\/factory.sale\/fi\/wp-json\/wp\/v2\/free-shipment?post=65968"},{"taxonomy":"product_brand","embeddable":true,"href":"https:\/\/factory.sale\/fi\/wp-json\/wp\/v2\/product_brand?post=65968"},{"taxonomy":"product_cat","embeddable":true,"href":"https:\/\/factory.sale\/fi\/wp-json\/wp\/v2\/product_cat?post=65968"},{"taxonomy":"product_tag","embeddable":true,"href":"https:\/\/factory.sale\/fi\/wp-json\/wp\/v2\/product_tag?post=65968"}],"curies":[{"name":"wp","href":"https:\/\/api.w.org\/{rel}","templated":true}]}}