{"id":64679,"date":"2024-01-17T10:35:08","date_gmt":"2024-01-17T10:41:20","guid":{"rendered":"https:\/\/factory.sale\/?post_type=product&#038;p=64679"},"modified":"2024-06-27T07:48:47","modified_gmt":"2024-06-27T07:48:47","slug":"ritila-42x49-cm-ruostumaton-teras","status":"publish","type":"product","link":"https:\/\/factory.sale\/fi\/tuote\/ritila-42x49-cm-ruostumaton-teras\/","title":{"rendered":"Ritil\u00e4 42\u00d749 cm (ruostumaton ter\u00e4s)"},"content":{"rendered":"<p><strong>Tuotekoodi:<\/strong> 21701130<\/p>\n<p>&nbsp;<\/p>\n<p><strong>Ritil\u00e4 soveltuu k\u00e4ytett\u00e4v\u00e4ksi:<\/strong><\/p>\n<ul>\n<li><a href=\"https:\/\/factory.sale\/fi\/tuote\/kuumasavustusuuni-iso\/\" target=\"_blank\" rel=\"noopener\">Suuren kuumsavustusuunin kanssa<\/a><\/li>\n<li><a href=\"https:\/\/factory.sale\/fi\/tuote\/kylmasavustusuuni-iso\/\" target=\"_blank\" rel=\"noopener\">Suuren kylm\u00e4savustusuunin kanssa<\/a><\/li>\n<\/ul>\n<p>&nbsp;<\/p>\n<p>&nbsp;<\/p>\n<p><strong>Tuotetiedot:<\/strong><\/p>\n<ul>\n<li>Paino: 0.9 kg<\/li>\n<li>Mitat: 42\u00d749 cm<\/li>\n<li>Materiaali: ruostumaton ter\u00e4s<\/li>\n<\/ul>\n","protected":false},"excerpt":{"rendered":"<p><strong>Ritil\u00e4 soveltuu k\u00e4ytett\u00e4v\u00e4ksi:<\/strong><\/p>\n<ul>\n<li><a href=\"https:\/\/factory.sale\/fi\/tuote\/kuumasavustusuuni-iso\/\" target=\"_blank\" rel=\"noopener\">Suuren kuumsavustusuunin kanssa<\/a><\/li>\n<li><a href=\"https:\/\/factory.sale\/fi\/tuote\/kylmasavustusuuni-iso\/\" target=\"_blank\" rel=\"noopener\">Suuren kylm\u00e4savustusuunin kanssa<\/a><\/li>\n<\/ul>\n","protected":false},"featured_media":64658,"comment_status":"open","ping_status":"closed","template":"","meta":{"_acf_changed":false},"factory":[],"free-shipment":[],"product_brand":[],"product_cat":[2754,997],"product_tag":[2228],"class_list":{"0":"post-64679","1":"product","2":"type-product","3":"status-publish","4":"has-post-thumbnail","6":"product_cat-grillit-ja-uunit","7":"product_cat-piha-puutarha-fi","8":"product_tag-stainless-steel-fi","10":"first","11":"instock","12":"sale","13":"taxable","14":"shipping-taxable","15":"purchasable","16":"product-type-simple"},"acf":[],"_links":{"self":[{"href":"https:\/\/factory.sale\/fi\/wp-json\/wp\/v2\/product\/64679","targetHints":{"allow":["GET"]}}],"collection":[{"href":"https:\/\/factory.sale\/fi\/wp-json\/wp\/v2\/product"}],"about":[{"href":"https:\/\/factory.sale\/fi\/wp-json\/wp\/v2\/types\/product"}],"replies":[{"embeddable":true,"href":"https:\/\/factory.sale\/fi\/wp-json\/wp\/v2\/comments?post=64679"}],"wp:featuredmedia":[{"embeddable":true,"href":"https:\/\/factory.sale\/fi\/wp-json\/wp\/v2\/media\/64658"}],"wp:attachment":[{"href":"https:\/\/factory.sale\/fi\/wp-json\/wp\/v2\/media?parent=64679"}],"wp:term":[{"taxonomy":"factory","embeddable":true,"href":"https:\/\/factory.sale\/fi\/wp-json\/wp\/v2\/factory?post=64679"},{"taxonomy":"free-shipment","embeddable":true,"href":"https:\/\/factory.sale\/fi\/wp-json\/wp\/v2\/free-shipment?post=64679"},{"taxonomy":"product_brand","embeddable":true,"href":"https:\/\/factory.sale\/fi\/wp-json\/wp\/v2\/product_brand?post=64679"},{"taxonomy":"product_cat","embeddable":true,"href":"https:\/\/factory.sale\/fi\/wp-json\/wp\/v2\/product_cat?post=64679"},{"taxonomy":"product_tag","embeddable":true,"href":"https:\/\/factory.sale\/fi\/wp-json\/wp\/v2\/product_tag?post=64679"}],"curies":[{"name":"wp","href":"https:\/\/api.w.org\/{rel}","templated":true}]}}