{"id":64663,"date":"2024-01-17T09:57:17","date_gmt":"2024-01-17T10:17:37","guid":{"rendered":"https:\/\/factory.sale\/?post_type=product&#038;p=64663"},"modified":"2024-06-25T19:12:23","modified_gmt":"2024-06-25T19:12:23","slug":"ritila-39x365-cm-ruostumaton-teras","status":"publish","type":"product","link":"https:\/\/factory.sale\/fi\/tuote\/ritila-39x365-cm-ruostumaton-teras\/","title":{"rendered":"Ritil\u00e4 39\u00d736,5 cm (ruostumaton ter\u00e4s)"},"content":{"rendered":"<p><strong>Tuotekoodi:<\/strong> 21701120<\/p>\n<p>&nbsp;<\/p>\n<p><strong>Ritil\u00e4 soveltuu k\u00e4ytett\u00e4v\u00e4ksi:<\/strong><\/p>\n<ul>\n<li><a href=\"https:\/\/factory.sale\/fi\/tuote\/stoveman-grilli-profi\/\" target=\"_blank\" rel=\"noopener\">Stoveman grilliin PROFI<\/a><\/li>\n<li><a href=\"https:\/\/factory.sale\/fi\/tuote\/tulisija-verkolla\/\" target=\"_blank\" rel=\"noopener\">Stoveman tulisijaan<\/a><\/li>\n<li><a href=\"https:\/\/factory.sale\/fi\/tuote\/stovemanin-tulisija-profi\/\" target=\"_blank\" rel=\"noopener\">Stoveman tulisijaan PROFI<\/a><\/li>\n<li><a href=\"https:\/\/factory.sale\/fi\/tuote\/kuumasavustusuuni-iso\/\" target=\"_blank\" rel=\"noopener\">Pieniin kuumsavustusuuneihin<\/a><\/li>\n<li><a href=\"https:\/\/factory.sale\/fi\/tuote\/kylmasavustusuuni-pieni\/\" target=\"_blank\" rel=\"noopener\">Pieniin kylm\u00e4savustusuuneihin<\/a><\/li>\n<\/ul>\n<p>&nbsp;<\/p>\n<p><strong>Tuotetiedot:<\/strong><\/p>\n<ul>\n<li>Paino: 0.4 kg<\/li>\n<li>Mitat: 39 \u00d7 36,5 cm<\/li>\n<li>Materiaali: ruostumaton ter\u00e4s<\/li>\n<\/ul>\n","protected":false},"excerpt":{"rendered":"<p><strong>Ritil\u00e4 soveltuu k\u00e4ytett\u00e4v\u00e4ksi:<\/strong><\/p>\n<ul>\n<li><a href=\"https:\/\/factory.sale\/fi\/tuote\/stoveman-grilli-profi\/\" target=\"_blank\" rel=\"noopener\">Stoveman grilliin PROFI<\/a><\/li>\n<li><a href=\"https:\/\/factory.sale\/fi\/tuote\/tulisija-verkolla\/\" target=\"_blank\" rel=\"noopener\">Stoveman tulisijaan<\/a><\/li>\n<li><a href=\"https:\/\/factory.sale\/fi\/tuote\/stovemanin-tulisija-profi\/\" target=\"_blank\" rel=\"noopener\">Stoveman tulisijaan PROFI<\/a><\/li>\n<li><a href=\"https:\/\/factory.sale\/fi\/tuote\/kuumasavustusuuni-iso\/\" target=\"_blank\" rel=\"noopener\">Pieniin kuumsavustusuuneihin<\/a><\/li>\n<li><a href=\"https:\/\/factory.sale\/fi\/tuote\/kylmasavustusuuni-pieni\/\" target=\"_blank\" rel=\"noopener\">Pieniin kylm\u00e4savustusuuneihin<\/a><\/li>\n<\/ul>\n<p>&nbsp;<\/p>\n","protected":false},"featured_media":64658,"comment_status":"open","ping_status":"closed","template":"","meta":{"_acf_changed":false},"factory":[],"free-shipment":[],"product_brand":[],"product_cat":[2754,997],"product_tag":[],"class_list":{"0":"post-64663","1":"product","2":"type-product","3":"status-publish","4":"has-post-thumbnail","6":"product_cat-grillit-ja-uunit","7":"product_cat-piha-puutarha-fi","9":"first","10":"instock","11":"sale","12":"taxable","13":"shipping-taxable","14":"purchasable","15":"product-type-simple"},"acf":[],"_links":{"self":[{"href":"https:\/\/factory.sale\/fi\/wp-json\/wp\/v2\/product\/64663","targetHints":{"allow":["GET"]}}],"collection":[{"href":"https:\/\/factory.sale\/fi\/wp-json\/wp\/v2\/product"}],"about":[{"href":"https:\/\/factory.sale\/fi\/wp-json\/wp\/v2\/types\/product"}],"replies":[{"embeddable":true,"href":"https:\/\/factory.sale\/fi\/wp-json\/wp\/v2\/comments?post=64663"}],"wp:featuredmedia":[{"embeddable":true,"href":"https:\/\/factory.sale\/fi\/wp-json\/wp\/v2\/media\/64658"}],"wp:attachment":[{"href":"https:\/\/factory.sale\/fi\/wp-json\/wp\/v2\/media?parent=64663"}],"wp:term":[{"taxonomy":"factory","embeddable":true,"href":"https:\/\/factory.sale\/fi\/wp-json\/wp\/v2\/factory?post=64663"},{"taxonomy":"free-shipment","embeddable":true,"href":"https:\/\/factory.sale\/fi\/wp-json\/wp\/v2\/free-shipment?post=64663"},{"taxonomy":"product_brand","embeddable":true,"href":"https:\/\/factory.sale\/fi\/wp-json\/wp\/v2\/product_brand?post=64663"},{"taxonomy":"product_cat","embeddable":true,"href":"https:\/\/factory.sale\/fi\/wp-json\/wp\/v2\/product_cat?post=64663"},{"taxonomy":"product_tag","embeddable":true,"href":"https:\/\/factory.sale\/fi\/wp-json\/wp\/v2\/product_tag?post=64663"}],"curies":[{"name":"wp","href":"https:\/\/api.w.org\/{rel}","templated":true}]}}