{"id":64608,"date":"2024-01-17T09:12:40","date_gmt":"2024-01-17T09:18:43","guid":{"rendered":"https:\/\/factory.sale\/?post_type=product&#038;p=64608"},"modified":"2024-06-27T13:49:06","modified_gmt":"2024-06-27T13:49:06","slug":"grillivartaat-5-kpl","status":"publish","type":"product","link":"https:\/\/factory.sale\/fi\/tuote\/grillivartaat-5-kpl\/","title":{"rendered":"Grillivartaat 5 kpl"},"content":{"rendered":"<p><strong>Tuotekoodi:<\/strong> 12120065<\/p>\n<p>&nbsp;<\/p>\n<ul>\n<li>Pituus: 53 cm<\/li>\n<li>Pakkauksen mitat: 53 \u00d7 1 \u00d7 1 cm (P\/L\/K)<\/li>\n<li>Paino: 1 kg<\/li>\n<\/ul>\n","protected":false},"excerpt":{"rendered":"<p>N\u00e4m\u00e4 53 cm pitk\u00e4t grillivartaat ovat t\u00e4ydellisi\u00e4 herkullisten vartaiden, vihannesten tai lihan valmistamiseen vaivattomasti. Valmistettu korkealaatuisista materiaaleista, ne ovat kest\u00e4vi\u00e4, helppoja puhdistaa ja suunniteltu tasaiseen kypsennykseen. Olitpa j\u00e4rjest\u00e4m\u00e4ss\u00e4 takapihan grillijuhlaa tai nauttimassa perheillallista, grillivartamme ovat ihanteellinen ty\u00f6kalu suussa sulavien makujen vaivattomaan tarjoiluun.<\/p>\n","protected":false},"featured_media":64603,"comment_status":"open","ping_status":"closed","template":"","meta":{"_acf_changed":false},"factory":[],"free-shipment":[],"product_brand":[],"product_cat":[2754,997],"product_tag":[1489],"class_list":{"0":"post-64608","1":"product","2":"type-product","3":"status-publish","4":"has-post-thumbnail","6":"product_cat-grillit-ja-uunit","7":"product_cat-piha-puutarha-fi","8":"product_tag-yard-fi","10":"first","11":"instock","12":"sale","13":"taxable","14":"shipping-taxable","15":"purchasable","16":"product-type-simple"},"acf":[],"_links":{"self":[{"href":"https:\/\/factory.sale\/fi\/wp-json\/wp\/v2\/product\/64608","targetHints":{"allow":["GET"]}}],"collection":[{"href":"https:\/\/factory.sale\/fi\/wp-json\/wp\/v2\/product"}],"about":[{"href":"https:\/\/factory.sale\/fi\/wp-json\/wp\/v2\/types\/product"}],"replies":[{"embeddable":true,"href":"https:\/\/factory.sale\/fi\/wp-json\/wp\/v2\/comments?post=64608"}],"wp:featuredmedia":[{"embeddable":true,"href":"https:\/\/factory.sale\/fi\/wp-json\/wp\/v2\/media\/64603"}],"wp:attachment":[{"href":"https:\/\/factory.sale\/fi\/wp-json\/wp\/v2\/media?parent=64608"}],"wp:term":[{"taxonomy":"factory","embeddable":true,"href":"https:\/\/factory.sale\/fi\/wp-json\/wp\/v2\/factory?post=64608"},{"taxonomy":"free-shipment","embeddable":true,"href":"https:\/\/factory.sale\/fi\/wp-json\/wp\/v2\/free-shipment?post=64608"},{"taxonomy":"product_brand","embeddable":true,"href":"https:\/\/factory.sale\/fi\/wp-json\/wp\/v2\/product_brand?post=64608"},{"taxonomy":"product_cat","embeddable":true,"href":"https:\/\/factory.sale\/fi\/wp-json\/wp\/v2\/product_cat?post=64608"},{"taxonomy":"product_tag","embeddable":true,"href":"https:\/\/factory.sale\/fi\/wp-json\/wp\/v2\/product_tag?post=64608"}],"curies":[{"name":"wp","href":"https:\/\/api.w.org\/{rel}","templated":true}]}}